{"id":8,"date":"2017-02-15T15:41:19","date_gmt":"2017-02-15T14:41:19","guid":{"rendered":"http:\/\/hhconsultingtest.free.fr\/?page_id=8"},"modified":"2020-02-27T18:09:32","modified_gmt":"2020-02-27T17:09:32","slug":"historique","status":"publish","type":"page","link":"http:\/\/www.hydroservice.fr\/?page_id=8","title":{"rendered":"Historique"},"content":{"rendered":"<p>En 1984, Jean-Philippe Henry cr\u00e9e \u00e0 Limoges une entreprise de connectique hydraulique, la soci\u00e9t\u00e9 <strong>HYDRO SERVICE<\/strong>.<\/p>\n<p>L\u2019ann\u00e9e suivante, HYDRO SERVICE se d\u00e9veloppe et propose des composants hydrauliques. Un accord est notamment sign\u00e9 avec <a href=\"http:\/\/www.hydroservice.fr\/?page_id=1522\"><strong>PALL<\/strong><\/a>, le leader mondial de la filtration.<\/p>\n<p>C\u2019est en 1986, que la soci\u00e9t\u00e9 change de nom et devient HYDRO SERVICE CONCEPT. Elle propose notamment l\u2019\u00e9tude et la fabrication de machines hydrauliques et signe un accord de partenariat avec la soci\u00e9t\u00e9 <a href=\"http:\/\/www.hydroservice.fr\/?page_id=1393\"><strong>REXROTH<\/strong><\/a>, du groupe BOSCH, un des principaux acteurs en composants hydrauliques.<\/p>\n<p>En 1987, HYDRO SERVICE CONCEPT ouvre sa premi\u00e8re agence \u00e0 <strong>Ch\u00e2tellerault<\/strong> pour couvrir le d\u00e9partement de la Vienne.<\/p>\n<p>Afin d\u2019assurer son d\u00e9veloppement et devenir un v\u00e9ritable sp\u00e9cialiste des fluides, HYDRO SERVICE CONCEPT poursuit sa politique de partenariat avec les marques les plus importantes du march\u00e9. HYDRO SERVICE CONCEPT devient successivement distributeur <strong>BURKERT<\/strong> (Electrovannes, Vannes de process, Instrumentation, Solution en r\u00e9gulation des fluides) en 1996, FESTO (composants pneumatiques) en 2003, <strong>OLAER<\/strong> (Accumulateurs) en 2010,\u00a0<strong><a href=\"http:\/\/www.hydroservice.fr\/?page_id=1425\">AVENTICS<\/a>\u00a0<\/strong>(composants pneumatiques) en 2016, <strong>UNIL OPAL<\/strong> (huile et lubrifiants) en 2017.<\/p>\n<p>Aujourd\u2019hui HYDRO SERVICE CONCEPT est reconnu, dans son domaine d\u2019activit\u00e9, comme un leader incontournable sur la r\u00e9gion Limousin-Poitou-Charentes.<\/p>\n<p><strong>Son activit\u00e9 s\u2019articule autour de quatre\u00a0axes<\/strong> :<\/p>\n<ul>\n<li>Le <strong>n\u00e9goce<\/strong> en composants <a href=\"http:\/\/www.hydroservice.fr\/?page_id=23\"><strong>hydrauliques et connectiques agricole<\/strong><\/a> pour les engins mobile sur sa r\u00e9gion mais \u00e9galement le grand sud de la France<\/li>\n<li>Le <strong>n\u00e9goce<\/strong> de composants <strong>hydrauliques<\/strong> et <a href=\"http:\/\/www.hydroservice.fr\/?page_id=41\"><strong>pneumatiques<\/strong><\/a> de tous les fluides <strong>industriels<\/strong><\/li>\n<li>Une activit\u00e9 de <a href=\"http:\/\/www.hydroservice.fr\/?page_id=487\"><strong>conception de\u00a0machine syst\u00e8me<\/strong><\/a>. Pour mener \u00e0 bien cette mission, HYDRO SERVICE CONCEPT peut s\u2019appuyer sur un <strong>bureau d\u2019\u00e9tude<\/strong> tout fluide et un <strong>atelier de fabrication<\/strong>. Ce dernier cr\u00e9e des machines simples ou totalement automatis\u00e9es et r\u00e9alise des chantiers de d\u00e9pannage ou de maintenance proactive sur site.<\/li>\n<li>Une activit\u00e9 de <a href=\"http:\/\/www.hydroservice.fr\/?page_id=49\"><strong>Maintenance<\/strong><\/a> des syst\u00e8mes hydrauliques et pneumatiques, avec son<strong>\u00a0laboratoire local d&rsquo;analyse<\/strong> des fluides, les <strong>audits<\/strong> de <strong>centrale<\/strong> hydraulique, la gestion des <strong>accumulateurs<\/strong>, les audits de <strong>fuite<\/strong> <strong>d&rsquo;air comprim\u00e9, <\/strong>ses<strong>\u00a0outils de traitements\/d\u00e9pollution <\/strong>des fluides\u00a0et les contrats de maintenance.<\/li>\n<\/ul>\n<p>&nbsp;<\/p>\n","protected":false},"excerpt":{"rendered":"<p>En 1984, Jean-Philippe Henry cr\u00e9e \u00e0 Limoges une entreprise de connectique hydraulique, la soci\u00e9t\u00e9 HYDRO SERVICE. L\u2019ann\u00e9e suivante, HYDRO SERVICE se d\u00e9veloppe et propose des composants hydrauliques. Un accord est notamment sign\u00e9 avec PALL, le leader mondial de la filtration. [&hellip;]<\/p>\n","protected":false},"author":1,"featured_media":0,"parent":542,"menu_order":0,"comment_status":"closed","ping_status":"closed","template":"","meta":{"footnotes":""},"_links":{"self":[{"href":"http:\/\/www.hydroservice.fr\/index.php?rest_route=\/wp\/v2\/pages\/8"}],"collection":[{"href":"http:\/\/www.hydroservice.fr\/index.php?rest_route=\/wp\/v2\/pages"}],"about":[{"href":"http:\/\/www.hydroservice.fr\/index.php?rest_route=\/wp\/v2\/types\/page"}],"author":[{"embeddable":true,"href":"http:\/\/www.hydroservice.fr\/index.php?rest_route=\/wp\/v2\/users\/1"}],"replies":[{"embeddable":true,"href":"http:\/\/www.hydroservice.fr\/index.php?rest_route=%2Fwp%2Fv2%2Fcomments&post=8"}],"version-history":[{"count":0,"href":"http:\/\/www.hydroservice.fr\/index.php?rest_route=\/wp\/v2\/pages\/8\/revisions"}],"up":[{"embeddable":true,"href":"http:\/\/www.hydroservice.fr\/index.php?rest_route=\/wp\/v2\/pages\/542"}],"wp:attachment":[{"href":"http:\/\/www.hydroservice.fr\/index.php?rest_route=%2Fwp%2Fv2%2Fmedia&parent=8"}],"curies":[{"name":"wp","href":"https:\/\/api.w.org\/{rel}","templated":true}]}}