{"id":542,"date":"2017-04-18T13:44:52","date_gmt":"2017-04-18T12:44:52","guid":{"rendered":"http:\/\/www.hydroservice.fr\/?page_id=542"},"modified":"2018-05-01T17:28:19","modified_gmt":"2018-05-01T16:28:19","slug":"presentation-hsc","status":"publish","type":"page","link":"http:\/\/www.hydroservice.fr\/?page_id=542","title":{"rendered":"Pr\u00e9sentation HSC"},"content":{"rendered":"<p>Hydro Service Concept (HSC) base son d\u00e9veloppement sur des <a href=\"http:\/\/www.hydroservice.fr\/?page_id=323\"><strong>accords de partenariat<\/strong><\/a> avec des soci\u00e9t\u00e9s leaders dans leurs domaines d\u2019activit\u00e9 : <strong>Pall<\/strong> (filtration), <strong>Rexroth<\/strong> (composants hydrauliques), <strong>Burkert<\/strong> (Electrovannes, Vannes de process, Instrumentation, Solution en r\u00e9gulation des fluides), <strong>Aventics\u00a0<\/strong>(composants pneumatiques), <strong>HydroLeduc<\/strong> (accumulateurs), <strong>Parker <\/strong>(connectique et composants hydrauliques)<strong>, Unil Opal <\/strong>(Huile et lubrifiants), <strong>Eaton<\/strong> (connectique et composants hydrauliques)\u2026<\/p>\n<p>Hydro Service Concept propose donc \u00e0 ses clients type &lsquo;<strong>Mobile<\/strong>&lsquo; (Agricole, Travaux Publics) et <strong>Industriels<\/strong>, une large gamme de composants hydrauliques et pneumatiques des plus grandes marques du march\u00e9.<\/p>\n<p>Hydro Service Concept soutient \u00e9galement les <strong>projets industriels,<\/strong> avec une activit\u00e9 de conseil, conception et fabrication et de maintenance. Les \u00e9quipes d&rsquo;Hydro Service Concept s&rsquo;appuient sur un <strong>bureau d&rsquo;\u00e9tudes tous fluides<\/strong>,\u00a0un <strong>laboratoire<\/strong> d&rsquo;analyse et un <strong>atelier de fabrication<\/strong>. Cette infrastructure permet la cr\u00e9ation de syst\u00e8mes simples ou automatis\u00e9es, et la r\u00e9alisation de chantiers de d\u00e9pannage ou de maintenance proactive sur site.<\/p>\n<p>Ces derni\u00e8res ann\u00e9es Hydro Service Concept a d\u00e9velopp\u00e9 une <strong>expertise<\/strong> <strong>technologique pointue<\/strong> dans le domaine de la <strong>d\u00e9pollution des huiles hydrauliques<\/strong> et propose donc des offres de d\u00e9pollution afin de <strong>r\u00e9duire<\/strong> les co\u00fbts\u00a0<strong>d&rsquo;approvisionnement<\/strong> en huile et de <strong>maintenance<\/strong> des installations hydrauliques.<\/p>\n<p>Hydro Service Concept, en quelques chiffres c&rsquo;est:<\/p>\n<ul>\n<li><strong>+ de 30000\u00a0<\/strong>r\u00e9f\u00e9rences au catalogue dont <strong>+ de 8000\u00a0<\/strong>en stock<\/li>\n<li><strong>+ de 1000\u00a0<\/strong>clients r\u00e9partis dans toute la France<\/li>\n<li><strong>18<\/strong>\u00a0collaborateurs, dont <strong>6<\/strong>\u00a0attach\u00e9s commerciaux itin\u00e9rants.<\/li>\n<li><strong>2<\/strong> agences (Limoges et\u00a0Chatellerault)<\/li>\n<li><strong>+ de 15\u00a0<\/strong>partenariats de distributions<\/li>\n<li><b>3,6<\/b> Millions d&rsquo;euros de Chiffres d&rsquo;Affaires<\/li>\n<li><strong>80<\/strong>\u00a0exp\u00e9ditions par jour<\/li>\n<\/ul>\n","protected":false},"excerpt":{"rendered":"<p>Hydro Service Concept (HSC) base son d\u00e9veloppement sur des accords de partenariat avec des soci\u00e9t\u00e9s leaders dans leurs domaines d\u2019activit\u00e9 : Pall (filtration), Rexroth (composants hydrauliques), Burkert (Electrovannes, Vannes de process, Instrumentation, Solution en r\u00e9gulation des fluides), Aventics\u00a0(composants pneumatiques), HydroLeduc [&hellip;]<\/p>\n","protected":false},"author":1,"featured_media":0,"parent":0,"menu_order":0,"comment_status":"closed","ping_status":"closed","template":"page-templates\/page_fullwidth.php","meta":{"footnotes":""},"_links":{"self":[{"href":"http:\/\/www.hydroservice.fr\/index.php?rest_route=\/wp\/v2\/pages\/542"}],"collection":[{"href":"http:\/\/www.hydroservice.fr\/index.php?rest_route=\/wp\/v2\/pages"}],"about":[{"href":"http:\/\/www.hydroservice.fr\/index.php?rest_route=\/wp\/v2\/types\/page"}],"author":[{"embeddable":true,"href":"http:\/\/www.hydroservice.fr\/index.php?rest_route=\/wp\/v2\/users\/1"}],"replies":[{"embeddable":true,"href":"http:\/\/www.hydroservice.fr\/index.php?rest_route=%2Fwp%2Fv2%2Fcomments&post=542"}],"version-history":[{"count":0,"href":"http:\/\/www.hydroservice.fr\/index.php?rest_route=\/wp\/v2\/pages\/542\/revisions"}],"wp:attachment":[{"href":"http:\/\/www.hydroservice.fr\/index.php?rest_route=%2Fwp%2Fv2%2Fmedia&parent=542"}],"curies":[{"name":"wp","href":"https:\/\/api.w.org\/{rel}","templated":true}]}}