{"id":52,"date":"2017-02-15T16:42:08","date_gmt":"2017-02-15T15:42:08","guid":{"rendered":"http:\/\/hhconsultingtest.free.fr\/?page_id=52"},"modified":"2020-03-05T22:44:26","modified_gmt":"2020-03-05T21:44:26","slug":"contact","status":"publish","type":"page","link":"http:\/\/www.hydroservice.fr\/?page_id=52","title":{"rendered":"Contact"},"content":{"rendered":"<p style=\"text-align: center;\">Toute notre \u00e9quipe est \u00e0 votre disposition pour tout renseignement:<\/p>\n<h3 style=\"text-align: center;\"><span style=\"color: #339966;\"><b>Agence<\/b> <b>Limoges (Si\u00e8ge)<\/b><\/span><\/h3>\n<h3 style=\"text-align: center;\"><span style=\"color: #339966;\"><b><img loading=\"lazy\" decoding=\"async\" class=\"aligncenter wp-image-811 size-full\" src=\"http:\/\/www.hydroservice.fr\/wp-content\/uploads\/HSC-Limoges.png\" width=\"908\" height=\"434\" srcset=\"http:\/\/www.hydroservice.fr\/wp-content\/uploads\/HSC-Limoges.png 908w, http:\/\/www.hydroservice.fr\/wp-content\/uploads\/HSC-Limoges-300x143.png 300w, http:\/\/www.hydroservice.fr\/wp-content\/uploads\/HSC-Limoges-768x367.png 768w, http:\/\/www.hydroservice.fr\/wp-content\/uploads\/HSC-Limoges-700x335.png 700w, http:\/\/www.hydroservice.fr\/wp-content\/uploads\/HSC-Limoges-520x249.png 520w, http:\/\/www.hydroservice.fr\/wp-content\/uploads\/HSC-Limoges-360x172.png 360w, http:\/\/www.hydroservice.fr\/wp-content\/uploads\/HSC-Limoges-250x119.png 250w, http:\/\/www.hydroservice.fr\/wp-content\/uploads\/HSC-Limoges-100x48.png 100w\" sizes=\"(max-width: 908px) 100vw, 908px\" \/><\/b><\/span><\/h3>\n<p style=\"text-align: center;\">Hydro Service Concept<\/p>\n<p style=\"text-align: center;\"><span style=\"font-weight: 400;\">24 Avenue D&rsquo;ariane<\/span><\/p>\n<p style=\"text-align: center;\"><span style=\"font-weight: 400;\">Parc d&rsquo;Ester &#8211; BP56861<\/span><\/p>\n<p style=\"text-align: center;\"><span style=\"font-weight: 400;\">87068 LIMOGES CEDEX 3<\/span><\/p>\n<p style=\"text-align: center;\"><span style=\"font-weight: 400;\">Tel : <\/span><a href=\"tel:+33 5 55 30 21 61\"><span style=\"font-weight: 400;\">+33 (0)5 55 30 21 61<\/span><\/a><\/p>\n<p style=\"text-align: center;\"><span style=\"font-weight: 400;\">Fax: +33 (0)5 55 06 07 64<\/span><\/p>\n<p style=\"text-align: center;\"><span style=\"font-weight: 400;\">Email:\u00a0<a href=\"mailto:contact@hydroservice.fr\">contact@hydroservice.fr<\/a><\/span><\/p>\n<div id=\"mapp0_layout\" class=\"mapp-layout mapp-align-center\" style=\"width: 425px; \"><div id=\"mapp0_links\" class=\"mapp-map-links\"><\/div><div id=\"mapp0_dialog\" class=\"mapp-dialog\"><\/div><div id=\"mapp0\" class=\"mapp-canvas\" style=\"width: 100%; height: 350px; \"><\/div><div id=\"mapp0_directions\" class=\"mapp-directions\" style=\"width:100%\"><\/div><div id=\"mapp0_poi_list\" class=\"mapp-poi-list\" style=\"width:100%\"><\/div><\/div>\n<h3 style=\"text-align: center;\"><span style=\"color: #339966;\"><b>Agence Chatellerault<\/b><\/span><\/h3>\n<p><img loading=\"lazy\" decoding=\"async\" class=\"aligncenter wp-image-799 size-large\" src=\"http:\/\/www.hydroservice.fr\/wp-content\/uploads\/HSC86-1024x576.png\" width=\"640\" height=\"360\" srcset=\"http:\/\/www.hydroservice.fr\/wp-content\/uploads\/HSC86-1024x576.png 1024w, http:\/\/www.hydroservice.fr\/wp-content\/uploads\/HSC86-300x169.png 300w, http:\/\/www.hydroservice.fr\/wp-content\/uploads\/HSC86-768x432.png 768w, http:\/\/www.hydroservice.fr\/wp-content\/uploads\/HSC86-700x394.png 700w, http:\/\/www.hydroservice.fr\/wp-content\/uploads\/HSC86-520x293.png 520w, http:\/\/www.hydroservice.fr\/wp-content\/uploads\/HSC86-360x203.png 360w, http:\/\/www.hydroservice.fr\/wp-content\/uploads\/HSC86-250x141.png 250w, http:\/\/www.hydroservice.fr\/wp-content\/uploads\/HSC86-100x56.png 100w, http:\/\/www.hydroservice.fr\/wp-content\/uploads\/HSC86.png 1632w\" sizes=\"(max-width: 640px) 100vw, 640px\" \/><\/p>\n<p style=\"text-align: center;\">Hydro Service Concept<\/p>\n<p style=\"text-align: center;\"><span style=\"font-weight: 400;\">6 Z.I de la Palue<\/span><\/p>\n<p style=\"text-align: center;\"><span style=\"font-weight: 400;\">86220 INGRANDES SUR VIENNE<\/span><\/p>\n<p style=\"text-align: center;\"><span style=\"font-weight: 400;\">Tel : <\/span><a href=\"tel:+33 5 49 02 15 40\"><span style=\"font-weight: 400;\">+33 (0)5 49 02 15 40<\/span><\/a><\/p>\n<p style=\"text-align: center;\"><span style=\"font-weight: 400;\">Fax: +33 (0)5 49 02 07 83<\/span><\/p>\n<p style=\"text-align: center;\"><span style=\"font-weight: 400;\">Email: <a href=\"mailto:agence86@hydroservice.fr\">agence86@hydroservice.fr\u00a0<\/a><\/span><\/p>\n<p style=\"text-align: center;\"><div id=\"mapp1_layout\" class=\"mapp-layout mapp-align-center\" style=\"width: 425px; \"><div id=\"mapp1_links\" class=\"mapp-map-links\"><\/div><div id=\"mapp1_dialog\" class=\"mapp-dialog\"><\/div><div id=\"mapp1\" class=\"mapp-canvas\" style=\"width: 100%; height: 350px; \"><\/div><div id=\"mapp1_directions\" class=\"mapp-directions\" style=\"width:100%\"><\/div><div id=\"mapp1_poi_list\" class=\"mapp-poi-list\" style=\"width:100%\"><\/div><\/div><\/p>\n","protected":false},"excerpt":{"rendered":"<p>Toute notre \u00e9quipe est \u00e0 votre disposition pour tout renseignement: Agence Limoges (Si\u00e8ge) Hydro Service Concept 24 Avenue D&rsquo;ariane Parc d&rsquo;Ester &#8211; BP56861 87068 LIMOGES CEDEX 3 Tel : +33 (0)5 55 30 21 61 Fax: +33 (0)5 55 06 [&hellip;]<\/p>\n","protected":false},"author":1,"featured_media":0,"parent":0,"menu_order":90,"comment_status":"closed","ping_status":"closed","template":"","meta":{"footnotes":""},"_links":{"self":[{"href":"http:\/\/www.hydroservice.fr\/index.php?rest_route=\/wp\/v2\/pages\/52"}],"collection":[{"href":"http:\/\/www.hydroservice.fr\/index.php?rest_route=\/wp\/v2\/pages"}],"about":[{"href":"http:\/\/www.hydroservice.fr\/index.php?rest_route=\/wp\/v2\/types\/page"}],"author":[{"embeddable":true,"href":"http:\/\/www.hydroservice.fr\/index.php?rest_route=\/wp\/v2\/users\/1"}],"replies":[{"embeddable":true,"href":"http:\/\/www.hydroservice.fr\/index.php?rest_route=%2Fwp%2Fv2%2Fcomments&post=52"}],"version-history":[{"count":0,"href":"http:\/\/www.hydroservice.fr\/index.php?rest_route=\/wp\/v2\/pages\/52\/revisions"}],"wp:attachment":[{"href":"http:\/\/www.hydroservice.fr\/index.php?rest_route=%2Fwp%2Fv2%2Fmedia&parent=52"}],"curies":[{"name":"wp","href":"https:\/\/api.w.org\/{rel}","templated":true}]}}