{"id":49,"date":"2017-02-15T16:38:54","date_gmt":"2017-02-15T15:38:54","guid":{"rendered":"http:\/\/hhconsultingtest.free.fr\/?page_id=49"},"modified":"2021-10-14T07:45:20","modified_gmt":"2021-10-14T06:45:20","slug":"maintenance","status":"publish","type":"page","link":"http:\/\/www.hydroservice.fr\/?page_id=49","title":{"rendered":"Maintenance"},"content":{"rendered":"<p>Hydro Service Concept (HSC) d\u00e9veloppe des solutions bas\u00e9es sur le concept de maintenance Pro-active, c&rsquo;est \u00e0 dire sur la mise en place de solutions compl\u00e8tes n\u00e9cessaires \u00e0 ma\u00eetriser les pollutions avant qu&rsquo;elles aient une quelconque incidence sur la productivit\u00e9.<\/p>\n<p>L&rsquo;objectif et l&rsquo;engagement d&rsquo;HSC sont la fiabilisation des installations induisant une r\u00e9duction des co\u00fbts globaux de maintenance par la diminution des arr\u00eats de production, des recherches de pannes, des temps d&rsquo;interventions, des casses de composants et du nombre d&rsquo;\u00e9l\u00e9ments filtrants consomm\u00e9s.<\/p>\n<p>Nos diff\u00e9rentes offres de Maintenance permettent de supporter les industriels en respectant ces concepts:<\/p>\n<ul>\n<li><a href=\"http:\/\/www.hydroservice.fr\/?page_id=456\">Contrat de Maintenance<\/a><\/li>\n<li><a href=\"http:\/\/www.hydroservice.fr\/?page_id=446\">Laboratoire d&rsquo;Analyse d&rsquo;huile<\/a><\/li>\n<li><a href=\"http:\/\/www.hydroservice.fr\/?page_id=448\">Audit Centrale Hydraulique<\/a><\/li>\n<li><a href=\"http:\/\/www.hydroservice.fr\/?page_id=452\">Intervention sur site<\/a><\/li>\n<li><a href=\"http:\/\/www.hydroservice.fr\/?page_id=450\">Gestion des accumulateurs<\/a><\/li>\n<li><a href=\"http:\/\/www.hydroservice.fr\/?page_id=454\">Audit des circuits d&rsquo;Air Comprim\u00e9<\/a><\/li>\n<li><a href=\"http:\/\/www.hydroservice.fr\/?page_id=1881\">D\u00e9pannage flexible\u00a0hydraulique<\/a><\/li>\n<\/ul>\n<p>Vous pouvez \u00e9galement t\u00e9l\u00e9charger notre Plaquette Maintenance au format PDF:\u00a0<a href=\"http:\/\/www.hydroservice.fr\/wp-content\/uploads\/HSC-Plaquette-Maintenance-2018.pdf\">HSC Plaquette Maintenance<\/a><\/p>\n","protected":false},"excerpt":{"rendered":"<p>Hydro Service Concept (HSC) d\u00e9veloppe des solutions bas\u00e9es sur le concept de maintenance Pro-active, c&rsquo;est \u00e0 dire sur la mise en place de solutions compl\u00e8tes n\u00e9cessaires \u00e0 ma\u00eetriser les pollutions avant qu&rsquo;elles aient une quelconque incidence sur la productivit\u00e9. L&rsquo;objectif [&hellip;]<\/p>\n","protected":false},"author":1,"featured_media":0,"parent":0,"menu_order":70,"comment_status":"closed","ping_status":"closed","template":"page-templates\/page_fullwidth.php","meta":{"footnotes":""},"_links":{"self":[{"href":"http:\/\/www.hydroservice.fr\/index.php?rest_route=\/wp\/v2\/pages\/49"}],"collection":[{"href":"http:\/\/www.hydroservice.fr\/index.php?rest_route=\/wp\/v2\/pages"}],"about":[{"href":"http:\/\/www.hydroservice.fr\/index.php?rest_route=\/wp\/v2\/types\/page"}],"author":[{"embeddable":true,"href":"http:\/\/www.hydroservice.fr\/index.php?rest_route=\/wp\/v2\/users\/1"}],"replies":[{"embeddable":true,"href":"http:\/\/www.hydroservice.fr\/index.php?rest_route=%2Fwp%2Fv2%2Fcomments&post=49"}],"version-history":[{"count":0,"href":"http:\/\/www.hydroservice.fr\/index.php?rest_route=\/wp\/v2\/pages\/49\/revisions"}],"wp:attachment":[{"href":"http:\/\/www.hydroservice.fr\/index.php?rest_route=%2Fwp%2Fv2%2Fmedia&parent=49"}],"curies":[{"name":"wp","href":"https:\/\/api.w.org\/{rel}","templated":true}]}}