{"id":487,"date":"2017-04-18T12:42:45","date_gmt":"2017-04-18T11:42:45","guid":{"rendered":"http:\/\/www.hydroservice.fr\/?page_id=487"},"modified":"2017-04-18T12:58:36","modified_gmt":"2017-04-18T11:58:36","slug":"systeme-2","status":"publish","type":"page","link":"http:\/\/www.hydroservice.fr\/?page_id=487","title":{"rendered":"Systeme"},"content":{"rendered":"<p>Hydro Service Concept soutient les <strong>projets industriels,<\/strong> avec une activit\u00e9 de conseil, de conception et de fabrication syst\u00e8me. Les \u00e9quipes d&rsquo;Hydro Service Concept s&rsquo;appuient sur un <strong>bureau d&rsquo;\u00e9tudes tous fluides\u00a0<\/strong>et un <strong>atelier de fabrication<\/strong>. Cette infrastructure permet la cr\u00e9ation de syst\u00e8mes simples ou automatis\u00e9es en fonction des besoins et contraintes clients.<\/p>\n<p>Les activit\u00e9s syst\u00e8me s&rsquo;articulent autour de 2\u00a0axes:<\/p>\n<ul>\n<li><a href=\"http:\/\/www.hydroservice.fr\/?page_id=481\">Conception Syst\u00e8me<\/a><\/li>\n<li><a href=\"http:\/\/www.hydroservice.fr\/?page_id=45\">Fabrication Syst\u00e8me<\/a><\/li>\n<\/ul>\n","protected":false},"excerpt":{"rendered":"<p>Hydro Service Concept soutient les projets industriels, avec une activit\u00e9 de conseil, de conception et de fabrication syst\u00e8me. Les \u00e9quipes d&rsquo;Hydro Service Concept s&rsquo;appuient sur un bureau d&rsquo;\u00e9tudes tous fluides\u00a0et un atelier de fabrication. Cette infrastructure permet la cr\u00e9ation de [&hellip;]<\/p>\n","protected":false},"author":1,"featured_media":0,"parent":0,"menu_order":0,"comment_status":"closed","ping_status":"closed","template":"","meta":{"footnotes":""},"_links":{"self":[{"href":"http:\/\/www.hydroservice.fr\/index.php?rest_route=\/wp\/v2\/pages\/487"}],"collection":[{"href":"http:\/\/www.hydroservice.fr\/index.php?rest_route=\/wp\/v2\/pages"}],"about":[{"href":"http:\/\/www.hydroservice.fr\/index.php?rest_route=\/wp\/v2\/types\/page"}],"author":[{"embeddable":true,"href":"http:\/\/www.hydroservice.fr\/index.php?rest_route=\/wp\/v2\/users\/1"}],"replies":[{"embeddable":true,"href":"http:\/\/www.hydroservice.fr\/index.php?rest_route=%2Fwp%2Fv2%2Fcomments&post=487"}],"version-history":[{"count":0,"href":"http:\/\/www.hydroservice.fr\/index.php?rest_route=\/wp\/v2\/pages\/487\/revisions"}],"wp:attachment":[{"href":"http:\/\/www.hydroservice.fr\/index.php?rest_route=%2Fwp%2Fv2%2Fmedia&parent=487"}],"curies":[{"name":"wp","href":"https:\/\/api.w.org\/{rel}","templated":true}]}}