{"id":481,"date":"2017-04-18T10:32:50","date_gmt":"2017-04-18T09:32:50","guid":{"rendered":"http:\/\/www.hydroservice.fr\/?page_id=481"},"modified":"2017-05-02T21:34:41","modified_gmt":"2017-05-02T20:34:41","slug":"conception-systeme","status":"publish","type":"page","link":"http:\/\/www.hydroservice.fr\/?page_id=481","title":{"rendered":"Conception Syst\u00e8me"},"content":{"rendered":"<h2>Activit\u00e9s principales<\/h2>\n<ul>\n<li>Analyse, recueil du besoin, support \u00e0 la r\u00e9daction du cahier des charges<\/li>\n<li>Pr\u00e9-\u00e9tude<\/li>\n<li>Dimensionnement<\/li>\n<li>Conception de sch\u00e9mas.<\/li>\n<li>Conception d\u2019armoires pneumatiques.<\/li>\n<li>Dossier Technique, papier et \u00e9lectronique<\/li>\n<\/ul>\n<h2>Moyens<\/h2>\n<ul>\n<li>Conception mod\u00e8le 2D et\u00a03D<\/li>\n<li>Partenariat\u00a0des Constructeurs principaux (Rexroth, Aventics, Parker)<\/li>\n<li>Outils internes de dimensionnement<\/li>\n<\/ul>\n","protected":false},"excerpt":{"rendered":"<p>Activit\u00e9s principales Analyse, recueil du besoin, support \u00e0 la r\u00e9daction du cahier des charges Pr\u00e9-\u00e9tude Dimensionnement Conception de sch\u00e9mas. Conception d\u2019armoires pneumatiques. Dossier Technique, papier et \u00e9lectronique Moyens Conception mod\u00e8le 2D et\u00a03D Partenariat\u00a0des Constructeurs principaux (Rexroth, Aventics, Parker) Outils internes [&hellip;]<\/p>\n","protected":false},"author":1,"featured_media":0,"parent":487,"menu_order":0,"comment_status":"closed","ping_status":"closed","template":"page-templates\/page_fullwidth.php","meta":{"footnotes":""},"_links":{"self":[{"href":"http:\/\/www.hydroservice.fr\/index.php?rest_route=\/wp\/v2\/pages\/481"}],"collection":[{"href":"http:\/\/www.hydroservice.fr\/index.php?rest_route=\/wp\/v2\/pages"}],"about":[{"href":"http:\/\/www.hydroservice.fr\/index.php?rest_route=\/wp\/v2\/types\/page"}],"author":[{"embeddable":true,"href":"http:\/\/www.hydroservice.fr\/index.php?rest_route=\/wp\/v2\/users\/1"}],"replies":[{"embeddable":true,"href":"http:\/\/www.hydroservice.fr\/index.php?rest_route=%2Fwp%2Fv2%2Fcomments&post=481"}],"version-history":[{"count":0,"href":"http:\/\/www.hydroservice.fr\/index.php?rest_route=\/wp\/v2\/pages\/481\/revisions"}],"up":[{"embeddable":true,"href":"http:\/\/www.hydroservice.fr\/index.php?rest_route=\/wp\/v2\/pages\/487"}],"wp:attachment":[{"href":"http:\/\/www.hydroservice.fr\/index.php?rest_route=%2Fwp%2Fv2%2Fmedia&parent=481"}],"curies":[{"name":"wp","href":"https:\/\/api.w.org\/{rel}","templated":true}]}}