{"id":456,"date":"2017-04-15T21:59:49","date_gmt":"2017-04-15T20:59:49","guid":{"rendered":"http:\/\/www.hydroservice.fr\/?page_id=456"},"modified":"2017-04-15T22:00:19","modified_gmt":"2017-04-15T21:00:19","slug":"contrat-de-maintenance","status":"publish","type":"page","link":"http:\/\/www.hydroservice.fr\/?page_id=456","title":{"rendered":"Contrat de Maintenance"},"content":{"rendered":"<p>Le contrat permet au client d\u2019optimiser les taux de disponibilit\u00e9 de l\u2019installation et de ma\u00eetriser les diff\u00e9rents co\u00fbts associ\u00e9s \u00e0 la maintenance des moyens de production tout en respectant les contraintes d\u2019environnement, de qualit\u00e9, et de s\u00e9curit\u00e9.<\/p>\n<h3>Objectifs:<\/h3>\n<ul>\n<li>Eviter les arr\u00eats non programm\u00e9s du syst\u00e8me hydraulique<\/li>\n<li>Augmenter la dur\u00e9e de vie des composants hydraulique et des roulements<\/li>\n<li>Diminuer les d\u00e9penses au niveau des consommables et de l\u2019exploitation de l\u2019installation<\/li>\n<\/ul>\n<h3>Moyens:<\/h3>\n<ul>\n<li>Etablissement d\u2019un plan de surveillance hydraulique global.<\/li>\n<li>Mise en place d\u2019une gamme d\u2019op\u00e9rations de contr\u00f4les et de maintenance<\/li>\n<li>R\u00e9alisation r\u00e9guli\u00e8re de relev\u00e9s, de mesures et d\u2019analyses de fluides.<\/li>\n<li>Elaboration de propositions d\u2019am\u00e9liorations (en fonction des besoins et des d\u00e9rives constat\u00e9es lors des op\u00e9rations de maintenance)<\/li>\n<li>Gestion d\u2019un stock de composants ( consommables) adapt\u00e9 au besoin de l\u2019installation.<\/li>\n<\/ul>\n","protected":false},"excerpt":{"rendered":"<p>Le contrat permet au client d\u2019optimiser les taux de disponibilit\u00e9 de l\u2019installation et de ma\u00eetriser les diff\u00e9rents co\u00fbts associ\u00e9s \u00e0 la maintenance des moyens de production tout en respectant les contraintes d\u2019environnement, de qualit\u00e9, et de s\u00e9curit\u00e9. Objectifs: Eviter les [&hellip;]<\/p>\n","protected":false},"author":1,"featured_media":0,"parent":49,"menu_order":90,"comment_status":"closed","ping_status":"closed","template":"page-templates\/page_fullwidth.php","meta":{"footnotes":""},"_links":{"self":[{"href":"http:\/\/www.hydroservice.fr\/index.php?rest_route=\/wp\/v2\/pages\/456"}],"collection":[{"href":"http:\/\/www.hydroservice.fr\/index.php?rest_route=\/wp\/v2\/pages"}],"about":[{"href":"http:\/\/www.hydroservice.fr\/index.php?rest_route=\/wp\/v2\/types\/page"}],"author":[{"embeddable":true,"href":"http:\/\/www.hydroservice.fr\/index.php?rest_route=\/wp\/v2\/users\/1"}],"replies":[{"embeddable":true,"href":"http:\/\/www.hydroservice.fr\/index.php?rest_route=%2Fwp%2Fv2%2Fcomments&post=456"}],"version-history":[{"count":0,"href":"http:\/\/www.hydroservice.fr\/index.php?rest_route=\/wp\/v2\/pages\/456\/revisions"}],"up":[{"embeddable":true,"href":"http:\/\/www.hydroservice.fr\/index.php?rest_route=\/wp\/v2\/pages\/49"}],"wp:attachment":[{"href":"http:\/\/www.hydroservice.fr\/index.php?rest_route=%2Fwp%2Fv2%2Fmedia&parent=456"}],"curies":[{"name":"wp","href":"https:\/\/api.w.org\/{rel}","templated":true}]}}