{"id":454,"date":"2017-04-15T21:58:54","date_gmt":"2017-04-15T20:58:54","guid":{"rendered":"http:\/\/www.hydroservice.fr\/?page_id=454"},"modified":"2019-02-25T19:06:55","modified_gmt":"2019-02-25T18:06:55","slug":"audit-air-comprime","status":"publish","type":"page","link":"http:\/\/www.hydroservice.fr\/?page_id=454","title":{"rendered":"Audit Air Comprim\u00e9"},"content":{"rendered":"<p>HSC peut vous aider en r\u00e9alisant un audit de fuite d\u2019air comprim\u00e9 sur r\u00e9seaux primaires et secondaires gr\u00e2ce \u00e0 notre d\u00e9tecteur \u00e0 ultrasons.<\/p>\n<p>Notre prestation comprend :<\/p>\n<ul>\n<li>Le d\u00e9placement sur site d\u2019un technicien avec notre appareil<\/li>\n<li>La d\u00e9tection, la d\u00e9termination et le rep\u00e9rage physique des fuites<\/li>\n<li>L\u2019\u00e9dition d\u2019un rapport de d\u00e9tection de fuite par poste de charge ou machine, avec photo et ciblage de la fuite<\/li>\n<li>Une estimation des couts annuels engendr\u00e9s par ces fuites<\/li>\n<li>L\u2019estimation du co\u00fbt de la r\u00e9paration<\/li>\n<\/ul>\n<div id='gallery-1' class='gallery galleryid-454 gallery-columns-3 gallery-size-large'><figure class='gallery-item'>\n\t\t\t<div class='gallery-icon landscape'>\n\t\t\t\t<img loading=\"lazy\" decoding=\"async\" width=\"282\" height=\"187\" src=\"http:\/\/www.hydroservice.fr\/wp-content\/uploads\/Audit-AC-1.png\" class=\"attachment-large size-large\" alt=\"\" srcset=\"http:\/\/www.hydroservice.fr\/wp-content\/uploads\/Audit-AC-1.png 282w, http:\/\/www.hydroservice.fr\/wp-content\/uploads\/Audit-AC-1-250x166.png 250w, http:\/\/www.hydroservice.fr\/wp-content\/uploads\/Audit-AC-1-100x66.png 100w\" sizes=\"(max-width: 282px) 100vw, 282px\" \/>\n\t\t\t<\/div><\/figure><figure class='gallery-item'>\n\t\t\t<div class='gallery-icon landscape'>\n\t\t\t\t<img loading=\"lazy\" decoding=\"async\" width=\"315\" height=\"233\" src=\"http:\/\/www.hydroservice.fr\/wp-content\/uploads\/Audit-AC-2.png\" class=\"attachment-large size-large\" alt=\"\" srcset=\"http:\/\/www.hydroservice.fr\/wp-content\/uploads\/Audit-AC-2.png 315w, http:\/\/www.hydroservice.fr\/wp-content\/uploads\/Audit-AC-2-300x222.png 300w, http:\/\/www.hydroservice.fr\/wp-content\/uploads\/Audit-AC-2-250x185.png 250w, http:\/\/www.hydroservice.fr\/wp-content\/uploads\/Audit-AC-2-100x74.png 100w\" sizes=\"(max-width: 315px) 100vw, 315px\" \/>\n\t\t\t<\/div><\/figure><figure class='gallery-item'>\n\t\t\t<div class='gallery-icon landscape'>\n\t\t\t\t<img loading=\"lazy\" decoding=\"async\" width=\"283\" height=\"233\" src=\"http:\/\/www.hydroservice.fr\/wp-content\/uploads\/Audit-AC-3.png\" class=\"attachment-large size-large\" alt=\"\" srcset=\"http:\/\/www.hydroservice.fr\/wp-content\/uploads\/Audit-AC-3.png 283w, http:\/\/www.hydroservice.fr\/wp-content\/uploads\/Audit-AC-3-250x206.png 250w, http:\/\/www.hydroservice.fr\/wp-content\/uploads\/Audit-AC-3-100x82.png 100w\" sizes=\"(max-width: 283px) 100vw, 283px\" \/>\n\t\t\t<\/div><\/figure>\n\t\t<\/div>\n\n<p>T\u00e9l\u00e9charger la plaquette:\u00a0<a href=\"http:\/\/www.hydroservice.fr\/wp-content\/uploads\/HSC-Audit-Air-Comprim\u00e9-2018.pdf\">Audit Air Comprim\u00e9<\/a><\/p>\n","protected":false},"excerpt":{"rendered":"<p>HSC peut vous aider en r\u00e9alisant un audit de fuite d\u2019air comprim\u00e9 sur r\u00e9seaux primaires et secondaires gr\u00e2ce \u00e0 notre d\u00e9tecteur \u00e0 ultrasons. Notre prestation comprend : Le d\u00e9placement sur site d\u2019un technicien avec notre appareil La d\u00e9tection, la d\u00e9termination [&hellip;]<\/p>\n","protected":false},"author":1,"featured_media":0,"parent":49,"menu_order":50,"comment_status":"closed","ping_status":"closed","template":"page-templates\/page_fullwidth.php","meta":{"footnotes":""},"_links":{"self":[{"href":"http:\/\/www.hydroservice.fr\/index.php?rest_route=\/wp\/v2\/pages\/454"}],"collection":[{"href":"http:\/\/www.hydroservice.fr\/index.php?rest_route=\/wp\/v2\/pages"}],"about":[{"href":"http:\/\/www.hydroservice.fr\/index.php?rest_route=\/wp\/v2\/types\/page"}],"author":[{"embeddable":true,"href":"http:\/\/www.hydroservice.fr\/index.php?rest_route=\/wp\/v2\/users\/1"}],"replies":[{"embeddable":true,"href":"http:\/\/www.hydroservice.fr\/index.php?rest_route=%2Fwp%2Fv2%2Fcomments&post=454"}],"version-history":[{"count":0,"href":"http:\/\/www.hydroservice.fr\/index.php?rest_route=\/wp\/v2\/pages\/454\/revisions"}],"up":[{"embeddable":true,"href":"http:\/\/www.hydroservice.fr\/index.php?rest_route=\/wp\/v2\/pages\/49"}],"wp:attachment":[{"href":"http:\/\/www.hydroservice.fr\/index.php?rest_route=%2Fwp%2Fv2%2Fmedia&parent=454"}],"curies":[{"name":"wp","href":"https:\/\/api.w.org\/{rel}","templated":true}]}}