{"id":452,"date":"2017-04-15T21:57:54","date_gmt":"2017-04-15T20:57:54","guid":{"rendered":"http:\/\/www.hydroservice.fr\/?page_id=452"},"modified":"2017-04-15T21:57:54","modified_gmt":"2017-04-15T20:57:54","slug":"interventions-sur-site","status":"publish","type":"page","link":"http:\/\/www.hydroservice.fr\/?page_id=452","title":{"rendered":"Interventions sur site"},"content":{"rendered":"<p>Nos d\u00e9lais d\u2019intervention sont tr\u00e8s brefs.<\/p>\n<p>Nous assurons la maintenance corrective et surtout \u00ab\u00a0pro-active\u00a0\u00bb. Cette m\u00e9thode pr\u00e9ventive nous permet de pr\u00e9venir les pannes qui guettent votre outil industriel.<\/p>\n<p>Ainsi la continuit\u00e9 de votre production est pr\u00e9serv\u00e9e.<\/p>\n","protected":false},"excerpt":{"rendered":"<p>Nos d\u00e9lais d\u2019intervention sont tr\u00e8s brefs. Nous assurons la maintenance corrective et surtout \u00ab\u00a0pro-active\u00a0\u00bb. Cette m\u00e9thode pr\u00e9ventive nous permet de pr\u00e9venir les pannes qui guettent votre outil industriel. Ainsi la continuit\u00e9 de votre production est pr\u00e9serv\u00e9e.<\/p>\n","protected":false},"author":1,"featured_media":0,"parent":49,"menu_order":40,"comment_status":"closed","ping_status":"closed","template":"","meta":{"footnotes":""},"_links":{"self":[{"href":"http:\/\/www.hydroservice.fr\/index.php?rest_route=\/wp\/v2\/pages\/452"}],"collection":[{"href":"http:\/\/www.hydroservice.fr\/index.php?rest_route=\/wp\/v2\/pages"}],"about":[{"href":"http:\/\/www.hydroservice.fr\/index.php?rest_route=\/wp\/v2\/types\/page"}],"author":[{"embeddable":true,"href":"http:\/\/www.hydroservice.fr\/index.php?rest_route=\/wp\/v2\/users\/1"}],"replies":[{"embeddable":true,"href":"http:\/\/www.hydroservice.fr\/index.php?rest_route=%2Fwp%2Fv2%2Fcomments&post=452"}],"version-history":[{"count":0,"href":"http:\/\/www.hydroservice.fr\/index.php?rest_route=\/wp\/v2\/pages\/452\/revisions"}],"up":[{"embeddable":true,"href":"http:\/\/www.hydroservice.fr\/index.php?rest_route=\/wp\/v2\/pages\/49"}],"wp:attachment":[{"href":"http:\/\/www.hydroservice.fr\/index.php?rest_route=%2Fwp%2Fv2%2Fmedia&parent=452"}],"curies":[{"name":"wp","href":"https:\/\/api.w.org\/{rel}","templated":true}]}}