{"id":450,"date":"2017-04-15T21:56:49","date_gmt":"2017-04-15T20:56:49","guid":{"rendered":"http:\/\/www.hydroservice.fr\/?page_id=450"},"modified":"2018-07-04T10:13:33","modified_gmt":"2018-07-04T09:13:33","slug":"gestion-des-accumulateurs","status":"publish","type":"page","link":"http:\/\/www.hydroservice.fr\/?page_id=450","title":{"rendered":"Gestion des accumulateurs hydrauliques"},"content":{"rendered":"<p>Les accumulateurs hydrauliques sont soumis \u00e0 l\u2019arr\u00eat\u00e9 du 15 mars 2000, relatif \u00e0 l\u2019exploitation des \u00e9quipements sous pression, qui vise \u00e0 rassembler dans un texte unique les prescriptions r\u00e9glementaires relatives \u00e0 l\u2019exploitation des Equipements Sous Pression (E.S.P.).<\/p>\n<p>Points essentiels \u00e0 retenir:<\/p>\n<ul>\n<li>Re-qualification tous les <strong>10 ans<\/strong><\/li>\n<li>Inspection p\u00e9riodique\u00a0tous les <strong>4 ans<\/strong><\/li>\n<li>Bloc de s\u00e9curit\u00e9 <strong>obligatoire<\/strong><\/li>\n<li>Remise \u00e0 niveau du gaz (Azote)\u00a0<strong>indispensable\u00a0tous les ans<\/strong> (entre 5% \u00e0 10% de perte par an)<\/li>\n<\/ul>\n<p>HSC propose une prestation\u00a0compl\u00e8te pour la gestion r\u00e9glementaire (Contr\u00f4le, Re-qualification, D\u00e9claration) et l&rsquo;utilisation optimale de vos accumulateurs hydrauliques (Niveau et pression du gaz).<\/p>\n<h3>Recensement\u00a0 et contr\u00f4le des accumulateurs<\/h3>\n<ul>\n<li>Relev\u00e9 des r\u00e9f\u00e9rences d\u2019accumulateurs.<\/li>\n<li>Relev\u00e9 des dates de qualifications.<\/li>\n<li>V\u00e9rifications de la conformit\u00e9 de l\u2019accumulateur, de la pose et du raccordement.<\/li>\n<li>Inspection de l\u2019accumulateur.<\/li>\n<li>Remise \u00e0 niveau gaz (Azote).<\/li>\n<\/ul>\n<h3>Mise en conformit\u00e9<\/h3>\n<ul>\n<li>Re-qualification ou \u00e9change standard d\u2019accumulateur.<\/li>\n<li>Mise en place d\u2019accumulateur neuf.<\/li>\n<li>Mise en place de bloc de s\u00e9curit\u00e9.<\/li>\n<li>Support \u00e0 la d\u00e9claration en Pr\u00e9fecture.<\/li>\n<\/ul>\n<h3>Suivi et gestion du parc<\/h3>\n<ul>\n<li>Dossier complet\u00a0pour visualisation du parc et des caract\u00e9ristiques des accumulateurs.<\/li>\n<li>Mise en place d\u2019un dossier de suivi des accumulateurs sur site suivant la loi.<\/li>\n<li>Relance\u00a0p\u00e9riodique pour mise en conformit\u00e9 du parc accumulateur.<\/li>\n<li>Stock disponible \u00e0 Limoges pour d\u00e9pannage.<\/li>\n<li>Multi Marques.<\/li>\n<\/ul>\n<div id='gallery-1' class='gallery galleryid-450 gallery-columns-3 gallery-size-medium'><figure class='gallery-item'>\n\t\t\t<div class='gallery-icon landscape'>\n\t\t\t\t<img loading=\"lazy\" decoding=\"async\" width=\"300\" height=\"217\" src=\"http:\/\/www.hydroservice.fr\/wp-content\/uploads\/hydroleduc_accumulators-sans-fond-300x217.png\" class=\"attachment-medium size-medium\" alt=\"\" aria-describedby=\"gallery-1-675\" srcset=\"http:\/\/www.hydroservice.fr\/wp-content\/uploads\/hydroleduc_accumulators-sans-fond-300x217.png 300w, http:\/\/www.hydroservice.fr\/wp-content\/uploads\/hydroleduc_accumulators-sans-fond-360x261.png 360w, http:\/\/www.hydroservice.fr\/wp-content\/uploads\/hydroleduc_accumulators-sans-fond-250x181.png 250w, http:\/\/www.hydroservice.fr\/wp-content\/uploads\/hydroleduc_accumulators-sans-fond-100x72.png 100w, http:\/\/www.hydroservice.fr\/wp-content\/uploads\/hydroleduc_accumulators-sans-fond.png 432w\" sizes=\"(max-width: 300px) 100vw, 300px\" \/>\n\t\t\t<\/div>\n\t\t\t\t<figcaption class='wp-caption-text gallery-caption' id='gallery-1-675'>\n\t\t\t\tAccumulateurs\n\t\t\t\t<\/figcaption><\/figure><figure class='gallery-item'>\n\t\t\t<div class='gallery-icon portrait'>\n\t\t\t\t<img loading=\"lazy\" decoding=\"async\" width=\"276\" height=\"300\" src=\"http:\/\/www.hydroservice.fr\/wp-content\/uploads\/Accu-Dossier-Relance-276x300.png\" class=\"attachment-medium size-medium\" alt=\"\" srcset=\"http:\/\/www.hydroservice.fr\/wp-content\/uploads\/Accu-Dossier-Relance-276x300.png 276w, http:\/\/www.hydroservice.fr\/wp-content\/uploads\/Accu-Dossier-Relance-520x565.png 520w, http:\/\/www.hydroservice.fr\/wp-content\/uploads\/Accu-Dossier-Relance-360x391.png 360w, http:\/\/www.hydroservice.fr\/wp-content\/uploads\/Accu-Dossier-Relance-250x272.png 250w, http:\/\/www.hydroservice.fr\/wp-content\/uploads\/Accu-Dossier-Relance-100x109.png 100w, http:\/\/www.hydroservice.fr\/wp-content\/uploads\/Accu-Dossier-Relance.png 642w\" sizes=\"(max-width: 276px) 100vw, 276px\" \/>\n\t\t\t<\/div><\/figure><figure class='gallery-item'>\n\t\t\t<div class='gallery-icon portrait'>\n\t\t\t\t<img loading=\"lazy\" decoding=\"async\" width=\"223\" height=\"300\" src=\"http:\/\/www.hydroservice.fr\/wp-content\/uploads\/Accu-223x300.png\" class=\"attachment-medium size-medium\" alt=\"\" srcset=\"http:\/\/www.hydroservice.fr\/wp-content\/uploads\/Accu-223x300.png 223w, http:\/\/www.hydroservice.fr\/wp-content\/uploads\/Accu-360x485.png 360w, http:\/\/www.hydroservice.fr\/wp-content\/uploads\/Accu-250x337.png 250w, http:\/\/www.hydroservice.fr\/wp-content\/uploads\/Accu-100x135.png 100w, http:\/\/www.hydroservice.fr\/wp-content\/uploads\/Accu.png 395w\" sizes=\"(max-width: 223px) 100vw, 223px\" \/>\n\t\t\t<\/div><\/figure>\n\t\t<\/div>\n\n<div id='gallery-2' class='gallery galleryid-450 gallery-columns-2 gallery-size-medium'><figure class='gallery-item'>\n\t\t\t<div class='gallery-icon landscape'>\n\t\t\t\t<img loading=\"lazy\" decoding=\"async\" width=\"300\" height=\"110\" src=\"http:\/\/www.hydroservice.fr\/wp-content\/uploads\/Logo-HYDROLEDUC-300x110.jpg\" class=\"attachment-medium size-medium\" alt=\"\" srcset=\"http:\/\/www.hydroservice.fr\/wp-content\/uploads\/Logo-HYDROLEDUC-300x110.jpg 300w, http:\/\/www.hydroservice.fr\/wp-content\/uploads\/Logo-HYDROLEDUC-768x281.jpg 768w, http:\/\/www.hydroservice.fr\/wp-content\/uploads\/Logo-HYDROLEDUC-1024x375.jpg 1024w, http:\/\/www.hydroservice.fr\/wp-content\/uploads\/Logo-HYDROLEDUC-700x256.jpg 700w, http:\/\/www.hydroservice.fr\/wp-content\/uploads\/Logo-HYDROLEDUC-520x190.jpg 520w, http:\/\/www.hydroservice.fr\/wp-content\/uploads\/Logo-HYDROLEDUC-360x132.jpg 360w, http:\/\/www.hydroservice.fr\/wp-content\/uploads\/Logo-HYDROLEDUC-250x92.jpg 250w, http:\/\/www.hydroservice.fr\/wp-content\/uploads\/Logo-HYDROLEDUC-100x37.jpg 100w, http:\/\/www.hydroservice.fr\/wp-content\/uploads\/Logo-HYDROLEDUC-e1582577939433.jpg 200w\" sizes=\"(max-width: 300px) 100vw, 300px\" \/>\n\t\t\t<\/div><\/figure><figure class='gallery-item'>\n\t\t\t<div class='gallery-icon landscape'>\n\t\t\t\t<img loading=\"lazy\" decoding=\"async\" width=\"300\" height=\"83\" src=\"http:\/\/www.hydroservice.fr\/wp-content\/uploads\/Olaer-300x83.png\" class=\"attachment-medium size-medium\" alt=\"\" srcset=\"http:\/\/www.hydroservice.fr\/wp-content\/uploads\/Olaer-300x83.png 300w, http:\/\/www.hydroservice.fr\/wp-content\/uploads\/Olaer-360x99.png 360w, http:\/\/www.hydroservice.fr\/wp-content\/uploads\/Olaer-250x69.png 250w, http:\/\/www.hydroservice.fr\/wp-content\/uploads\/Olaer-100x28.png 100w, http:\/\/www.hydroservice.fr\/wp-content\/uploads\/Olaer.png 427w\" sizes=\"(max-width: 300px) 100vw, 300px\" \/>\n\t\t\t<\/div><\/figure>\n\t\t<\/div>\n\n","protected":false},"excerpt":{"rendered":"<p>Les accumulateurs hydrauliques sont soumis \u00e0 l\u2019arr\u00eat\u00e9 du 15 mars 2000, relatif \u00e0 l\u2019exploitation des \u00e9quipements sous pression, qui vise \u00e0 rassembler dans un texte unique les prescriptions r\u00e9glementaires relatives \u00e0 l\u2019exploitation des Equipements Sous Pression (E.S.P.). Points essentiels \u00e0 [&hellip;]<\/p>\n","protected":false},"author":1,"featured_media":0,"parent":49,"menu_order":20,"comment_status":"closed","ping_status":"closed","template":"page-templates\/page_fullwidth.php","meta":{"footnotes":""},"_links":{"self":[{"href":"http:\/\/www.hydroservice.fr\/index.php?rest_route=\/wp\/v2\/pages\/450"}],"collection":[{"href":"http:\/\/www.hydroservice.fr\/index.php?rest_route=\/wp\/v2\/pages"}],"about":[{"href":"http:\/\/www.hydroservice.fr\/index.php?rest_route=\/wp\/v2\/types\/page"}],"author":[{"embeddable":true,"href":"http:\/\/www.hydroservice.fr\/index.php?rest_route=\/wp\/v2\/users\/1"}],"replies":[{"embeddable":true,"href":"http:\/\/www.hydroservice.fr\/index.php?rest_route=%2Fwp%2Fv2%2Fcomments&post=450"}],"version-history":[{"count":0,"href":"http:\/\/www.hydroservice.fr\/index.php?rest_route=\/wp\/v2\/pages\/450\/revisions"}],"up":[{"embeddable":true,"href":"http:\/\/www.hydroservice.fr\/index.php?rest_route=\/wp\/v2\/pages\/49"}],"wp:attachment":[{"href":"http:\/\/www.hydroservice.fr\/index.php?rest_route=%2Fwp%2Fv2%2Fmedia&parent=450"}],"curies":[{"name":"wp","href":"https:\/\/api.w.org\/{rel}","templated":true}]}}