{"id":45,"date":"2017-02-15T16:35:35","date_gmt":"2017-02-15T15:35:35","guid":{"rendered":"http:\/\/hhconsultingtest.free.fr\/?page_id=45"},"modified":"2018-02-28T12:33:11","modified_gmt":"2018-02-28T11:33:11","slug":"systeme","status":"publish","type":"page","link":"http:\/\/www.hydroservice.fr\/?page_id=45","title":{"rendered":"Fabrication Syst\u00e8me"},"content":{"rendered":"<h2>Activit\u00e9s principales<\/h2>\n<ul>\n<li>R\u00e9alisation de syst\u00e8mes\u00a0hydrauliques et d\u2019armoires pneumatiques.<\/li>\n<li>R\u00e9alisation de syst\u00e8me de traitement et de d\u00e9pollution des liquides (huile, essence, eau\u2026)<\/li>\n<li>R\u00e9alisation du dossier technique<\/li>\n<li>Assistance et support \u00e0 la mise en route<\/li>\n<\/ul>\n<h2>Moyens<\/h2>\n<ul>\n<li>un atelier de 200 m2, \u00e9quip\u00e9 de pont roulant<\/li>\n<li>acc\u00e8s direct au stock\/magasin pour composants et consommables<\/li>\n<li>outillage (Sertisseuse, Poste \u00e0 souder, Centrale hydraulique de test)<\/li>\n<li>5 techniciens monteurs<\/li>\n<\/ul>\n<h2>Exemples de R\u00e9alisations<\/h2>\n<h3>Groupe de d\u00e9pollution vernis grande capacit\u00e9<\/h3>\n<div class=\"page\" title=\"Page 1\">\n<div class=\"section\">\n<div class=\"layoutArea\">\n<div class=\"column\">\n<div id='gallery-1' class='gallery galleryid-45 gallery-columns-3 gallery-size-medium'><figure class='gallery-item'>\n\t\t\t<div class='gallery-icon portrait'>\n\t\t\t\t<img loading=\"lazy\" decoding=\"async\" width=\"268\" height=\"300\" src=\"http:\/\/www.hydroservice.fr\/wp-content\/uploads\/ip-vernis-286-e1519810268391-268x300.jpg\" class=\"attachment-medium size-medium\" alt=\"\" srcset=\"http:\/\/www.hydroservice.fr\/wp-content\/uploads\/ip-vernis-286-e1519810268391-268x300.jpg 268w, http:\/\/www.hydroservice.fr\/wp-content\/uploads\/ip-vernis-286-e1519810268391-768x860.jpg 768w, http:\/\/www.hydroservice.fr\/wp-content\/uploads\/ip-vernis-286-e1519810268391-914x1024.jpg 914w, http:\/\/www.hydroservice.fr\/wp-content\/uploads\/ip-vernis-286-e1519810268391-700x784.jpg 700w, http:\/\/www.hydroservice.fr\/wp-content\/uploads\/ip-vernis-286-e1519810268391-520x582.jpg 520w, http:\/\/www.hydroservice.fr\/wp-content\/uploads\/ip-vernis-286-e1519810268391-360x403.jpg 360w, http:\/\/www.hydroservice.fr\/wp-content\/uploads\/ip-vernis-286-e1519810268391-250x280.jpg 250w, http:\/\/www.hydroservice.fr\/wp-content\/uploads\/ip-vernis-286-e1519810268391-100x112.jpg 100w, http:\/\/www.hydroservice.fr\/wp-content\/uploads\/ip-vernis-286-e1519810268391.jpg 1736w\" sizes=\"(max-width: 268px) 100vw, 268px\" \/>\n\t\t\t<\/div><\/figure><figure class='gallery-item'>\n\t\t\t<div class='gallery-icon portrait'>\n\t\t\t\t<img loading=\"lazy\" decoding=\"async\" width=\"225\" height=\"300\" src=\"http:\/\/www.hydroservice.fr\/wp-content\/uploads\/ip-vernis-296-225x300.jpg\" class=\"attachment-medium size-medium\" alt=\"\" srcset=\"http:\/\/www.hydroservice.fr\/wp-content\/uploads\/ip-vernis-296-225x300.jpg 225w, http:\/\/www.hydroservice.fr\/wp-content\/uploads\/ip-vernis-296-768x1024.jpg 768w, http:\/\/www.hydroservice.fr\/wp-content\/uploads\/ip-vernis-296-700x933.jpg 700w, http:\/\/www.hydroservice.fr\/wp-content\/uploads\/ip-vernis-296-520x693.jpg 520w, http:\/\/www.hydroservice.fr\/wp-content\/uploads\/ip-vernis-296-360x480.jpg 360w, http:\/\/www.hydroservice.fr\/wp-content\/uploads\/ip-vernis-296-250x333.jpg 250w, http:\/\/www.hydroservice.fr\/wp-content\/uploads\/ip-vernis-296-100x133.jpg 100w, http:\/\/www.hydroservice.fr\/wp-content\/uploads\/ip-vernis-296.jpg 1944w\" sizes=\"(max-width: 225px) 100vw, 225px\" \/>\n\t\t\t<\/div><\/figure><figure class='gallery-item'>\n\t\t\t<div class='gallery-icon portrait'>\n\t\t\t\t<img loading=\"lazy\" decoding=\"async\" width=\"184\" height=\"300\" src=\"http:\/\/www.hydroservice.fr\/wp-content\/uploads\/WP_20171222_07_19_25_Rich-e1519810306638-184x300.jpg\" class=\"attachment-medium size-medium\" alt=\"\" srcset=\"http:\/\/www.hydroservice.fr\/wp-content\/uploads\/WP_20171222_07_19_25_Rich-e1519810306638-184x300.jpg 184w, http:\/\/www.hydroservice.fr\/wp-content\/uploads\/WP_20171222_07_19_25_Rich-e1519810306638-768x1253.jpg 768w, http:\/\/www.hydroservice.fr\/wp-content\/uploads\/WP_20171222_07_19_25_Rich-e1519810306638-628x1024.jpg 628w, http:\/\/www.hydroservice.fr\/wp-content\/uploads\/WP_20171222_07_19_25_Rich-e1519810306638-700x1142.jpg 700w, http:\/\/www.hydroservice.fr\/wp-content\/uploads\/WP_20171222_07_19_25_Rich-e1519810306638-520x849.jpg 520w, http:\/\/www.hydroservice.fr\/wp-content\/uploads\/WP_20171222_07_19_25_Rich-e1519810306638-360x587.jpg 360w, http:\/\/www.hydroservice.fr\/wp-content\/uploads\/WP_20171222_07_19_25_Rich-e1519810306638-250x408.jpg 250w, http:\/\/www.hydroservice.fr\/wp-content\/uploads\/WP_20171222_07_19_25_Rich-e1519810306638-100x163.jpg 100w, http:\/\/www.hydroservice.fr\/wp-content\/uploads\/WP_20171222_07_19_25_Rich-e1519810306638.jpg 1437w\" sizes=\"(max-width: 184px) 100vw, 184px\" \/>\n\t\t\t<\/div><\/figure>\n\t\t<\/div>\n\n<\/div>\n<div class=\"column\">Groupe moto pompe a\u0300 vis 30 l\/min<br \/>\nVariateur de vitesse dans le but d\u2019optimiser les e\u0301le\u0301ments filtrant<br \/>\nCorps de filtre en Inox supra disc PALL pour 4 modules 16\u2019\u2019<\/div>\n<div class=\"column\">Echangeur thermique et vanne thermostatique<\/div>\n<div class=\"column\">Purgeur automatique<\/div>\n<div class=\"column\">Groupe moto pompe pour vidange<\/div>\n<\/div>\n<div class=\"column\">\n<h3>Banc d&rsquo;essai pression<\/h3>\n<div id='gallery-2' class='gallery galleryid-45 gallery-columns-3 gallery-size-medium'><figure class='gallery-item'>\n\t\t\t<div class='gallery-icon portrait'>\n\t\t\t\t<img loading=\"lazy\" decoding=\"async\" width=\"248\" height=\"300\" src=\"http:\/\/www.hydroservice.fr\/wp-content\/uploads\/Banc-essai-pression-248x300.png\" class=\"attachment-medium size-medium\" alt=\"\" srcset=\"http:\/\/www.hydroservice.fr\/wp-content\/uploads\/Banc-essai-pression-248x300.png 248w, http:\/\/www.hydroservice.fr\/wp-content\/uploads\/Banc-essai-pression-768x928.png 768w, http:\/\/www.hydroservice.fr\/wp-content\/uploads\/Banc-essai-pression-847x1024.png 847w, http:\/\/www.hydroservice.fr\/wp-content\/uploads\/Banc-essai-pression-700x846.png 700w, http:\/\/www.hydroservice.fr\/wp-content\/uploads\/Banc-essai-pression-520x628.png 520w, http:\/\/www.hydroservice.fr\/wp-content\/uploads\/Banc-essai-pression-360x435.png 360w, http:\/\/www.hydroservice.fr\/wp-content\/uploads\/Banc-essai-pression-250x302.png 250w, http:\/\/www.hydroservice.fr\/wp-content\/uploads\/Banc-essai-pression-100x121.png 100w, http:\/\/www.hydroservice.fr\/wp-content\/uploads\/Banc-essai-pression.png 1064w\" sizes=\"(max-width: 248px) 100vw, 248px\" \/>\n\t\t\t<\/div><\/figure><figure class='gallery-item'>\n\t\t\t<div class='gallery-icon portrait'>\n\t\t\t\t<img loading=\"lazy\" decoding=\"async\" width=\"199\" height=\"300\" src=\"http:\/\/www.hydroservice.fr\/wp-content\/uploads\/20180213_170900-e1519817535778-199x300.jpg\" class=\"attachment-medium size-medium\" alt=\"\" srcset=\"http:\/\/www.hydroservice.fr\/wp-content\/uploads\/20180213_170900-e1519817535778-199x300.jpg 199w, http:\/\/www.hydroservice.fr\/wp-content\/uploads\/20180213_170900-e1519817535778-768x1158.jpg 768w, http:\/\/www.hydroservice.fr\/wp-content\/uploads\/20180213_170900-e1519817535778-679x1024.jpg 679w, http:\/\/www.hydroservice.fr\/wp-content\/uploads\/20180213_170900-e1519817535778-700x1055.jpg 700w, http:\/\/www.hydroservice.fr\/wp-content\/uploads\/20180213_170900-e1519817535778-520x784.jpg 520w, http:\/\/www.hydroservice.fr\/wp-content\/uploads\/20180213_170900-e1519817535778-360x543.jpg 360w, http:\/\/www.hydroservice.fr\/wp-content\/uploads\/20180213_170900-e1519817535778-250x377.jpg 250w, http:\/\/www.hydroservice.fr\/wp-content\/uploads\/20180213_170900-e1519817535778-100x151.jpg 100w, http:\/\/www.hydroservice.fr\/wp-content\/uploads\/20180213_170900-e1519817535778.jpg 1672w\" sizes=\"(max-width: 199px) 100vw, 199px\" \/>\n\t\t\t<\/div><\/figure><figure class='gallery-item'>\n\t\t\t<div class='gallery-icon landscape'>\n\t\t\t\t<img loading=\"lazy\" decoding=\"async\" width=\"300\" height=\"169\" src=\"http:\/\/www.hydroservice.fr\/wp-content\/uploads\/20180214_085251-300x169.jpg\" class=\"attachment-medium size-medium\" alt=\"\" srcset=\"http:\/\/www.hydroservice.fr\/wp-content\/uploads\/20180214_085251-300x169.jpg 300w, http:\/\/www.hydroservice.fr\/wp-content\/uploads\/20180214_085251-768x432.jpg 768w, http:\/\/www.hydroservice.fr\/wp-content\/uploads\/20180214_085251-1024x576.jpg 1024w, http:\/\/www.hydroservice.fr\/wp-content\/uploads\/20180214_085251-700x394.jpg 700w, http:\/\/www.hydroservice.fr\/wp-content\/uploads\/20180214_085251-520x293.jpg 520w, http:\/\/www.hydroservice.fr\/wp-content\/uploads\/20180214_085251-360x203.jpg 360w, http:\/\/www.hydroservice.fr\/wp-content\/uploads\/20180214_085251-250x141.jpg 250w, http:\/\/www.hydroservice.fr\/wp-content\/uploads\/20180214_085251-100x56.jpg 100w\" sizes=\"(max-width: 300px) 100vw, 300px\" \/>\n\t\t\t<\/div><\/figure>\n\t\t<\/div>\n\n<div class=\"page\" title=\"Page 1\">\n<div class=\"section\">\n<div class=\"layoutArea\">\n<div class=\"column\">\n<p>Cha\u0302ssis acier me\u0301cano-soude\u0301 peint<\/p>\n<p>Enceinte inox + porte plexiglas + contacteur<\/p>\n<p>Bac de re\u0301tention et support de centrale hydropneumatique + care\u0301nage cha\u0302ssis<\/p>\n<p>Centrale Hydropneumatique<\/p>\n<p>Boitier de commandes<\/p>\n<\/div>\n<\/div>\n<\/div>\n<\/div>\n<h3>Centrale Hydraulique Mobile<\/h3>\n<div id='gallery-3' class='gallery galleryid-45 gallery-columns-3 gallery-size-medium'><figure class='gallery-item'>\n\t\t\t<div class='gallery-icon portrait'>\n\t\t\t\t<img loading=\"lazy\" decoding=\"async\" width=\"282\" height=\"300\" src=\"http:\/\/www.hydroservice.fr\/wp-content\/uploads\/Capture-d\u2019e\u0301cran-2018-02-28-a\u0300-10.59.15-282x300.png\" class=\"attachment-medium size-medium\" alt=\"\" srcset=\"http:\/\/www.hydroservice.fr\/wp-content\/uploads\/Capture-d\u2019e\u0301cran-2018-02-28-a\u0300-10.59.15-282x300.png 282w, http:\/\/www.hydroservice.fr\/wp-content\/uploads\/Capture-d\u2019e\u0301cran-2018-02-28-a\u0300-10.59.15-360x383.png 360w, http:\/\/www.hydroservice.fr\/wp-content\/uploads\/Capture-d\u2019e\u0301cran-2018-02-28-a\u0300-10.59.15-250x266.png 250w, http:\/\/www.hydroservice.fr\/wp-content\/uploads\/Capture-d\u2019e\u0301cran-2018-02-28-a\u0300-10.59.15-100x106.png 100w, http:\/\/www.hydroservice.fr\/wp-content\/uploads\/Capture-d\u2019e\u0301cran-2018-02-28-a\u0300-10.59.15.png 419w\" sizes=\"(max-width: 282px) 100vw, 282px\" \/>\n\t\t\t<\/div><\/figure><figure class='gallery-item'>\n\t\t\t<div class='gallery-icon landscape'>\n\t\t\t\t<img loading=\"lazy\" decoding=\"async\" width=\"300\" height=\"258\" src=\"http:\/\/www.hydroservice.fr\/wp-content\/uploads\/20180228_101000-e1519811887782-300x258.jpg\" class=\"attachment-medium size-medium\" alt=\"\" srcset=\"http:\/\/www.hydroservice.fr\/wp-content\/uploads\/20180228_101000-e1519811887782-300x258.jpg 300w, http:\/\/www.hydroservice.fr\/wp-content\/uploads\/20180228_101000-e1519811887782-768x660.jpg 768w, http:\/\/www.hydroservice.fr\/wp-content\/uploads\/20180228_101000-e1519811887782-1024x880.jpg 1024w, http:\/\/www.hydroservice.fr\/wp-content\/uploads\/20180228_101000-e1519811887782-700x602.jpg 700w, http:\/\/www.hydroservice.fr\/wp-content\/uploads\/20180228_101000-e1519811887782-520x447.jpg 520w, http:\/\/www.hydroservice.fr\/wp-content\/uploads\/20180228_101000-e1519811887782-360x309.jpg 360w, http:\/\/www.hydroservice.fr\/wp-content\/uploads\/20180228_101000-e1519811887782-250x215.jpg 250w, http:\/\/www.hydroservice.fr\/wp-content\/uploads\/20180228_101000-e1519811887782-100x86.jpg 100w, http:\/\/www.hydroservice.fr\/wp-content\/uploads\/20180228_101000-e1519811887782.jpg 1860w\" sizes=\"(max-width: 300px) 100vw, 300px\" \/>\n\t\t\t<\/div><\/figure><figure class='gallery-item'>\n\t\t\t<div class='gallery-icon landscape'>\n\t\t\t\t<img loading=\"lazy\" decoding=\"async\" width=\"300\" height=\"180\" src=\"http:\/\/www.hydroservice.fr\/wp-content\/uploads\/20180228_101034-e1519811926499-300x180.jpg\" class=\"attachment-medium size-medium\" alt=\"\" srcset=\"http:\/\/www.hydroservice.fr\/wp-content\/uploads\/20180228_101034-e1519811926499-300x180.jpg 300w, http:\/\/www.hydroservice.fr\/wp-content\/uploads\/20180228_101034-e1519811926499-768x462.jpg 768w, http:\/\/www.hydroservice.fr\/wp-content\/uploads\/20180228_101034-e1519811926499-1024x616.jpg 1024w, http:\/\/www.hydroservice.fr\/wp-content\/uploads\/20180228_101034-e1519811926499-700x421.jpg 700w, http:\/\/www.hydroservice.fr\/wp-content\/uploads\/20180228_101034-e1519811926499-520x313.jpg 520w, http:\/\/www.hydroservice.fr\/wp-content\/uploads\/20180228_101034-e1519811926499-360x217.jpg 360w, http:\/\/www.hydroservice.fr\/wp-content\/uploads\/20180228_101034-e1519811926499-250x150.jpg 250w, http:\/\/www.hydroservice.fr\/wp-content\/uploads\/20180228_101034-e1519811926499-100x60.jpg 100w\" sizes=\"(max-width: 300px) 100vw, 300px\" \/>\n\t\t\t<\/div><\/figure>\n\t\t<\/div>\n\n<div class=\"page\" title=\"Page 1\">\n<div class=\"section\">\n<div class=\"layoutArea\">\n<div class=\"column\">\n<p>R\u00e9servoir\u00a0200L sur goulotte de re\u0301tention avec roulettes<\/p>\n<p>Groupe motopompe compose\u0301 de : moteur e\u0301lectrique 7.5kw + pompe double engrenage inte\u0301rieurs<\/p>\n<div class=\"page\" title=\"Page 1\">\n<div class=\"section\">\n<div class=\"layoutArea\">\n<div class=\"column\">\n<p>Echangeur Air Huile<\/p>\n<div class=\"page\" title=\"Page 1\">\n<div class=\"section\">\n<div class=\"layoutArea\">\n<div class=\"column\">\n<p>Groupe de distribution Rexroth<\/p>\n<p>Conjoncteur disjoncteur<\/p>\n<\/div>\n<\/div>\n<\/div>\n<\/div>\n<\/div>\n<\/div>\n<\/div>\n<\/div>\n<\/div>\n<\/div>\n<\/div>\n<\/div>\n<h3>Groupe de filtration<\/h3>\n<\/div>\n<\/div>\n<\/div>\n<div id='gallery-4' class='gallery galleryid-45 gallery-columns-2 gallery-size-medium'><figure class='gallery-item'>\n\t\t\t<div class='gallery-icon landscape'>\n\t\t\t\t<img loading=\"lazy\" decoding=\"async\" width=\"300\" height=\"225\" src=\"http:\/\/www.hydroservice.fr\/wp-content\/uploads\/Groupe-Auto-1-300x225.jpg\" class=\"attachment-medium size-medium\" alt=\"\" srcset=\"http:\/\/www.hydroservice.fr\/wp-content\/uploads\/Groupe-Auto-1-300x225.jpg 300w, http:\/\/www.hydroservice.fr\/wp-content\/uploads\/Groupe-Auto-1-520x390.jpg 520w, http:\/\/www.hydroservice.fr\/wp-content\/uploads\/Groupe-Auto-1-360x270.jpg 360w, http:\/\/www.hydroservice.fr\/wp-content\/uploads\/Groupe-Auto-1-250x188.jpg 250w, http:\/\/www.hydroservice.fr\/wp-content\/uploads\/Groupe-Auto-1-100x75.jpg 100w, http:\/\/www.hydroservice.fr\/wp-content\/uploads\/Groupe-Auto-1.jpg 640w\" sizes=\"(max-width: 300px) 100vw, 300px\" \/>\n\t\t\t<\/div><\/figure><figure class='gallery-item'>\n\t\t\t<div class='gallery-icon portrait'>\n\t\t\t\t<img loading=\"lazy\" decoding=\"async\" width=\"225\" height=\"300\" src=\"http:\/\/www.hydroservice.fr\/wp-content\/uploads\/Groupe-Auto-2-225x300.jpg\" class=\"attachment-medium size-medium\" alt=\"\" srcset=\"http:\/\/www.hydroservice.fr\/wp-content\/uploads\/Groupe-Auto-2-225x300.jpg 225w, http:\/\/www.hydroservice.fr\/wp-content\/uploads\/Groupe-Auto-2-360x480.jpg 360w, http:\/\/www.hydroservice.fr\/wp-content\/uploads\/Groupe-Auto-2-250x333.jpg 250w, http:\/\/www.hydroservice.fr\/wp-content\/uploads\/Groupe-Auto-2-100x133.jpg 100w, http:\/\/www.hydroservice.fr\/wp-content\/uploads\/Groupe-Auto-2.jpg 480w\" sizes=\"(max-width: 225px) 100vw, 225px\" \/>\n\t\t\t<\/div><\/figure>\n\t\t<\/div>\n\n<p>Trois d\u00e9bits\u00a0: 50\/100\/150 l\/min.<\/p>\n<p>Pompe \u00e0 vis.<\/p>\n<p>Filtre PALL.<\/p>\n<p>Limiteur de pression 15 bar<\/p>\n<p>Armoire \u00e9lectrique de gestion<\/p>\n<h3>Filtration standard \/\u00a0Vanne de by-pass filtre<\/h3>\n<p><img loading=\"lazy\" decoding=\"async\" class=\"alignleft wp-image-369\" src=\"http:\/\/www.hydroservice.fr\/wp-content\/uploads\/Syst-3-210x300.png\" width=\"233\" height=\"333\" srcset=\"http:\/\/www.hydroservice.fr\/wp-content\/uploads\/Syst-3-210x300.png 210w, http:\/\/www.hydroservice.fr\/wp-content\/uploads\/Syst-3-250x358.png 250w, http:\/\/www.hydroservice.fr\/wp-content\/uploads\/Syst-3-100x143.png 100w, http:\/\/www.hydroservice.fr\/wp-content\/uploads\/Syst-3.png 285w\" sizes=\"(max-width: 233px) 100vw, 233px\" \/><\/p>\n<p>D\u00e9bit\u00a0: 30 l\/min<\/p>\n<p>Pompe \u00e0 engrenage.<\/p>\n<p>Moteur monophas\u00e9.<\/p>\n<p>Filtre PALL.<\/p>\n<p>Limiteur de pression 8 bar.<\/p>\n<p>Rallonge \u00e9lectrique.<\/p>\n<p>Boitier de d\u00e9marrage moteur.<\/p>\n<p>Canne d\u2019aspiration.<\/p>\n<p>Flexible aspiration et refoulement<\/p>\n<p>&nbsp;<\/p>\n<h3>Groupe de filtration supra-disc<\/h3>\n<p><img loading=\"lazy\" decoding=\"async\" class=\"alignleft wp-image-367 size-medium\" src=\"http:\/\/www.hydroservice.fr\/wp-content\/uploads\/Syst-5-209x300.png\" width=\"209\" height=\"300\" srcset=\"http:\/\/www.hydroservice.fr\/wp-content\/uploads\/Syst-5-209x300.png 209w, http:\/\/www.hydroservice.fr\/wp-content\/uploads\/Syst-5-250x360.png 250w, http:\/\/www.hydroservice.fr\/wp-content\/uploads\/Syst-5-100x144.png 100w, http:\/\/www.hydroservice.fr\/wp-content\/uploads\/Syst-5.png 294w\" sizes=\"(max-width: 209px) 100vw, 209px\" \/><\/p>\n<p>Filtre absorbant.<\/p>\n<p>Variateur de vitesse pour optimiser la filtration.<\/p>\n<p>Elimine les boues, les graisses, le vernis,\u2026<\/p>\n<p>Filtre PALL.<\/p>\n<p>Canne d\u2019aspiration.<\/p>\n<p>Flexible de refoulement<\/p>\n<p>&nbsp;<\/p>\n<p>&nbsp;<\/p>\n<p>&nbsp;<\/p>\n<h3>Groupe\u00a0de remplissage et filtration sur bac de r\u00e9tention<\/h3>\n<h3><\/h3>\n<div id='gallery-5' class='gallery galleryid-45 gallery-columns-3 gallery-size-medium'><figure class='gallery-item'>\n\t\t\t<div class='gallery-icon landscape'>\n\t\t\t\t<img loading=\"lazy\" decoding=\"async\" width=\"300\" height=\"208\" src=\"http:\/\/www.hydroservice.fr\/wp-content\/uploads\/GMF-plan-300x208.png\" class=\"attachment-medium size-medium\" alt=\"\" srcset=\"http:\/\/www.hydroservice.fr\/wp-content\/uploads\/GMF-plan-300x208.png 300w, http:\/\/www.hydroservice.fr\/wp-content\/uploads\/GMF-plan-768x532.png 768w, http:\/\/www.hydroservice.fr\/wp-content\/uploads\/GMF-plan-700x485.png 700w, http:\/\/www.hydroservice.fr\/wp-content\/uploads\/GMF-plan-520x360.png 520w, http:\/\/www.hydroservice.fr\/wp-content\/uploads\/GMF-plan-360x249.png 360w, http:\/\/www.hydroservice.fr\/wp-content\/uploads\/GMF-plan-250x173.png 250w, http:\/\/www.hydroservice.fr\/wp-content\/uploads\/GMF-plan-100x69.png 100w, http:\/\/www.hydroservice.fr\/wp-content\/uploads\/GMF-plan.png 785w\" sizes=\"(max-width: 300px) 100vw, 300px\" \/>\n\t\t\t<\/div><\/figure><figure class='gallery-item'>\n\t\t\t<div class='gallery-icon portrait'>\n\t\t\t\t<img loading=\"lazy\" decoding=\"async\" width=\"250\" height=\"300\" src=\"http:\/\/www.hydroservice.fr\/wp-content\/uploads\/3D-GMF-mobile-250x300.jpg\" class=\"attachment-medium size-medium\" alt=\"\" srcset=\"http:\/\/www.hydroservice.fr\/wp-content\/uploads\/3D-GMF-mobile-250x301.jpg 250w, http:\/\/www.hydroservice.fr\/wp-content\/uploads\/3D-GMF-mobile-520x625.jpg 520w, http:\/\/www.hydroservice.fr\/wp-content\/uploads\/3D-GMF-mobile-360x433.jpg 360w, http:\/\/www.hydroservice.fr\/wp-content\/uploads\/3D-GMF-mobile-100x120.jpg 100w, http:\/\/www.hydroservice.fr\/wp-content\/uploads\/3D-GMF-mobile.jpg 529w\" sizes=\"(max-width: 250px) 100vw, 250px\" \/>\n\t\t\t<\/div><\/figure><figure class='gallery-item'>\n\t\t\t<div class='gallery-icon portrait'>\n\t\t\t\t<img loading=\"lazy\" decoding=\"async\" width=\"169\" height=\"300\" src=\"http:\/\/www.hydroservice.fr\/wp-content\/uploads\/IMG_20170105_104742-169x300.jpg\" class=\"attachment-medium size-medium\" alt=\"\" srcset=\"http:\/\/www.hydroservice.fr\/wp-content\/uploads\/IMG_20170105_104742-169x300.jpg 169w, http:\/\/www.hydroservice.fr\/wp-content\/uploads\/IMG_20170105_104742.jpg 576w, http:\/\/www.hydroservice.fr\/wp-content\/uploads\/IMG_20170105_104742-520x924.jpg 520w, http:\/\/www.hydroservice.fr\/wp-content\/uploads\/IMG_20170105_104742-360x640.jpg 360w, http:\/\/www.hydroservice.fr\/wp-content\/uploads\/IMG_20170105_104742-250x444.jpg 250w, http:\/\/www.hydroservice.fr\/wp-content\/uploads\/IMG_20170105_104742-100x178.jpg 100w\" sizes=\"(max-width: 169px) 100vw, 169px\" \/>\n\t\t\t<\/div><\/figure>\n\t\t<\/div>\n\n<p>Pompe \u00e0 Palettes<\/p>\n<p>D\u00e9bit: 30 l\/min<\/p>\n<p>Vanne 3 voies pour s\u00e9lection de la filtration<\/p>\n<p>Bac de r\u00e9tention total<\/p>\n<p>S\u00e9curisation du fut<\/p>\n<p>Coupleurs de raccordements<\/p>\n<p>Filtre PALL<\/p>\n<h3>Conception et r\u00e9alisation d\u2019une maquette de d\u00e9tection de fuite<\/h3>\n<div id='gallery-6' class='gallery galleryid-45 gallery-columns-3 gallery-size-medium'><figure class='gallery-item'>\n\t\t\t<div class='gallery-icon landscape'>\n\t\t\t\t<img loading=\"lazy\" decoding=\"async\" width=\"300\" height=\"192\" src=\"http:\/\/www.hydroservice.fr\/wp-content\/uploads\/Maquette-fuite-0-300x192.png\" class=\"attachment-medium size-medium\" alt=\"\" srcset=\"http:\/\/www.hydroservice.fr\/wp-content\/uploads\/Maquette-fuite-0-300x192.png 300w, http:\/\/www.hydroservice.fr\/wp-content\/uploads\/Maquette-fuite-0-768x490.png 768w, http:\/\/www.hydroservice.fr\/wp-content\/uploads\/Maquette-fuite-0-1024x654.png 1024w, http:\/\/www.hydroservice.fr\/wp-content\/uploads\/Maquette-fuite-0-700x447.png 700w, http:\/\/www.hydroservice.fr\/wp-content\/uploads\/Maquette-fuite-0-520x332.png 520w, http:\/\/www.hydroservice.fr\/wp-content\/uploads\/Maquette-fuite-0-360x230.png 360w, http:\/\/www.hydroservice.fr\/wp-content\/uploads\/Maquette-fuite-0-250x160.png 250w, http:\/\/www.hydroservice.fr\/wp-content\/uploads\/Maquette-fuite-0-100x64.png 100w, http:\/\/www.hydroservice.fr\/wp-content\/uploads\/Maquette-fuite-0.png 1079w\" sizes=\"(max-width: 300px) 100vw, 300px\" \/>\n\t\t\t<\/div><\/figure><figure class='gallery-item'>\n\t\t\t<div class='gallery-icon portrait'>\n\t\t\t\t<img loading=\"lazy\" decoding=\"async\" width=\"225\" height=\"300\" src=\"http:\/\/www.hydroservice.fr\/wp-content\/uploads\/Maquette-fuite-1-225x300.jpg\" class=\"attachment-medium size-medium\" alt=\"\" srcset=\"http:\/\/www.hydroservice.fr\/wp-content\/uploads\/Maquette-fuite-1-225x300.jpg 225w, http:\/\/www.hydroservice.fr\/wp-content\/uploads\/Maquette-fuite-1-360x480.jpg 360w, http:\/\/www.hydroservice.fr\/wp-content\/uploads\/Maquette-fuite-1-250x333.jpg 250w, http:\/\/www.hydroservice.fr\/wp-content\/uploads\/Maquette-fuite-1-100x133.jpg 100w, http:\/\/www.hydroservice.fr\/wp-content\/uploads\/Maquette-fuite-1.jpg 480w\" sizes=\"(max-width: 225px) 100vw, 225px\" \/>\n\t\t\t<\/div><\/figure><figure class='gallery-item'>\n\t\t\t<div class='gallery-icon portrait'>\n\t\t\t\t<img loading=\"lazy\" decoding=\"async\" width=\"225\" height=\"300\" src=\"http:\/\/www.hydroservice.fr\/wp-content\/uploads\/Maquette-fuite-2-225x300.jpg\" class=\"attachment-medium size-medium\" alt=\"\" srcset=\"http:\/\/www.hydroservice.fr\/wp-content\/uploads\/Maquette-fuite-2-225x300.jpg 225w, http:\/\/www.hydroservice.fr\/wp-content\/uploads\/Maquette-fuite-2-360x480.jpg 360w, http:\/\/www.hydroservice.fr\/wp-content\/uploads\/Maquette-fuite-2-250x333.jpg 250w, http:\/\/www.hydroservice.fr\/wp-content\/uploads\/Maquette-fuite-2-100x133.jpg 100w, http:\/\/www.hydroservice.fr\/wp-content\/uploads\/Maquette-fuite-2.jpg 480w\" sizes=\"(max-width: 225px) 100vw, 225px\" \/>\n\t\t\t<\/div><\/figure>\n\t\t<\/div>\n\n<p>Cette maquette a pour but de former les intervenants \u00e0 installer des ceintures de d\u00e9tections \u00e0 ultrasons sur des conduites sensibles.<\/p>\n<p>Gr\u00e2ce \u00e0 cette maquette, il est possible de simuler une fuite et permettre aux op\u00e9rateurs de s\u2018exercer \u00e0 installer la ceinture de d\u00e9tections le plus rapidement possible.<\/p>\n<h3>Groupe de filtration portatif avec compteur de particule<\/h3>\n<p><img loading=\"lazy\" decoding=\"async\" class=\"alignleft wp-image-365 size-medium\" src=\"http:\/\/www.hydroservice.fr\/wp-content\/uploads\/Syst-7-246x300.png\" width=\"246\" height=\"300\" srcset=\"http:\/\/www.hydroservice.fr\/wp-content\/uploads\/Syst-7-246x300.png 246w, http:\/\/www.hydroservice.fr\/wp-content\/uploads\/Syst-7-250x305.png 250w, http:\/\/www.hydroservice.fr\/wp-content\/uploads\/Syst-7-100x122.png 100w, http:\/\/www.hydroservice.fr\/wp-content\/uploads\/Syst-7.png 270w\" sizes=\"(max-width: 246px) 100vw, 246px\" \/><\/p>\n<p>Pompe \u00e0 engrenage.<\/p>\n<p>d\u00e9bit\u00a0: 12 , 22 ou 42 l\/min.<\/p>\n<p>Filtre PALL.<\/p>\n<p>Limiteur de pression 10 bar.<\/p>\n<p>Compteur de particules pour v\u00e9rifier, optimiser la filtration et le filtre.<\/p>\n<p>Flexible d\u2019aspiration.<\/p>\n<p>Flexible de refoulement.<\/p>\n","protected":false},"excerpt":{"rendered":"<p>Activit\u00e9s principales R\u00e9alisation de syst\u00e8mes\u00a0hydrauliques et d\u2019armoires pneumatiques. R\u00e9alisation de syst\u00e8me de traitement et de d\u00e9pollution des liquides (huile, essence, eau\u2026) R\u00e9alisation du dossier technique Assistance et support \u00e0 la mise en route Moyens un atelier de 200 m2, \u00e9quip\u00e9 [&hellip;]<\/p>\n","protected":false},"author":1,"featured_media":0,"parent":0,"menu_order":50,"comment_status":"closed","ping_status":"closed","template":"page-templates\/page_fullwidth.php","meta":{"footnotes":""},"_links":{"self":[{"href":"http:\/\/www.hydroservice.fr\/index.php?rest_route=\/wp\/v2\/pages\/45"}],"collection":[{"href":"http:\/\/www.hydroservice.fr\/index.php?rest_route=\/wp\/v2\/pages"}],"about":[{"href":"http:\/\/www.hydroservice.fr\/index.php?rest_route=\/wp\/v2\/types\/page"}],"author":[{"embeddable":true,"href":"http:\/\/www.hydroservice.fr\/index.php?rest_route=\/wp\/v2\/users\/1"}],"replies":[{"embeddable":true,"href":"http:\/\/www.hydroservice.fr\/index.php?rest_route=%2Fwp%2Fv2%2Fcomments&post=45"}],"version-history":[{"count":0,"href":"http:\/\/www.hydroservice.fr\/index.php?rest_route=\/wp\/v2\/pages\/45\/revisions"}],"wp:attachment":[{"href":"http:\/\/www.hydroservice.fr\/index.php?rest_route=%2Fwp%2Fv2%2Fmedia&parent=45"}],"curies":[{"name":"wp","href":"https:\/\/api.w.org\/{rel}","templated":true}]}}