{"id":448,"date":"2017-04-15T21:55:16","date_gmt":"2017-04-15T20:55:16","guid":{"rendered":"http:\/\/www.hydroservice.fr\/?page_id=448"},"modified":"2017-05-04T09:54:07","modified_gmt":"2017-05-04T08:54:07","slug":"audit-de-centrales-hydrauliques","status":"publish","type":"page","link":"http:\/\/www.hydroservice.fr\/?page_id=448","title":{"rendered":"Audit de centrales hydrauliques"},"content":{"rendered":"<h3>Audit, Analyse, Inspection<\/h3>\n<ul>\n<li>Relev\u00e9 des composants.<\/li>\n<li>Relev\u00e9 des caract\u00e9ristiques.<\/li>\n<li>V\u00e9rifications de la conformit\u00e9.<\/li>\n<li>V\u00e9rifications du bon fonctionnement.<\/li>\n<\/ul>\n<h3>Rapport d\u2019audit<\/h3>\n<ul>\n<li>Synth\u00e8se des relev\u00e9s.<\/li>\n<li>D\u00e9termination des anomalies (s\u00e9curit\u00e9, filtrations, temp\u00e9rature,\u00a0\u2026.).<\/li>\n<li>Objectif \u00e0 atteindre par rapport aux composants et \u00e0 votre besoin.<\/li>\n<\/ul>\n<div id='gallery-1' class='gallery galleryid-448 gallery-columns-2 gallery-size-medium'><figure class='gallery-item'>\n\t\t\t<div class='gallery-icon landscape'>\n\t\t\t\t<img loading=\"lazy\" decoding=\"async\" width=\"300\" height=\"248\" src=\"http:\/\/www.hydroservice.fr\/wp-content\/uploads\/Audit-releve-300x248.png\" class=\"attachment-medium size-medium\" alt=\"\" srcset=\"http:\/\/www.hydroservice.fr\/wp-content\/uploads\/Audit-releve-300x248.png 300w, http:\/\/www.hydroservice.fr\/wp-content\/uploads\/Audit-releve-360x297.png 360w, http:\/\/www.hydroservice.fr\/wp-content\/uploads\/Audit-releve-250x206.png 250w, http:\/\/www.hydroservice.fr\/wp-content\/uploads\/Audit-releve-100x83.png 100w, http:\/\/www.hydroservice.fr\/wp-content\/uploads\/Audit-releve.png 469w\" sizes=\"(max-width: 300px) 100vw, 300px\" \/>\n\t\t\t<\/div><\/figure><figure class='gallery-item'>\n\t\t\t<div class='gallery-icon portrait'>\n\t\t\t\t<img loading=\"lazy\" decoding=\"async\" width=\"255\" height=\"300\" src=\"http:\/\/www.hydroservice.fr\/wp-content\/uploads\/Audit-Rapport-255x300.png\" class=\"attachment-medium size-medium\" alt=\"\" srcset=\"http:\/\/www.hydroservice.fr\/wp-content\/uploads\/Audit-Rapport-255x300.png 255w, http:\/\/www.hydroservice.fr\/wp-content\/uploads\/Audit-Rapport-360x424.png 360w, http:\/\/www.hydroservice.fr\/wp-content\/uploads\/Audit-Rapport-250x294.png 250w, http:\/\/www.hydroservice.fr\/wp-content\/uploads\/Audit-Rapport-100x118.png 100w, http:\/\/www.hydroservice.fr\/wp-content\/uploads\/Audit-Rapport.png 503w\" sizes=\"(max-width: 255px) 100vw, 255px\" \/>\n\t\t\t<\/div><\/figure>\n\t\t<\/div>\n\n","protected":false},"excerpt":{"rendered":"<p>Audit, Analyse, Inspection Relev\u00e9 des composants. Relev\u00e9 des caract\u00e9ristiques. V\u00e9rifications de la conformit\u00e9. V\u00e9rifications du bon fonctionnement. Rapport d\u2019audit Synth\u00e8se des relev\u00e9s. D\u00e9termination des anomalies (s\u00e9curit\u00e9, filtrations, temp\u00e9rature,\u00a0\u2026.). Objectif \u00e0 atteindre par rapport aux composants et \u00e0 votre besoin.<\/p>\n","protected":false},"author":1,"featured_media":0,"parent":49,"menu_order":10,"comment_status":"closed","ping_status":"closed","template":"page-templates\/page_fullwidth.php","meta":{"footnotes":""},"_links":{"self":[{"href":"http:\/\/www.hydroservice.fr\/index.php?rest_route=\/wp\/v2\/pages\/448"}],"collection":[{"href":"http:\/\/www.hydroservice.fr\/index.php?rest_route=\/wp\/v2\/pages"}],"about":[{"href":"http:\/\/www.hydroservice.fr\/index.php?rest_route=\/wp\/v2\/types\/page"}],"author":[{"embeddable":true,"href":"http:\/\/www.hydroservice.fr\/index.php?rest_route=\/wp\/v2\/users\/1"}],"replies":[{"embeddable":true,"href":"http:\/\/www.hydroservice.fr\/index.php?rest_route=%2Fwp%2Fv2%2Fcomments&post=448"}],"version-history":[{"count":0,"href":"http:\/\/www.hydroservice.fr\/index.php?rest_route=\/wp\/v2\/pages\/448\/revisions"}],"up":[{"embeddable":true,"href":"http:\/\/www.hydroservice.fr\/index.php?rest_route=\/wp\/v2\/pages\/49"}],"wp:attachment":[{"href":"http:\/\/www.hydroservice.fr\/index.php?rest_route=%2Fwp%2Fv2%2Fmedia&parent=448"}],"curies":[{"name":"wp","href":"https:\/\/api.w.org\/{rel}","templated":true}]}}