{"id":446,"date":"2017-04-15T21:50:41","date_gmt":"2017-04-15T20:50:41","guid":{"rendered":"http:\/\/www.hydroservice.fr\/?page_id=446"},"modified":"2018-07-04T10:11:03","modified_gmt":"2018-07-04T09:11:03","slug":"laboratoire-de-proximite","status":"publish","type":"page","link":"http:\/\/www.hydroservice.fr\/?page_id=446","title":{"rendered":"Laboratoire de Proximit\u00e9"},"content":{"rendered":"<p>Situ\u00e9 au si\u00e8ge de Limoges, nos \u00e9quipements de diagnostic de pointe nous permettent d\u2019anticiper vos \u00e9ventuelles difficult\u00e9s.<\/p>\n<p>Nous pouvons d\u00e9terminer avec exactitude la nature et le taux de pollution qui alt\u00e8rent le bon fonctionnement de vos syst\u00e8mes hydrauliques, pour vous proposer ensuite des solutions efficaces de d\u00e9pollution des fluides.<\/p>\n<h3>Analyse<\/h3>\n<ul>\n<li>Pr\u00e9l\u00e8vement des fluides.<\/li>\n<li>Observation microscopique.<\/li>\n<li>Comptage laser\u00a0particulaire.<\/li>\n<li>Membrane pour d\u00e9termination du type de particules.<\/li>\n<li>Teneur en eau (libre et non libre).<\/li>\n<\/ul>\n<h3>R\u00e9daction du rapport<\/h3>\n<ul>\n<li>Photo de la membrane<\/li>\n<li>Objectif de pollution d\u00e9termin\u00e9 par rapport \u00e0 vos composants et \u00e0 votre sensibilit\u00e9 machine.<\/li>\n<li>Historique des r\u00e9sultats d\u2019analyses.<\/li>\n<li>Commentaire sur les r\u00e9sultats.<\/li>\n<li>Recommandations d\u2019am\u00e9lioration<\/li>\n<\/ul>\n<p><img loading=\"lazy\" decoding=\"async\" class=\"aligncenter wp-image-347\" src=\"http:\/\/www.hydroservice.fr\/wp-content\/uploads\/Labo-Rapport-300x130.png\" width=\"667\" height=\"289\" srcset=\"http:\/\/www.hydroservice.fr\/wp-content\/uploads\/Labo-Rapport-300x130.png 300w, http:\/\/www.hydroservice.fr\/wp-content\/uploads\/Labo-Rapport-768x332.png 768w, http:\/\/www.hydroservice.fr\/wp-content\/uploads\/Labo-Rapport-1024x442.png 1024w, http:\/\/www.hydroservice.fr\/wp-content\/uploads\/Labo-Rapport-700x302.png 700w, http:\/\/www.hydroservice.fr\/wp-content\/uploads\/Labo-Rapport-520x225.png 520w, http:\/\/www.hydroservice.fr\/wp-content\/uploads\/Labo-Rapport-360x155.png 360w, http:\/\/www.hydroservice.fr\/wp-content\/uploads\/Labo-Rapport-250x108.png 250w, http:\/\/www.hydroservice.fr\/wp-content\/uploads\/Labo-Rapport-100x43.png 100w, http:\/\/www.hydroservice.fr\/wp-content\/uploads\/Labo-Rapport.png 1116w\" sizes=\"(max-width: 667px) 100vw, 667px\" \/><\/p>\n<p>&nbsp;<\/p>\n<p>T\u00e9l\u00e9charger la plaquette:\u00a0<a href=\"http:\/\/www.hydroservice.fr\/wp-content\/uploads\/HSC-Labo-Analyse-Huile-2018.pdf\">Laboratoire d&rsquo;analyse d&rsquo;huile<\/a><\/p>\n","protected":false},"excerpt":{"rendered":"<p>Situ\u00e9 au si\u00e8ge de Limoges, nos \u00e9quipements de diagnostic de pointe nous permettent d\u2019anticiper vos \u00e9ventuelles difficult\u00e9s. Nous pouvons d\u00e9terminer avec exactitude la nature et le taux de pollution qui alt\u00e8rent le bon fonctionnement de vos syst\u00e8mes hydrauliques, pour vous [&hellip;]<\/p>\n","protected":false},"author":1,"featured_media":0,"parent":49,"menu_order":0,"comment_status":"closed","ping_status":"closed","template":"page-templates\/page_fullwidth.php","meta":{"footnotes":""},"_links":{"self":[{"href":"http:\/\/www.hydroservice.fr\/index.php?rest_route=\/wp\/v2\/pages\/446"}],"collection":[{"href":"http:\/\/www.hydroservice.fr\/index.php?rest_route=\/wp\/v2\/pages"}],"about":[{"href":"http:\/\/www.hydroservice.fr\/index.php?rest_route=\/wp\/v2\/types\/page"}],"author":[{"embeddable":true,"href":"http:\/\/www.hydroservice.fr\/index.php?rest_route=\/wp\/v2\/users\/1"}],"replies":[{"embeddable":true,"href":"http:\/\/www.hydroservice.fr\/index.php?rest_route=%2Fwp%2Fv2%2Fcomments&post=446"}],"version-history":[{"count":0,"href":"http:\/\/www.hydroservice.fr\/index.php?rest_route=\/wp\/v2\/pages\/446\/revisions"}],"up":[{"embeddable":true,"href":"http:\/\/www.hydroservice.fr\/index.php?rest_route=\/wp\/v2\/pages\/49"}],"wp:attachment":[{"href":"http:\/\/www.hydroservice.fr\/index.php?rest_route=%2Fwp%2Fv2%2Fmedia&parent=446"}],"curies":[{"name":"wp","href":"https:\/\/api.w.org\/{rel}","templated":true}]}}