{"id":37,"date":"2017-02-15T16:32:49","date_gmt":"2017-02-15T15:32:49","guid":{"rendered":"http:\/\/hhconsultingtest.free.fr\/?page_id=37"},"modified":"2020-04-06T21:12:10","modified_gmt":"2020-04-06T20:12:10","slug":"negoce","status":"publish","type":"page","link":"http:\/\/www.hydroservice.fr\/?page_id=37","title":{"rendered":"N\u00e9goce"},"content":{"rendered":"<h2>HSC n\u00e9goce, des produits diversifi\u00e9s et de qualit\u00e9<\/h2>\n<p>Fort de <a href=\"http:\/\/www.hydroservice.fr\/?page_id=323\"><strong>partenariats avec les leaders<\/strong><\/a> de leur domaine, nous\u00a0sommes id\u00e9alement positionn\u00e9s pour vous offrir le meilleur service sur un <strong>vaste gamme de produits<\/strong> du march\u00e9, sans pour autant n\u00e9gliger les possibilit\u00e9s <strong>d&rsquo;interchangeabilit\u00e9<\/strong> entre ceux ci.<\/p>\n<h2>HSC, des comp\u00e9tences techniques pointues<\/h2>\n<p>Chaque membre de notre <strong>\u00e9quipe est form\u00e9<\/strong> en hydraulique, pneumatique et connectique, dans l&rsquo;objectif <strong>d&rsquo;analyser<\/strong> au mieux vos besoins, <strong>d&rsquo;orienter<\/strong> au mieux votre demande. En outre nous mettons un point d&rsquo;honneur \u00e0 connaitre tous les produits du march\u00e9.<\/p>\n<h2>HSC, \u00e0 votre service au quotidien<\/h2>\n<p>Vous pouvez rencontrer nos \u00e9quipes aux agences de <strong>Limoges<\/strong> et <b>Ch\u00e2tellerault<\/b>\u00a0qui disposent d&rsquo;un <strong>comptoir<\/strong> pour une service de conseil\/vente en direct, ou bien via notre <strong>\u00e9quipe commerciale<\/strong> joignable par t\u00e9l\u00e9phone, fax et\u00a0email (<a href=\"http:\/\/www.hydroservice.fr\/?page_id=52\">Contact<\/a>).<\/p>\n<p>Pour plus d&rsquo;information sur les produits propos\u00e9s merci de consulter les pages suivantes:<\/p>\n<ul>\n<li><a href=\"http:\/\/www.hydroservice.fr\/?page_id=23\">N\u00e9goce Mobile (Agricole \/ TP)<\/a><\/li>\n<li><a href=\"http:\/\/www.hydroservice.fr\/?page_id=41\">N\u00e9goce Pneumatique<\/a><\/li>\n<li><a href=\"http:\/\/www.hydroservice.fr\/?page_id=1560\">N\u00e9goce Hydraulique<\/a><\/li>\n<\/ul>\n","protected":false},"excerpt":{"rendered":"<p>HSC n\u00e9goce, des produits diversifi\u00e9s et de qualit\u00e9 Fort de partenariats avec les leaders de leur domaine, nous\u00a0sommes id\u00e9alement positionn\u00e9s pour vous offrir le meilleur service sur un vaste gamme de produits du march\u00e9, sans pour autant n\u00e9gliger les possibilit\u00e9s [&hellip;]<\/p>\n","protected":false},"author":1,"featured_media":0,"parent":0,"menu_order":30,"comment_status":"closed","ping_status":"closed","template":"","meta":{"footnotes":""},"_links":{"self":[{"href":"http:\/\/www.hydroservice.fr\/index.php?rest_route=\/wp\/v2\/pages\/37"}],"collection":[{"href":"http:\/\/www.hydroservice.fr\/index.php?rest_route=\/wp\/v2\/pages"}],"about":[{"href":"http:\/\/www.hydroservice.fr\/index.php?rest_route=\/wp\/v2\/types\/page"}],"author":[{"embeddable":true,"href":"http:\/\/www.hydroservice.fr\/index.php?rest_route=\/wp\/v2\/users\/1"}],"replies":[{"embeddable":true,"href":"http:\/\/www.hydroservice.fr\/index.php?rest_route=%2Fwp%2Fv2%2Fcomments&post=37"}],"version-history":[{"count":0,"href":"http:\/\/www.hydroservice.fr\/index.php?rest_route=\/wp\/v2\/pages\/37\/revisions"}],"wp:attachment":[{"href":"http:\/\/www.hydroservice.fr\/index.php?rest_route=%2Fwp%2Fv2%2Fmedia&parent=37"}],"curies":[{"name":"wp","href":"https:\/\/api.w.org\/{rel}","templated":true}]}}