{"id":328,"date":"2017-04-10T22:37:07","date_gmt":"2017-04-10T21:37:07","guid":{"rendered":"http:\/\/www.hydroservice.fr\/?page_id=328"},"modified":"2018-02-28T11:14:52","modified_gmt":"2018-02-28T10:14:52","slug":"location","status":"publish","type":"page","link":"http:\/\/www.hydroservice.fr\/?page_id=328","title":{"rendered":"Location"},"content":{"rendered":"<p>HSC propose une large gamme de location de mat\u00e9riel principalement destin\u00e9 \u00e0 la filtration\/d\u00e9pollution des huiles hydrauliques pour des courtes (\u00e0 partir de 2 semaines) et longues dur\u00e9es (jusqu&rsquo;\u00e0 4 ans).<\/p>\n<h3>Groupes de filtration et d\u00e9pollution\u00a0de\u00a0capacit\u00e9 variable<\/h3>\n<p>5\u00a0groupes disponibles en location.<\/p>\n<p>Caract\u00e9ristiques:<\/p>\n<ul>\n<li>D\u00e9bit de 15 \u00e0 90 l\/min<\/li>\n<li>Filtres PALL (de 8&Prime; \u00e0 24&Prime;), efficacit\u00e9 de filtration ajustable en fonction du besoin, indicateur de colmatage visuel inclus.<\/li>\n<li>Tension Utilisation 220V ou 380V<\/li>\n<li>Fourni avec raccords et flexibles (aspiration et refoulement)<\/li>\n<li>Peut \u00eatre fourni avec raccordement \u00e9lectrique (rallonge enrouleur)<\/li>\n<li>Suivant mod\u00e8le:\n<ul>\n<li>boitier de d\u00e9marrage<\/li>\n<li>limiteur de pression<\/li>\n<li>pompe \u00e0 palette ou engrenages<\/li>\n<li>vanne 3 voies ou coupleur, permettant\u00a0l&rsquo;utilisation du filtre ou non<\/li>\n<\/ul>\n<\/li>\n<\/ul>\n<h3><\/h3>\n<div id='gallery-1' class='gallery galleryid-328 gallery-columns-2 gallery-size-medium'><figure class='gallery-item'>\n\t\t\t<div class='gallery-icon portrait'>\n\t\t\t\t<img loading=\"lazy\" decoding=\"async\" width=\"225\" height=\"300\" src=\"http:\/\/www.hydroservice.fr\/wp-content\/uploads\/IMG_6772-225x300.jpg\" class=\"attachment-medium size-medium\" alt=\"\" srcset=\"http:\/\/www.hydroservice.fr\/wp-content\/uploads\/IMG_6772-225x300.jpg 225w, http:\/\/www.hydroservice.fr\/wp-content\/uploads\/IMG_6772-360x480.jpg 360w, http:\/\/www.hydroservice.fr\/wp-content\/uploads\/IMG_6772-250x333.jpg 250w, http:\/\/www.hydroservice.fr\/wp-content\/uploads\/IMG_6772-100x133.jpg 100w, http:\/\/www.hydroservice.fr\/wp-content\/uploads\/IMG_6772.jpg 480w\" sizes=\"(max-width: 225px) 100vw, 225px\" \/>\n\t\t\t<\/div><\/figure><figure class='gallery-item'>\n\t\t\t<div class='gallery-icon portrait'>\n\t\t\t\t<img loading=\"lazy\" decoding=\"async\" width=\"225\" height=\"300\" src=\"http:\/\/www.hydroservice.fr\/wp-content\/uploads\/IMG_5908-225x300.jpg\" class=\"attachment-medium size-medium\" alt=\"\" srcset=\"http:\/\/www.hydroservice.fr\/wp-content\/uploads\/IMG_5908-225x300.jpg 225w, http:\/\/www.hydroservice.fr\/wp-content\/uploads\/IMG_5908-360x480.jpg 360w, http:\/\/www.hydroservice.fr\/wp-content\/uploads\/IMG_5908-250x333.jpg 250w, http:\/\/www.hydroservice.fr\/wp-content\/uploads\/IMG_5908-100x133.jpg 100w, http:\/\/www.hydroservice.fr\/wp-content\/uploads\/IMG_5908.jpg 480w\" sizes=\"(max-width: 225px) 100vw, 225px\" \/>\n\t\t\t<\/div><\/figure><figure class='gallery-item'>\n\t\t\t<div class='gallery-icon portrait'>\n\t\t\t\t<img loading=\"lazy\" decoding=\"async\" width=\"225\" height=\"300\" src=\"http:\/\/www.hydroservice.fr\/wp-content\/uploads\/IMG_9344-225x300.jpg\" class=\"attachment-medium size-medium\" alt=\"\" srcset=\"http:\/\/www.hydroservice.fr\/wp-content\/uploads\/IMG_9344-225x300.jpg 225w, http:\/\/www.hydroservice.fr\/wp-content\/uploads\/IMG_9344-360x480.jpg 360w, http:\/\/www.hydroservice.fr\/wp-content\/uploads\/IMG_9344-250x333.jpg 250w, http:\/\/www.hydroservice.fr\/wp-content\/uploads\/IMG_9344-100x133.jpg 100w, http:\/\/www.hydroservice.fr\/wp-content\/uploads\/IMG_9344.jpg 480w\" sizes=\"(max-width: 225px) 100vw, 225px\" \/>\n\t\t\t<\/div><\/figure><figure class='gallery-item'>\n\t\t\t<div class='gallery-icon portrait'>\n\t\t\t\t<img loading=\"lazy\" decoding=\"async\" width=\"169\" height=\"300\" src=\"http:\/\/www.hydroservice.fr\/wp-content\/uploads\/WP_20160912_16_33_46_Pro-169x300.jpg\" class=\"attachment-medium size-medium\" alt=\"\" srcset=\"http:\/\/www.hydroservice.fr\/wp-content\/uploads\/WP_20160912_16_33_46_Pro-169x300.jpg 169w, http:\/\/www.hydroservice.fr\/wp-content\/uploads\/WP_20160912_16_33_46_Pro-768x1365.jpg 768w, http:\/\/www.hydroservice.fr\/wp-content\/uploads\/WP_20160912_16_33_46_Pro-576x1024.jpg 576w, http:\/\/www.hydroservice.fr\/wp-content\/uploads\/WP_20160912_16_33_46_Pro-700x1244.jpg 700w, http:\/\/www.hydroservice.fr\/wp-content\/uploads\/WP_20160912_16_33_46_Pro-520x924.jpg 520w, http:\/\/www.hydroservice.fr\/wp-content\/uploads\/WP_20160912_16_33_46_Pro-360x640.jpg 360w, http:\/\/www.hydroservice.fr\/wp-content\/uploads\/WP_20160912_16_33_46_Pro-250x444.jpg 250w, http:\/\/www.hydroservice.fr\/wp-content\/uploads\/WP_20160912_16_33_46_Pro-100x178.jpg 100w, http:\/\/www.hydroservice.fr\/wp-content\/uploads\/WP_20160912_16_33_46_Pro.jpg 918w\" sizes=\"(max-width: 169px) 100vw, 169px\" \/>\n\t\t\t<\/div><\/figure>\n\t\t<\/div>\n\n<h3><strong>Purificateur de fluides<\/strong><\/h3>\n<p><img loading=\"lazy\" decoding=\"async\" class=\"alignleft size-medium wp-image-945\" src=\"http:\/\/www.hydroservice.fr\/wp-content\/uploads\/HNP023_Series_Oil_Purifier_500x500-300x300.jpg\" alt=\"\" width=\"300\" height=\"300\" srcset=\"http:\/\/www.hydroservice.fr\/wp-content\/uploads\/HNP023_Series_Oil_Purifier_500x500-300x300.jpg 300w, http:\/\/www.hydroservice.fr\/wp-content\/uploads\/HNP023_Series_Oil_Purifier_500x500-150x150.jpg 150w, http:\/\/www.hydroservice.fr\/wp-content\/uploads\/HNP023_Series_Oil_Purifier_500x500-360x360.jpg 360w, http:\/\/www.hydroservice.fr\/wp-content\/uploads\/HNP023_Series_Oil_Purifier_500x500-250x250.jpg 250w, http:\/\/www.hydroservice.fr\/wp-content\/uploads\/HNP023_Series_Oil_Purifier_500x500-100x100.jpg 100w, http:\/\/www.hydroservice.fr\/wp-content\/uploads\/HNP023_Series_Oil_Purifier_500x500.jpg 500w\" sizes=\"(max-width: 300px) 100vw, 300px\" \/><\/p>\n<p>&nbsp;<\/p>\n<p>&nbsp;<\/p>\n<p>&nbsp;<\/p>\n<p>&nbsp;<\/p>\n<p>&nbsp;<\/p>\n<p>&nbsp;<\/p>\n<p>&nbsp;<\/p>\n<p>&nbsp;<\/p>\n<p>Traite les huiles pour les probl\u00e8mes d\u2019eau dissoute,\u00a0 libre et de Gaz<\/p>\n<h3>Compteur de particules<\/h3>\n<p><img loading=\"lazy\" decoding=\"async\" class=\"alignnone wp-image-356 size-medium\" src=\"http:\/\/www.hydroservice.fr\/wp-content\/uploads\/Compteur-300x225.png\" width=\"300\" height=\"225\" srcset=\"http:\/\/www.hydroservice.fr\/wp-content\/uploads\/Compteur-300x225.png 300w, http:\/\/www.hydroservice.fr\/wp-content\/uploads\/Compteur-360x271.png 360w, http:\/\/www.hydroservice.fr\/wp-content\/uploads\/Compteur-250x188.png 250w, http:\/\/www.hydroservice.fr\/wp-content\/uploads\/Compteur-100x75.png 100w, http:\/\/www.hydroservice.fr\/wp-content\/uploads\/Compteur.png 495w\" sizes=\"(max-width: 300px) 100vw, 300px\" \/><\/p>\n<ul>\n<li>Comptage laser des particules.<\/li>\n<li>Mise en place sur ligne pression ou en aspiration.<\/li>\n<li>Programmation du nombre de pr\u00e9l\u00e8vement.<\/li>\n<li>Impression sur ticket des r\u00e9sultats.<\/li>\n<li>Flexible de refoulement.<\/li>\n<\/ul>\n<h3>Divers petits syst\u00e8mes hydrauliques<\/h3>\n<ul>\n<li>V\u00e9rin compact<\/li>\n<li>Pompe \u00e0 main<\/li>\n<\/ul>\n","protected":false},"excerpt":{"rendered":"<p>HSC propose une large gamme de location de mat\u00e9riel principalement destin\u00e9 \u00e0 la filtration\/d\u00e9pollution des huiles hydrauliques pour des courtes (\u00e0 partir de 2 semaines) et longues dur\u00e9es (jusqu&rsquo;\u00e0 4 ans). Groupes de filtration et d\u00e9pollution\u00a0de\u00a0capacit\u00e9 variable 5\u00a0groupes disponibles en [&hellip;]<\/p>\n","protected":false},"author":1,"featured_media":0,"parent":0,"menu_order":80,"comment_status":"closed","ping_status":"closed","template":"","meta":{"footnotes":""},"_links":{"self":[{"href":"http:\/\/www.hydroservice.fr\/index.php?rest_route=\/wp\/v2\/pages\/328"}],"collection":[{"href":"http:\/\/www.hydroservice.fr\/index.php?rest_route=\/wp\/v2\/pages"}],"about":[{"href":"http:\/\/www.hydroservice.fr\/index.php?rest_route=\/wp\/v2\/types\/page"}],"author":[{"embeddable":true,"href":"http:\/\/www.hydroservice.fr\/index.php?rest_route=\/wp\/v2\/users\/1"}],"replies":[{"embeddable":true,"href":"http:\/\/www.hydroservice.fr\/index.php?rest_route=%2Fwp%2Fv2%2Fcomments&post=328"}],"version-history":[{"count":0,"href":"http:\/\/www.hydroservice.fr\/index.php?rest_route=\/wp\/v2\/pages\/328\/revisions"}],"wp:attachment":[{"href":"http:\/\/www.hydroservice.fr\/index.php?rest_route=%2Fwp%2Fv2%2Fmedia&parent=328"}],"curies":[{"name":"wp","href":"https:\/\/api.w.org\/{rel}","templated":true}]}}