{"id":2336,"date":"2025-01-20T11:33:14","date_gmt":"2025-01-20T10:33:14","guid":{"rendered":"http:\/\/www.hydroservice.fr\/?page_id=2336"},"modified":"2025-01-20T11:33:14","modified_gmt":"2025-01-20T10:33:14","slug":"eaton-energie-durable","status":"publish","type":"page","link":"http:\/\/www.hydroservice.fr\/?page_id=2336","title":{"rendered":"EATON &#8211; Energie Durable"},"content":{"rendered":"<p><a href=\"http:\/\/www.hydroservice.fr\/wp-content\/uploads\/Capture-decran-2025-01-20-102851.png\"><img loading=\"lazy\" decoding=\"async\" class=\"aligncenter wp-image-2337 size-full\" src=\"http:\/\/www.hydroservice.fr\/wp-content\/uploads\/Capture-decran-2025-01-20-102851.png\" alt=\"\" width=\"311\" height=\"105\" srcset=\"http:\/\/www.hydroservice.fr\/wp-content\/uploads\/Capture-decran-2025-01-20-102851.png 311w, http:\/\/www.hydroservice.fr\/wp-content\/uploads\/Capture-decran-2025-01-20-102851-300x101.png 300w, http:\/\/www.hydroservice.fr\/wp-content\/uploads\/Capture-decran-2025-01-20-102851-250x84.png 250w, http:\/\/www.hydroservice.fr\/wp-content\/uploads\/Capture-decran-2025-01-20-102851-100x34.png 100w\" sizes=\"(max-width: 311px) 100vw, 311px\" \/><\/a><\/p>\n<p>&nbsp;<\/p>\n<h2><span style=\"color: #008000;\"><strong>Pr\u00e9sentation de l&rsquo;entreprise<\/strong><\/span><\/h2>\n<p>Eaton est une <strong>entreprise mondiale<\/strong> sp\u00e9cialis\u00e9e dans la <strong>gestion de l&rsquo;\u00e9nergie<\/strong>, offrant des solutions innovantes pour <strong>am\u00e9liorer<\/strong> l&rsquo;<strong>efficacit\u00e9 \u00e9nerg\u00e9tique<\/strong> et la <strong>durabilit\u00e9<\/strong>. Fond\u00e9e en 1911 et avec son si\u00e8ge social \u00e0 Dublin, en Irlande, Eaton <strong>emploie<\/strong> plus de <strong>90 000 personnes<\/strong> dans plus de <strong>175 pays<\/strong>. L\u2019entreprise est un <strong>acteur majeur<\/strong> dans les domaines de l\u2019<strong>\u00e9lectricit\u00e9<\/strong>, de l\u2019<strong>hydraulique<\/strong>, de l<strong>\u2019automatisation industrielle<\/strong> et de la<strong> gestion de l&rsquo;\u00e9nergie<\/strong>.<\/p>\n<h2><span style=\"color: #008000;\"><strong>Produits et Solutions<\/strong><\/span><\/h2>\n<p>Eaton propose une gamme compl\u00e8te de produits et de solutions pour divers secteurs industriels :<\/p>\n<ul>\n<li><strong>Solutions \u00e9lectriques<\/strong> : Des \u00e9quipements de protection, des disjoncteurs, des syst\u00e8mes de gestion de l&rsquo;\u00e9nergie pour les infrastructures \u00e9lectriques.<\/li>\n<li><strong>Automatisation industrielle<\/strong> : Des technologies avanc\u00e9es de contr\u00f4le et d\u2019automatisation pour am\u00e9liorer la productivit\u00e9 et l\u2019efficacit\u00e9.<\/li>\n<li><strong>Hydraulique<\/strong> : Eaton est un fournisseur de solutions hydrauliques innovantes et fiables, utilis\u00e9es dans de nombreux secteurs industriels et mobiles. Nos produits hydrauliques sont con\u00e7us pour am\u00e9liorer l&rsquo;efficacit\u00e9, la performance et la durabilit\u00e9 des \u00e9quipements, tout en optimisant la consommation \u00e9nerg\u00e9tique. Les principaux produits et solutions incluent :\n<ul>\n<li><strong>Pompes et moteurs hydrauliques<\/strong> : Nous proposons des pompes \u00e0 pistons, des moteurs et des syst\u00e8mes hydrauliques adapt\u00e9s aux applications mobiles et industrielles. Ces solutions sont essentielles dans des secteurs comme la construction, l\u2019agriculture, le transport et l\u2019exploitation mini\u00e8re, o\u00f9 la performance et la robustesse sont cruciales.<br \/>\n<table style=\"border-collapse: collapse; width: 100%;\" border=\"1\">\n<tbody>\n<tr style=\"height: 197px;\">\n<td style=\"width: 33.8074%; height: 197px; border-style: hidden;\"><a href=\"http:\/\/www.hydroservice.fr\/wp-content\/uploads\/Capture-decran-2025-01-20-111402.png\"><img loading=\"lazy\" decoding=\"async\" class=\"aligncenter wp-image-2342 \" src=\"http:\/\/www.hydroservice.fr\/wp-content\/uploads\/Capture-decran-2025-01-20-111402-300x277.png\" alt=\"\" width=\"173\" height=\"160\" srcset=\"http:\/\/www.hydroservice.fr\/wp-content\/uploads\/Capture-decran-2025-01-20-111402-300x277.png 300w, http:\/\/www.hydroservice.fr\/wp-content\/uploads\/Capture-decran-2025-01-20-111402-360x333.png 360w, http:\/\/www.hydroservice.fr\/wp-content\/uploads\/Capture-decran-2025-01-20-111402-250x231.png 250w, http:\/\/www.hydroservice.fr\/wp-content\/uploads\/Capture-decran-2025-01-20-111402-100x92.png 100w, http:\/\/www.hydroservice.fr\/wp-content\/uploads\/Capture-decran-2025-01-20-111402.png 380w\" sizes=\"(max-width: 173px) 100vw, 173px\" \/><\/a><\/td>\n<td style=\"width: 33.4271%; text-align: center; height: 197px; border-style: hidden;\"><a href=\"http:\/\/www.hydroservice.fr\/wp-content\/uploads\/Capture-decran-2025-01-20-111545.png\"><img loading=\"lazy\" decoding=\"async\" class=\"alignnone wp-image-2343 size-full\" src=\"http:\/\/www.hydroservice.fr\/wp-content\/uploads\/Capture-decran-2025-01-20-111545.png\" alt=\"\" width=\"191\" height=\"132\" srcset=\"http:\/\/www.hydroservice.fr\/wp-content\/uploads\/Capture-decran-2025-01-20-111545.png 191w, http:\/\/www.hydroservice.fr\/wp-content\/uploads\/Capture-decran-2025-01-20-111545-100x69.png 100w\" sizes=\"(max-width: 191px) 100vw, 191px\" \/><\/a><\/td>\n<\/tr>\n<tr style=\"height: 24px;\">\n<td style=\"width: 33.8074%; text-align: center; height: 24px; border-style: hidden;\"><span style=\"color: #339966;\">Moteur hydraulique<\/span><\/td>\n<td style=\"width: 33.4271%; text-align: center; height: 24px; border-style: hidden;\"><span style=\"color: #339966;\">Pompe hydraulique\u00a0<\/span><\/td>\n<\/tr>\n<\/tbody>\n<\/table>\n<p>&nbsp;<\/p>\n<ul>\n<li><strong>Vannes et distributeurs<\/strong> : Les vannes hydrauliques Eaton permettent de contr\u00f4ler le flux de fluide dans les syst\u00e8mes hydrauliques, assurant ainsi une gestion optimale de l\u2019\u00e9nergie et une performance maximale des \u00e9quipements.<\/li>\n<\/ul>\n<table style=\"border-collapse: collapse; width: 100%;\" border=\"1\">\n<tbody>\n<tr>\n<td style=\"width: 31.4408%; text-align: center; border-style: hidden;\"><a href=\"http:\/\/www.hydroservice.fr\/wp-content\/uploads\/Capture-decran-2025-01-20-111621.png\"><img loading=\"lazy\" decoding=\"async\" class=\"alignnone wp-image-2344 \" src=\"http:\/\/www.hydroservice.fr\/wp-content\/uploads\/Capture-decran-2025-01-20-111621-300x171.png\" alt=\"\" width=\"196\" height=\"112\" srcset=\"http:\/\/www.hydroservice.fr\/wp-content\/uploads\/Capture-decran-2025-01-20-111621-300x171.png 300w, http:\/\/www.hydroservice.fr\/wp-content\/uploads\/Capture-decran-2025-01-20-111621-360x206.png 360w, http:\/\/www.hydroservice.fr\/wp-content\/uploads\/Capture-decran-2025-01-20-111621-250x143.png 250w, http:\/\/www.hydroservice.fr\/wp-content\/uploads\/Capture-decran-2025-01-20-111621-100x57.png 100w, http:\/\/www.hydroservice.fr\/wp-content\/uploads\/Capture-decran-2025-01-20-111621.png 385w\" sizes=\"(max-width: 196px) 100vw, 196px\" \/><\/a><\/td>\n<td style=\"width: 32.7288%; text-align: center; border-style: hidden;\"><a href=\"http:\/\/www.hydroservice.fr\/wp-content\/uploads\/Capture-decran-2025-01-20-111716.png\"><img loading=\"lazy\" decoding=\"async\" class=\"alignnone wp-image-2345 size-full\" src=\"http:\/\/www.hydroservice.fr\/wp-content\/uploads\/Capture-decran-2025-01-20-111716.png\" alt=\"\" width=\"179\" height=\"156\" srcset=\"http:\/\/www.hydroservice.fr\/wp-content\/uploads\/Capture-decran-2025-01-20-111716.png 179w, http:\/\/www.hydroservice.fr\/wp-content\/uploads\/Capture-decran-2025-01-20-111716-100x87.png 100w\" sizes=\"(max-width: 179px) 100vw, 179px\" \/><\/a><\/td>\n<\/tr>\n<tr>\n<td style=\"width: 31.4408%; text-align: center; border-style: hidden;\"><span style=\"color: #339966;\">Vanne hydraulique<\/span><\/td>\n<td style=\"width: 32.7288%; text-align: center; border-style: hidden;\"><span style=\"color: #339966;\">Distributeur hydraulique<\/span><\/td>\n<\/tr>\n<\/tbody>\n<\/table>\n<ul>\n<li><strong>Syst\u00e8mes de filtration<\/strong> : Eaton propose des solutions de filtration avanc\u00e9es pour garantir la propret\u00e9 des fluides, ce qui am\u00e9liore la fiabilit\u00e9 des syst\u00e8mes et prolonge la dur\u00e9e de vie des composants hydrauliques.<br \/>\n<table style=\"border-collapse: collapse; width: 100%;\" border=\"1\">\n<tbody>\n<tr style=\"height: 24px;\">\n<td style=\"width: 100%; height: 24px; border-style: hidden; text-align: center;\"><a href=\"http:\/\/www.hydroservice.fr\/wp-content\/uploads\/Capture-decran-2025-01-20-111810.png\"><img loading=\"lazy\" decoding=\"async\" class=\"alignnone wp-image-2346 size-medium\" src=\"http:\/\/www.hydroservice.fr\/wp-content\/uploads\/Capture-decran-2025-01-20-111810-300x290.png\" alt=\"\" width=\"300\" height=\"290\" srcset=\"http:\/\/www.hydroservice.fr\/wp-content\/uploads\/Capture-decran-2025-01-20-111810-300x290.png 300w, http:\/\/www.hydroservice.fr\/wp-content\/uploads\/Capture-decran-2025-01-20-111810-360x348.png 360w, http:\/\/www.hydroservice.fr\/wp-content\/uploads\/Capture-decran-2025-01-20-111810-250x242.png 250w, http:\/\/www.hydroservice.fr\/wp-content\/uploads\/Capture-decran-2025-01-20-111810-100x97.png 100w, http:\/\/www.hydroservice.fr\/wp-content\/uploads\/Capture-decran-2025-01-20-111810.png 396w\" sizes=\"(max-width: 300px) 100vw, 300px\" \/><\/a><\/td>\n<\/tr>\n<tr style=\"height: 24px;\">\n<td style=\"width: 100%; height: 24px; border-style: hidden; text-align: center;\"><span style=\"color: #339966;\">Syst\u00e8me de filtration hydraulique<\/span><\/td>\n<\/tr>\n<\/tbody>\n<\/table>\n<\/li>\n<li>Nos solutions hydrauliques sont utilis\u00e9es dans une vari\u00e9t\u00e9 d\u2019applications, telles que les engins de construction, les tracteurs agricoles, les syst\u00e8mes de levage et les \u00e9quipements industriels. Elles sont con\u00e7ues pour r\u00e9pondre aux exigences des environnements les plus exigeants, avec un accent sur la r\u00e9duction des co\u00fbts op\u00e9rationnels, l&rsquo;optimisation de l&rsquo;efficacit\u00e9 et le respect des normes environnementales<\/li>\n<\/ul>\n<\/li>\n<\/ul>\n<\/li>\n<\/ul>\n<ul>\n<li><strong>Gestion de l\u2019\u00e9nergie<\/strong> : Des solutions visant \u00e0 optimiser l\u2019utilisation de l\u2019\u00e9nergie, r\u00e9duire les co\u00fbts et l\u2019empreinte \u00e9cologique des entreprises.<\/li>\n<\/ul>\n<h2><span style=\"color: #008000;\"><strong>Satisfaction et Retour Clients<\/strong><\/span><\/h2>\n<p>Chez Eaton, les <strong>retours clients<\/strong> sont <strong>essentiels<\/strong> \u00e0 l&rsquo;am\u00e9lioration continue de leurs produits et services. L\u2019entreprise met un point d\u2019honneur \u00e0 comprendre les <strong>besoins sp\u00e9cifiques<\/strong> de chaque client afin d\u2019<strong>adapter<\/strong> ses <strong>solutions<\/strong> de mani\u00e8re optimale. En nous appuyant sur les avis et retours des utilisateurs, nous veillons \u00e0 offrir des produits toujours <strong>plus performants<\/strong>, en ad\u00e9quation avec les exigences de leurs clients.<\/p>\n<h2><span style=\"color: #008000;\"><strong>Engagement en faveur de la durabilit\u00e9<\/strong><\/span><\/h2>\n<p>L\u2019engagement de Eaton pour un <strong>avenir \u00e9nerg\u00e9tique durable<\/strong> se refl\u00e8te dans son approche de l&rsquo;innovation. L&rsquo;entreprise <strong>investit<\/strong> dans des <strong>technologies propres<\/strong> et cherche constamment \u00e0 <strong>r\u00e9duire<\/strong> son propre <strong>impact environnemental<\/strong> tout en aidant ses clients \u00e0 atteindre leurs objectifs de <strong>durabilit\u00e9<\/strong>. Eaton soutient la <strong>transition \u00e9nerg\u00e9tique<\/strong> en proposant des produits et des services qui <strong>contribuent<\/strong> \u00e0 la <strong>r\u00e9duction<\/strong> de l&rsquo;<strong>empreinte carbone mondiale<\/strong>.<\/p>\n<p>&nbsp;<\/p>\n<h4><span style=\"text-decoration: underline; color: #008000;\">Information additionnelles :<\/span><\/h4>\n<ul>\n<li>Site Web :<a href=\"https:\/\/www.eaton.com\/fr\/fr-fr.html\"> https:\/\/www.eaton.com\/fr\/fr-fr.html<\/a><\/li>\n<\/ul>\n<p>&nbsp;<\/p>\n","protected":false},"excerpt":{"rendered":"<p>&nbsp; Pr\u00e9sentation de l&rsquo;entreprise Eaton est une entreprise mondiale sp\u00e9cialis\u00e9e dans la gestion de l&rsquo;\u00e9nergie, offrant des solutions innovantes pour am\u00e9liorer l&rsquo;efficacit\u00e9 \u00e9nerg\u00e9tique et la durabilit\u00e9. Fond\u00e9e en 1911 et avec son si\u00e8ge social \u00e0 Dublin, en Irlande, Eaton emploie [&hellip;]<\/p>\n","protected":false},"author":3,"featured_media":0,"parent":1529,"menu_order":0,"comment_status":"closed","ping_status":"closed","template":"page-templates\/page_fullwidth.php","meta":{"footnotes":""},"_links":{"self":[{"href":"http:\/\/www.hydroservice.fr\/index.php?rest_route=\/wp\/v2\/pages\/2336"}],"collection":[{"href":"http:\/\/www.hydroservice.fr\/index.php?rest_route=\/wp\/v2\/pages"}],"about":[{"href":"http:\/\/www.hydroservice.fr\/index.php?rest_route=\/wp\/v2\/types\/page"}],"author":[{"embeddable":true,"href":"http:\/\/www.hydroservice.fr\/index.php?rest_route=\/wp\/v2\/users\/3"}],"replies":[{"embeddable":true,"href":"http:\/\/www.hydroservice.fr\/index.php?rest_route=%2Fwp%2Fv2%2Fcomments&post=2336"}],"version-history":[{"count":0,"href":"http:\/\/www.hydroservice.fr\/index.php?rest_route=\/wp\/v2\/pages\/2336\/revisions"}],"up":[{"embeddable":true,"href":"http:\/\/www.hydroservice.fr\/index.php?rest_route=\/wp\/v2\/pages\/1529"}],"wp:attachment":[{"href":"http:\/\/www.hydroservice.fr\/index.php?rest_route=%2Fwp%2Fv2%2Fmedia&parent=2336"}],"curies":[{"name":"wp","href":"https:\/\/api.w.org\/{rel}","templated":true}]}}