{"id":23,"date":"2017-02-15T16:20:06","date_gmt":"2017-02-15T15:20:06","guid":{"rendered":"http:\/\/hhconsultingtest.free.fr\/?page_id=23"},"modified":"2020-09-07T15:25:18","modified_gmt":"2020-09-07T14:25:18","slug":"agricole-tp","status":"publish","type":"page","link":"http:\/\/www.hydroservice.fr\/?page_id=23","title":{"rendered":"Mobile (Agricole &#038; TP)"},"content":{"rendered":"<p>Nous proposons une <strong>large gamme<\/strong> de produits et services \u00e0 destination des <strong>machines agricoles<\/strong> et <strong>engins de Travaux Publics<\/strong>.<\/p>\n<p>Notre catalogue &lsquo;Connectique&rsquo; est disponible en t\u00e9l\u00e9chargement ici: <a href=\"http:\/\/www.hydroservice.fr\/wp-content\/uploads\/HSC-Famille-1.pdf\" target=\"_blank\">Catalogue Famille 1<\/a><\/p>\n<p>Nos catalogues listent les produits qui sont stock\u00e9s, vous pouvez nous\u00a0consulter pour d&rsquo;autres produits.<\/p>\n<p>En cliquant sur les images ci dessous, vous trouverez la liste de nos r\u00e9f\u00e9rences par famille produits:<\/p>\n<div id='gallery-1' class='gallery galleryid-23 gallery-columns-4 gallery-size-full'><figure class='gallery-item'>\n\t\t\t<div class='gallery-icon landscape'>\n\t\t\t\t<img loading=\"lazy\" decoding=\"async\" width=\"264\" height=\"144\" src=\"http:\/\/www.hydroservice.fr\/wp-content\/uploads\/1A-1.png\" class=\"attachment-full size-full\" alt=\"\" aria-describedby=\"gallery-1-1740\" srcset=\"http:\/\/www.hydroservice.fr\/wp-content\/uploads\/1A-1.png 264w, http:\/\/www.hydroservice.fr\/wp-content\/uploads\/1A-1-250x136.png 250w, http:\/\/www.hydroservice.fr\/wp-content\/uploads\/1A-1-100x55.png 100w\" sizes=\"(max-width: 264px) 100vw, 264px\" \/>\n\t\t\t<\/div>\n\t\t\t\t<figcaption class='wp-caption-text gallery-caption' id='gallery-1-1740'>\n\t\t\t\t1A &#8211; Flexible\n\t\t\t\t<\/figcaption><\/figure><figure class='gallery-item'>\n\t\t\t<div class='gallery-icon landscape'>\n\t\t\t\t<img loading=\"lazy\" decoding=\"async\" width=\"246\" height=\"138\" src=\"http:\/\/www.hydroservice.fr\/wp-content\/uploads\/1B-1.png\" class=\"attachment-full size-full\" alt=\"\" aria-describedby=\"gallery-1-1739\" srcset=\"http:\/\/www.hydroservice.fr\/wp-content\/uploads\/1B-1.png 246w, http:\/\/www.hydroservice.fr\/wp-content\/uploads\/1B-1-100x56.png 100w\" sizes=\"(max-width: 246px) 100vw, 246px\" \/>\n\t\t\t<\/div>\n\t\t\t\t<figcaption class='wp-caption-text gallery-caption' id='gallery-1-1739'>\n\t\t\t\t1B &#8211; Jupe et Embout \u00e0 sertir\n\t\t\t\t<\/figcaption><\/figure><figure class='gallery-item'>\n\t\t\t<div class='gallery-icon landscape'>\n\t\t\t\t<img loading=\"lazy\" decoding=\"async\" width=\"179\" height=\"130\" src=\"http:\/\/www.hydroservice.fr\/wp-content\/uploads\/1C-1-e1599487752559.png\" class=\"attachment-full size-full\" alt=\"\" aria-describedby=\"gallery-1-1738\" srcset=\"http:\/\/www.hydroservice.fr\/wp-content\/uploads\/1C-1-e1599487752559.png 179w, http:\/\/www.hydroservice.fr\/wp-content\/uploads\/1C-1-e1599487752559-100x73.png 100w\" sizes=\"(max-width: 179px) 100vw, 179px\" \/>\n\t\t\t<\/div>\n\t\t\t\t<figcaption class='wp-caption-text gallery-caption' id='gallery-1-1738'>\n\t\t\t\t1C &#8211; Raccord \u00e0 bague NU\n\t\t\t\t<\/figcaption><\/figure><figure class='gallery-item'>\n\t\t\t<div class='gallery-icon landscape'>\n\t\t\t\t<img loading=\"lazy\" decoding=\"async\" width=\"244\" height=\"144\" src=\"http:\/\/www.hydroservice.fr\/wp-content\/uploads\/1D-1E.png\" class=\"attachment-full size-full\" alt=\"\" aria-describedby=\"gallery-1-1737\" srcset=\"http:\/\/www.hydroservice.fr\/wp-content\/uploads\/1D-1E.png 244w, http:\/\/www.hydroservice.fr\/wp-content\/uploads\/1D-1E-100x59.png 100w\" sizes=\"(max-width: 244px) 100vw, 244px\" \/>\n\t\t\t<\/div>\n\t\t\t\t<figcaption class='wp-caption-text gallery-caption' id='gallery-1-1737'>\n\t\t\t\t1D &#8211; Adapteur\n\t\t\t\t<\/figcaption><\/figure><figure class='gallery-item'>\n\t\t\t<div class='gallery-icon landscape'>\n\t\t\t\t<img loading=\"lazy\" decoding=\"async\" width=\"244\" height=\"144\" src=\"http:\/\/www.hydroservice.fr\/wp-content\/uploads\/1D-1E-1.png\" class=\"attachment-full size-full\" alt=\"\" aria-describedby=\"gallery-1-1741\" srcset=\"http:\/\/www.hydroservice.fr\/wp-content\/uploads\/1D-1E-1.png 244w, http:\/\/www.hydroservice.fr\/wp-content\/uploads\/1D-1E-1-100x59.png 100w\" sizes=\"(max-width: 244px) 100vw, 244px\" \/>\n\t\t\t<\/div>\n\t\t\t\t<figcaption class='wp-caption-text gallery-caption' id='gallery-1-1741'>\n\t\t\t\t1E &#8211; Adapteur Agricole\n\t\t\t\t<\/figcaption><\/figure><figure class='gallery-item'>\n\t\t\t<div class='gallery-icon landscape'>\n\t\t\t\t<img loading=\"lazy\" decoding=\"async\" width=\"160\" height=\"150\" src=\"http:\/\/www.hydroservice.fr\/wp-content\/uploads\/1F-1.png\" class=\"attachment-full size-full\" alt=\"\" aria-describedby=\"gallery-1-1736\" srcset=\"http:\/\/www.hydroservice.fr\/wp-content\/uploads\/1F-1.png 160w, http:\/\/www.hydroservice.fr\/wp-content\/uploads\/1F-1-100x94.png 100w\" sizes=\"(max-width: 160px) 100vw, 160px\" \/>\n\t\t\t<\/div>\n\t\t\t\t<figcaption class='wp-caption-text gallery-caption' id='gallery-1-1736'>\n\t\t\t\t1F &#8211; Coupleur\n\t\t\t\t<\/figcaption><\/figure><figure class='gallery-item'>\n\t\t\t<div class='gallery-icon landscape'>\n\t\t\t\t<img loading=\"lazy\" decoding=\"async\" width=\"244\" height=\"160\" src=\"http:\/\/www.hydroservice.fr\/wp-content\/uploads\/1G-1.png\" class=\"attachment-full size-full\" alt=\"\" aria-describedby=\"gallery-1-1733\" srcset=\"http:\/\/www.hydroservice.fr\/wp-content\/uploads\/1G-1.png 244w, http:\/\/www.hydroservice.fr\/wp-content\/uploads\/1G-1-100x66.png 100w\" sizes=\"(max-width: 244px) 100vw, 244px\" \/>\n\t\t\t<\/div>\n\t\t\t\t<figcaption class='wp-caption-text gallery-caption' id='gallery-1-1733'>\n\t\t\t\t1G &#8211; Vanne\n\t\t\t\t<\/figcaption><\/figure><figure class='gallery-item'>\n\t\t\t<div class='gallery-icon landscape'>\n\t\t\t\t<img loading=\"lazy\" decoding=\"async\" width=\"222\" height=\"148\" src=\"http:\/\/www.hydroservice.fr\/wp-content\/uploads\/1H-1.png\" class=\"attachment-full size-full\" alt=\"\" aria-describedby=\"gallery-1-1735\" srcset=\"http:\/\/www.hydroservice.fr\/wp-content\/uploads\/1H-1.png 222w, http:\/\/www.hydroservice.fr\/wp-content\/uploads\/1H-1-100x67.png 100w\" sizes=\"(max-width: 222px) 100vw, 222px\" \/>\n\t\t\t<\/div>\n\t\t\t\t<figcaption class='wp-caption-text gallery-caption' id='gallery-1-1735'>\n\t\t\t\t1H &#8211; Tube\n\t\t\t\t<\/figcaption><\/figure><figure class='gallery-item'>\n\t\t\t<div class='gallery-icon landscape'>\n\t\t\t\t<img loading=\"lazy\" decoding=\"async\" width=\"180\" height=\"131\" src=\"http:\/\/www.hydroservice.fr\/wp-content\/uploads\/1J-1-e1599487813184.png\" class=\"attachment-full size-full\" alt=\"\" aria-describedby=\"gallery-1-1734\" \/>\n\t\t\t<\/div>\n\t\t\t\t<figcaption class='wp-caption-text gallery-caption' id='gallery-1-1734'>\n\t\t\t\t1J &#8211; Collier de Fixation\n\t\t\t\t<\/figcaption><\/figure><figure class='gallery-item'>\n\t\t\t<div class='gallery-icon landscape'>\n\t\t\t\t<img loading=\"lazy\" decoding=\"async\" width=\"161\" height=\"107\" src=\"http:\/\/www.hydroservice.fr\/wp-content\/uploads\/1K-1-e1599487778189.png\" class=\"attachment-full size-full\" alt=\"\" aria-describedby=\"gallery-1-1732\" srcset=\"http:\/\/www.hydroservice.fr\/wp-content\/uploads\/1K-1-e1599487778189.png 161w, http:\/\/www.hydroservice.fr\/wp-content\/uploads\/1K-1-e1599487778189-100x66.png 100w\" sizes=\"(max-width: 161px) 100vw, 161px\" \/>\n\t\t\t<\/div>\n\t\t\t\t<figcaption class='wp-caption-text gallery-caption' id='gallery-1-1732'>\n\t\t\t\t1K &#8211; Flexible et embout Basse Pression\n\t\t\t\t<\/figcaption><\/figure><figure class='gallery-item'>\n\t\t\t<div class='gallery-icon landscape'>\n\t\t\t\t<img loading=\"lazy\" decoding=\"async\" width=\"248\" height=\"144\" src=\"http:\/\/www.hydroservice.fr\/wp-content\/uploads\/1L-1.png\" class=\"attachment-full size-full\" alt=\"\" aria-describedby=\"gallery-1-1731\" srcset=\"http:\/\/www.hydroservice.fr\/wp-content\/uploads\/1L-1.png 248w, http:\/\/www.hydroservice.fr\/wp-content\/uploads\/1L-1-100x58.png 100w\" sizes=\"(max-width: 248px) 100vw, 248px\" \/>\n\t\t\t<\/div>\n\t\t\t\t<figcaption class='wp-caption-text gallery-caption' id='gallery-1-1731'>\n\t\t\t\t1L &#8211; Embout \u00e0 visser\n\t\t\t\t<\/figcaption><\/figure><figure class='gallery-item'>\n\t\t\t<div class='gallery-icon landscape'>\n\t\t\t\t<img loading=\"lazy\" decoding=\"async\" width=\"256\" height=\"152\" src=\"http:\/\/www.hydroservice.fr\/wp-content\/uploads\/1S-1.png\" class=\"attachment-full size-full\" alt=\"\" aria-describedby=\"gallery-1-1730\" srcset=\"http:\/\/www.hydroservice.fr\/wp-content\/uploads\/1S-1.png 256w, http:\/\/www.hydroservice.fr\/wp-content\/uploads\/1S-1-250x148.png 250w, http:\/\/www.hydroservice.fr\/wp-content\/uploads\/1S-1-100x59.png 100w\" sizes=\"(max-width: 256px) 100vw, 256px\" \/>\n\t\t\t<\/div>\n\t\t\t\t<figcaption class='wp-caption-text gallery-caption' id='gallery-1-1730'>\n\t\t\t\t1S &#8211; Produit d&rsquo;\u00e9tanch\u00e9it\u00e9\n\t\t\t\t<\/figcaption><\/figure>\n\t\t<\/div>\n\n<p>&nbsp;<\/p>\n<p>De plus ci dessous un aper\u00e7u de notre gamme &lsquo;Composants&rsquo; pour vos\u00a0<strong>machines agricoles<\/strong>\u00a0et\u00a0<strong>engins de Travaux Publics<\/strong>.<\/p>\n<div id='gallery-2' class='gallery galleryid-23 gallery-columns-2 gallery-size-full'><figure class='gallery-item'>\n\t\t\t<div class='gallery-icon portrait'>\n\t\t\t\t<img loading=\"lazy\" decoding=\"async\" width=\"491\" height=\"500\" src=\"http:\/\/www.hydroservice.fr\/wp-content\/uploads\/Distributeur-elect.png\" class=\"attachment-full size-full\" alt=\"\" srcset=\"http:\/\/www.hydroservice.fr\/wp-content\/uploads\/Distributeur-elect.png 491w, http:\/\/www.hydroservice.fr\/wp-content\/uploads\/Distributeur-elect-295x300.png 295w, http:\/\/www.hydroservice.fr\/wp-content\/uploads\/Distributeur-elect-360x367.png 360w, http:\/\/www.hydroservice.fr\/wp-content\/uploads\/Distributeur-elect-250x255.png 250w, http:\/\/www.hydroservice.fr\/wp-content\/uploads\/Distributeur-elect-100x102.png 100w\" sizes=\"(max-width: 491px) 100vw, 491px\" \/>\n\t\t\t<\/div><\/figure><figure class='gallery-item'>\n\t\t\t<div class='gallery-icon landscape'>\n\t\t\t\t<img loading=\"lazy\" decoding=\"async\" width=\"494\" height=\"249\" src=\"http:\/\/www.hydroservice.fr\/wp-content\/uploads\/Distributeur-manuel.png\" class=\"attachment-full size-full\" alt=\"\" srcset=\"http:\/\/www.hydroservice.fr\/wp-content\/uploads\/Distributeur-manuel.png 494w, http:\/\/www.hydroservice.fr\/wp-content\/uploads\/Distributeur-manuel-300x151.png 300w, http:\/\/www.hydroservice.fr\/wp-content\/uploads\/Distributeur-manuel-360x181.png 360w, http:\/\/www.hydroservice.fr\/wp-content\/uploads\/Distributeur-manuel-250x126.png 250w, http:\/\/www.hydroservice.fr\/wp-content\/uploads\/Distributeur-manuel-100x50.png 100w\" sizes=\"(max-width: 494px) 100vw, 494px\" \/>\n\t\t\t<\/div><\/figure><figure class='gallery-item'>\n\t\t\t<div class='gallery-icon landscape'>\n\t\t\t\t<img loading=\"lazy\" decoding=\"async\" width=\"460\" height=\"229\" src=\"http:\/\/www.hydroservice.fr\/wp-content\/uploads\/Valve.png\" class=\"attachment-full size-full\" alt=\"\" srcset=\"http:\/\/www.hydroservice.fr\/wp-content\/uploads\/Valve.png 460w, http:\/\/www.hydroservice.fr\/wp-content\/uploads\/Valve-300x149.png 300w, http:\/\/www.hydroservice.fr\/wp-content\/uploads\/Valve-360x179.png 360w, http:\/\/www.hydroservice.fr\/wp-content\/uploads\/Valve-250x124.png 250w, http:\/\/www.hydroservice.fr\/wp-content\/uploads\/Valve-100x50.png 100w\" sizes=\"(max-width: 460px) 100vw, 460px\" \/>\n\t\t\t<\/div><\/figure><figure class='gallery-item'>\n\t\t\t<div class='gallery-icon landscape'>\n\t\t\t\t<img loading=\"lazy\" decoding=\"async\" width=\"566\" height=\"310\" src=\"http:\/\/www.hydroservice.fr\/wp-content\/uploads\/Pompe-man.png\" class=\"attachment-full size-full\" alt=\"\" srcset=\"http:\/\/www.hydroservice.fr\/wp-content\/uploads\/Pompe-man.png 566w, http:\/\/www.hydroservice.fr\/wp-content\/uploads\/Pompe-man-300x164.png 300w, http:\/\/www.hydroservice.fr\/wp-content\/uploads\/Pompe-man-520x285.png 520w, http:\/\/www.hydroservice.fr\/wp-content\/uploads\/Pompe-man-360x197.png 360w, http:\/\/www.hydroservice.fr\/wp-content\/uploads\/Pompe-man-250x137.png 250w, http:\/\/www.hydroservice.fr\/wp-content\/uploads\/Pompe-man-100x55.png 100w\" sizes=\"(max-width: 566px) 100vw, 566px\" \/>\n\t\t\t<\/div><\/figure><figure class='gallery-item'>\n\t\t\t<div class='gallery-icon landscape'>\n\t\t\t\t<img loading=\"lazy\" decoding=\"async\" width=\"578\" height=\"307\" src=\"http:\/\/www.hydroservice.fr\/wp-content\/uploads\/Moteur.png\" class=\"attachment-full size-full\" alt=\"\" srcset=\"http:\/\/www.hydroservice.fr\/wp-content\/uploads\/Moteur.png 578w, http:\/\/www.hydroservice.fr\/wp-content\/uploads\/Moteur-300x159.png 300w, http:\/\/www.hydroservice.fr\/wp-content\/uploads\/Moteur-520x276.png 520w, http:\/\/www.hydroservice.fr\/wp-content\/uploads\/Moteur-360x191.png 360w, http:\/\/www.hydroservice.fr\/wp-content\/uploads\/Moteur-250x133.png 250w, http:\/\/www.hydroservice.fr\/wp-content\/uploads\/Moteur-100x53.png 100w\" sizes=\"(max-width: 578px) 100vw, 578px\" \/>\n\t\t\t<\/div><\/figure><figure class='gallery-item'>\n\t\t\t<div class='gallery-icon landscape'>\n\t\t\t\t<img loading=\"lazy\" decoding=\"async\" width=\"472\" height=\"210\" src=\"http:\/\/www.hydroservice.fr\/wp-content\/uploads\/Valve-P.png\" class=\"attachment-full size-full\" alt=\"\" srcset=\"http:\/\/www.hydroservice.fr\/wp-content\/uploads\/Valve-P.png 472w, http:\/\/www.hydroservice.fr\/wp-content\/uploads\/Valve-P-300x133.png 300w, http:\/\/www.hydroservice.fr\/wp-content\/uploads\/Valve-P-360x160.png 360w, http:\/\/www.hydroservice.fr\/wp-content\/uploads\/Valve-P-250x111.png 250w, http:\/\/www.hydroservice.fr\/wp-content\/uploads\/Valve-P-100x44.png 100w\" sizes=\"(max-width: 472px) 100vw, 472px\" \/>\n\t\t\t<\/div><\/figure><figure class='gallery-item'>\n\t\t\t<div class='gallery-icon landscape'>\n\t\t\t\t<img loading=\"lazy\" decoding=\"async\" width=\"451\" height=\"198\" src=\"http:\/\/www.hydroservice.fr\/wp-content\/uploads\/Joint-Torique.png\" class=\"attachment-full size-full\" alt=\"\" srcset=\"http:\/\/www.hydroservice.fr\/wp-content\/uploads\/Joint-Torique.png 451w, http:\/\/www.hydroservice.fr\/wp-content\/uploads\/Joint-Torique-300x132.png 300w, http:\/\/www.hydroservice.fr\/wp-content\/uploads\/Joint-Torique-360x158.png 360w, http:\/\/www.hydroservice.fr\/wp-content\/uploads\/Joint-Torique-250x110.png 250w, http:\/\/www.hydroservice.fr\/wp-content\/uploads\/Joint-Torique-100x44.png 100w\" sizes=\"(max-width: 451px) 100vw, 451px\" \/>\n\t\t\t<\/div><\/figure><figure class='gallery-item'>\n\t\t\t<div class='gallery-icon landscape'>\n\t\t\t\t<img loading=\"lazy\" decoding=\"async\" width=\"452\" height=\"264\" src=\"http:\/\/www.hydroservice.fr\/wp-content\/uploads\/Clapets.png\" class=\"attachment-full size-full\" alt=\"\" srcset=\"http:\/\/www.hydroservice.fr\/wp-content\/uploads\/Clapets.png 452w, http:\/\/www.hydroservice.fr\/wp-content\/uploads\/Clapets-300x175.png 300w, http:\/\/www.hydroservice.fr\/wp-content\/uploads\/Clapets-360x210.png 360w, http:\/\/www.hydroservice.fr\/wp-content\/uploads\/Clapets-250x146.png 250w, http:\/\/www.hydroservice.fr\/wp-content\/uploads\/Clapets-100x58.png 100w\" sizes=\"(max-width: 452px) 100vw, 452px\" \/>\n\t\t\t<\/div><\/figure><figure class='gallery-item'>\n\t\t\t<div class='gallery-icon landscape'>\n\t\t\t\t<img loading=\"lazy\" decoding=\"async\" width=\"462\" height=\"190\" src=\"http:\/\/www.hydroservice.fr\/wp-content\/uploads\/Bague.png\" class=\"attachment-full size-full\" alt=\"\" srcset=\"http:\/\/www.hydroservice.fr\/wp-content\/uploads\/Bague.png 462w, http:\/\/www.hydroservice.fr\/wp-content\/uploads\/Bague-300x123.png 300w, http:\/\/www.hydroservice.fr\/wp-content\/uploads\/Bague-360x148.png 360w, http:\/\/www.hydroservice.fr\/wp-content\/uploads\/Bague-250x103.png 250w, http:\/\/www.hydroservice.fr\/wp-content\/uploads\/Bague-100x41.png 100w\" sizes=\"(max-width: 462px) 100vw, 462px\" \/>\n\t\t\t<\/div><\/figure><figure class='gallery-item'>\n\t\t\t<div class='gallery-icon landscape'>\n\t\t\t\t<img loading=\"lazy\" decoding=\"async\" width=\"463\" height=\"307\" src=\"http:\/\/www.hydroservice.fr\/wp-content\/uploads\/Joint-verins.png\" class=\"attachment-full size-full\" alt=\"\" srcset=\"http:\/\/www.hydroservice.fr\/wp-content\/uploads\/Joint-verins.png 463w, http:\/\/www.hydroservice.fr\/wp-content\/uploads\/Joint-verins-300x199.png 300w, http:\/\/www.hydroservice.fr\/wp-content\/uploads\/Joint-verins-360x239.png 360w, http:\/\/www.hydroservice.fr\/wp-content\/uploads\/Joint-verins-250x166.png 250w, http:\/\/www.hydroservice.fr\/wp-content\/uploads\/Joint-verins-100x66.png 100w\" sizes=\"(max-width: 463px) 100vw, 463px\" \/>\n\t\t\t<\/div><\/figure><figure class='gallery-item'>\n\t\t\t<div class='gallery-icon landscape'>\n\t\t\t\t<img loading=\"lazy\" decoding=\"async\" width=\"567\" height=\"254\" src=\"http:\/\/www.hydroservice.fr\/wp-content\/uploads\/Multiplicateur.png\" class=\"attachment-full size-full\" alt=\"\" srcset=\"http:\/\/www.hydroservice.fr\/wp-content\/uploads\/Multiplicateur.png 567w, http:\/\/www.hydroservice.fr\/wp-content\/uploads\/Multiplicateur-300x134.png 300w, http:\/\/www.hydroservice.fr\/wp-content\/uploads\/Multiplicateur-520x233.png 520w, http:\/\/www.hydroservice.fr\/wp-content\/uploads\/Multiplicateur-360x161.png 360w, http:\/\/www.hydroservice.fr\/wp-content\/uploads\/Multiplicateur-250x112.png 250w, http:\/\/www.hydroservice.fr\/wp-content\/uploads\/Multiplicateur-100x45.png 100w\" sizes=\"(max-width: 567px) 100vw, 567px\" \/>\n\t\t\t<\/div><\/figure><figure class='gallery-item'>\n\t\t\t<div class='gallery-icon landscape'>\n\t\t\t\t<img loading=\"lazy\" decoding=\"async\" width=\"502\" height=\"316\" src=\"http:\/\/www.hydroservice.fr\/wp-content\/uploads\/R\u00e9servoir.png\" class=\"attachment-full size-full\" alt=\"\" srcset=\"http:\/\/www.hydroservice.fr\/wp-content\/uploads\/R\u00e9servoir.png 502w, http:\/\/www.hydroservice.fr\/wp-content\/uploads\/R\u00e9servoir-300x189.png 300w, http:\/\/www.hydroservice.fr\/wp-content\/uploads\/R\u00e9servoir-360x227.png 360w, http:\/\/www.hydroservice.fr\/wp-content\/uploads\/R\u00e9servoir-250x157.png 250w, http:\/\/www.hydroservice.fr\/wp-content\/uploads\/R\u00e9servoir-100x63.png 100w\" sizes=\"(max-width: 502px) 100vw, 502px\" \/>\n\t\t\t<\/div><\/figure><figure class='gallery-item'>\n\t\t\t<div class='gallery-icon landscape'>\n\t\t\t\t<img loading=\"lazy\" decoding=\"async\" width=\"480\" height=\"208\" src=\"http:\/\/www.hydroservice.fr\/wp-content\/uploads\/Palier.png\" class=\"attachment-full size-full\" alt=\"\" srcset=\"http:\/\/www.hydroservice.fr\/wp-content\/uploads\/Palier.png 480w, http:\/\/www.hydroservice.fr\/wp-content\/uploads\/Palier-300x130.png 300w, http:\/\/www.hydroservice.fr\/wp-content\/uploads\/Palier-360x156.png 360w, http:\/\/www.hydroservice.fr\/wp-content\/uploads\/Palier-250x108.png 250w, http:\/\/www.hydroservice.fr\/wp-content\/uploads\/Palier-100x43.png 100w\" sizes=\"(max-width: 480px) 100vw, 480px\" \/>\n\t\t\t<\/div><\/figure><figure class='gallery-item'>\n\t\t\t<div class='gallery-icon landscape'>\n\t\t\t\t<img loading=\"lazy\" decoding=\"async\" width=\"478\" height=\"252\" src=\"http:\/\/www.hydroservice.fr\/wp-content\/uploads\/Roulements.png\" class=\"attachment-full size-full\" alt=\"\" srcset=\"http:\/\/www.hydroservice.fr\/wp-content\/uploads\/Roulements.png 478w, http:\/\/www.hydroservice.fr\/wp-content\/uploads\/Roulements-300x158.png 300w, http:\/\/www.hydroservice.fr\/wp-content\/uploads\/Roulements-360x190.png 360w, http:\/\/www.hydroservice.fr\/wp-content\/uploads\/Roulements-250x132.png 250w, http:\/\/www.hydroservice.fr\/wp-content\/uploads\/Roulements-100x53.png 100w\" sizes=\"(max-width: 478px) 100vw, 478px\" \/>\n\t\t\t<\/div><\/figure><figure class='gallery-item'>\n\t\t\t<div class='gallery-icon landscape'>\n\t\t\t\t<img loading=\"lazy\" decoding=\"async\" width=\"477\" height=\"249\" src=\"http:\/\/www.hydroservice.fr\/wp-content\/uploads\/Chaine.png\" class=\"attachment-full size-full\" alt=\"\" srcset=\"http:\/\/www.hydroservice.fr\/wp-content\/uploads\/Chaine.png 477w, http:\/\/www.hydroservice.fr\/wp-content\/uploads\/Chaine-300x157.png 300w, http:\/\/www.hydroservice.fr\/wp-content\/uploads\/Chaine-360x188.png 360w, http:\/\/www.hydroservice.fr\/wp-content\/uploads\/Chaine-250x131.png 250w, http:\/\/www.hydroservice.fr\/wp-content\/uploads\/Chaine-100x52.png 100w\" sizes=\"(max-width: 477px) 100vw, 477px\" \/>\n\t\t\t<\/div><\/figure><figure class='gallery-item'>\n\t\t\t<div class='gallery-icon landscape'>\n\t\t\t\t<img loading=\"lazy\" decoding=\"async\" width=\"555\" height=\"479\" src=\"http:\/\/www.hydroservice.fr\/wp-content\/uploads\/Controle.png\" class=\"attachment-full size-full\" alt=\"\" srcset=\"http:\/\/www.hydroservice.fr\/wp-content\/uploads\/Controle.png 555w, http:\/\/www.hydroservice.fr\/wp-content\/uploads\/Controle-300x259.png 300w, http:\/\/www.hydroservice.fr\/wp-content\/uploads\/Controle-520x449.png 520w, http:\/\/www.hydroservice.fr\/wp-content\/uploads\/Controle-360x311.png 360w, http:\/\/www.hydroservice.fr\/wp-content\/uploads\/Controle-250x216.png 250w, http:\/\/www.hydroservice.fr\/wp-content\/uploads\/Controle-100x86.png 100w\" sizes=\"(max-width: 555px) 100vw, 555px\" \/>\n\t\t\t<\/div><\/figure><figure class='gallery-item'>\n\t\t\t<div class='gallery-icon portrait'>\n\t\t\t\t<img loading=\"lazy\" decoding=\"async\" width=\"497\" height=\"756\" src=\"http:\/\/www.hydroservice.fr\/wp-content\/uploads\/Pompes.png\" class=\"attachment-full size-full\" alt=\"\" srcset=\"http:\/\/www.hydroservice.fr\/wp-content\/uploads\/Pompes.png 497w, http:\/\/www.hydroservice.fr\/wp-content\/uploads\/Pompes-197x300.png 197w, http:\/\/www.hydroservice.fr\/wp-content\/uploads\/Pompes-360x548.png 360w, http:\/\/www.hydroservice.fr\/wp-content\/uploads\/Pompes-250x380.png 250w, http:\/\/www.hydroservice.fr\/wp-content\/uploads\/Pompes-100x152.png 100w\" sizes=\"(max-width: 497px) 100vw, 497px\" \/>\n\t\t\t<\/div><\/figure><figure class='gallery-item'>\n\t\t\t<div class='gallery-icon portrait'>\n\t\t\t\t<img loading=\"lazy\" decoding=\"async\" width=\"495\" height=\"732\" src=\"http:\/\/www.hydroservice.fr\/wp-content\/uploads\/Transmission.png\" class=\"attachment-full size-full\" alt=\"\" srcset=\"http:\/\/www.hydroservice.fr\/wp-content\/uploads\/Transmission.png 495w, http:\/\/www.hydroservice.fr\/wp-content\/uploads\/Transmission-203x300.png 203w, http:\/\/www.hydroservice.fr\/wp-content\/uploads\/Transmission-360x532.png 360w, http:\/\/www.hydroservice.fr\/wp-content\/uploads\/Transmission-250x370.png 250w, http:\/\/www.hydroservice.fr\/wp-content\/uploads\/Transmission-100x148.png 100w\" sizes=\"(max-width: 495px) 100vw, 495px\" \/>\n\t\t\t<\/div><\/figure><figure class='gallery-item'>\n\t\t\t<div class='gallery-icon landscape'>\n\t\t\t\t<img loading=\"lazy\" decoding=\"async\" width=\"456\" height=\"256\" src=\"http:\/\/www.hydroservice.fr\/wp-content\/uploads\/Verin-2.png\" class=\"attachment-full size-full\" alt=\"\" srcset=\"http:\/\/www.hydroservice.fr\/wp-content\/uploads\/Verin-2.png 456w, http:\/\/www.hydroservice.fr\/wp-content\/uploads\/Verin-2-300x168.png 300w, http:\/\/www.hydroservice.fr\/wp-content\/uploads\/Verin-2-360x202.png 360w, http:\/\/www.hydroservice.fr\/wp-content\/uploads\/Verin-2-250x140.png 250w, http:\/\/www.hydroservice.fr\/wp-content\/uploads\/Verin-2-100x56.png 100w\" sizes=\"(max-width: 456px) 100vw, 456px\" \/>\n\t\t\t<\/div><\/figure><figure class='gallery-item'>\n\t\t\t<div class='gallery-icon landscape'>\n\t\t\t\t<img loading=\"lazy\" decoding=\"async\" width=\"478\" height=\"174\" src=\"http:\/\/www.hydroservice.fr\/wp-content\/uploads\/Verin.png\" class=\"attachment-full size-full\" alt=\"\" srcset=\"http:\/\/www.hydroservice.fr\/wp-content\/uploads\/Verin.png 478w, http:\/\/www.hydroservice.fr\/wp-content\/uploads\/Verin-300x109.png 300w, http:\/\/www.hydroservice.fr\/wp-content\/uploads\/Verin-360x131.png 360w, http:\/\/www.hydroservice.fr\/wp-content\/uploads\/Verin-250x91.png 250w, http:\/\/www.hydroservice.fr\/wp-content\/uploads\/Verin-100x36.png 100w\" sizes=\"(max-width: 478px) 100vw, 478px\" \/>\n\t\t\t<\/div><\/figure>\n\t\t<\/div>\n\n","protected":false},"excerpt":{"rendered":"<p>Nous proposons une large gamme de produits et services \u00e0 destination des machines agricoles et engins de Travaux Publics. Notre catalogue &lsquo;Connectique&rsquo; est disponible en t\u00e9l\u00e9chargement ici: Catalogue Famille 1 Nos catalogues listent les produits qui sont stock\u00e9s, vous pouvez [&hellip;]<\/p>\n","protected":false},"author":1,"featured_media":0,"parent":37,"menu_order":30,"comment_status":"closed","ping_status":"closed","template":"page-templates\/page_fullwidth.php","meta":{"footnotes":""},"_links":{"self":[{"href":"http:\/\/www.hydroservice.fr\/index.php?rest_route=\/wp\/v2\/pages\/23"}],"collection":[{"href":"http:\/\/www.hydroservice.fr\/index.php?rest_route=\/wp\/v2\/pages"}],"about":[{"href":"http:\/\/www.hydroservice.fr\/index.php?rest_route=\/wp\/v2\/types\/page"}],"author":[{"embeddable":true,"href":"http:\/\/www.hydroservice.fr\/index.php?rest_route=\/wp\/v2\/users\/1"}],"replies":[{"embeddable":true,"href":"http:\/\/www.hydroservice.fr\/index.php?rest_route=%2Fwp%2Fv2%2Fcomments&post=23"}],"version-history":[{"count":0,"href":"http:\/\/www.hydroservice.fr\/index.php?rest_route=\/wp\/v2\/pages\/23\/revisions"}],"up":[{"embeddable":true,"href":"http:\/\/www.hydroservice.fr\/index.php?rest_route=\/wp\/v2\/pages\/37"}],"wp:attachment":[{"href":"http:\/\/www.hydroservice.fr\/index.php?rest_route=%2Fwp%2Fv2%2Fmedia&parent=23"}],"curies":[{"name":"wp","href":"https:\/\/api.w.org\/{rel}","templated":true}]}}