{"id":2279,"date":"2025-01-09T16:14:15","date_gmt":"2025-01-09T15:14:15","guid":{"rendered":"http:\/\/www.hydroservice.fr\/?page_id=2279"},"modified":"2025-01-09T16:29:34","modified_gmt":"2025-01-09T15:29:34","slug":"burkert-automatisation-regulation","status":"publish","type":"page","link":"http:\/\/www.hydroservice.fr\/?page_id=2279","title":{"rendered":"B\u00dcRKERT &#8211; Automatisation &#038; R\u00e9gulation"},"content":{"rendered":"<p><a href=\"http:\/\/www.hydroservice.fr\/wp-content\/uploads\/Capture-decran-2025-01-09-151738.png\"><img loading=\"lazy\" decoding=\"async\" class=\"wp-image-2283 size-full aligncenter\" src=\"http:\/\/www.hydroservice.fr\/wp-content\/uploads\/Capture-decran-2025-01-09-151738.png\" alt=\"\" width=\"486\" height=\"192\" srcset=\"http:\/\/www.hydroservice.fr\/wp-content\/uploads\/Capture-decran-2025-01-09-151738.png 486w, http:\/\/www.hydroservice.fr\/wp-content\/uploads\/Capture-decran-2025-01-09-151738-300x119.png 300w, http:\/\/www.hydroservice.fr\/wp-content\/uploads\/Capture-decran-2025-01-09-151738-360x142.png 360w, http:\/\/www.hydroservice.fr\/wp-content\/uploads\/Capture-decran-2025-01-09-151738-250x99.png 250w, http:\/\/www.hydroservice.fr\/wp-content\/uploads\/Capture-decran-2025-01-09-151738-100x40.png 100w\" sizes=\"(max-width: 486px) 100vw, 486px\" \/><\/a><\/p>\n<p>&nbsp;<\/p>\n<h2><strong>B\u00fcrkert : Pr\u00e9sentation d\u00e9taill\u00e9e de l&rsquo;entreprise<\/strong><\/h2>\n<p><strong>B\u00fcrkert<\/strong> est une entreprise <strong>allemande<\/strong> fond\u00e9e en 1946, sp\u00e9cialis\u00e9e dans la <strong>r\u00e9gulation et l&rsquo;automatisation des fluides<\/strong> dans divers secteurs industriels. L&rsquo;entreprise est reconnue pour ses<strong> solutions innovantes<\/strong> qui r\u00e9pondent aux besoins de <strong>contr\u00f4le<\/strong> et de <strong>gestion<\/strong> des <strong>fluides<\/strong>, avec un fort accent sur la <strong>qualit\u00e9<\/strong>, la <strong>fiabilit\u00e9<\/strong> et l&rsquo;<strong>efficacit\u00e9 des produits<\/strong>. Ses solutions couvrent des <strong>industries vari\u00e9es<\/strong>, allant de la<strong> pharmacie<\/strong> \u00e0 l&rsquo;<strong>agroalimentaire<\/strong>, en passant par l&rsquo;<strong>automobile<\/strong> et l&rsquo;<strong>\u00e9nergie<\/strong>.<\/p>\n<h3><span style=\"color: #008000;\"><strong>Types de produits propos\u00e9s par B\u00fcrkert<\/strong><\/span><\/h3>\n<ul>\n<li><span style=\"text-decoration: underline;\"><strong>Electrovannes :<\/strong><\/span><br \/>\nB\u00fcrkert propose une large gamme de vannes (vannes de r\u00e9gulation, \u00e0 sph\u00e8re, \u00e0 papillon) et dispositifs de contr\u00f4le pour g\u00e9rer les d\u00e9bits, la pression et la temp\u00e9rature des fluides.<\/li>\n<\/ul>\n<table style=\"border-collapse: collapse; width: 100%;\" border=\"1\">\n<tbody>\n<tr>\n<td style=\"width: 28.3167%; border-style: hidden; text-align: center;\"><a href=\"http:\/\/www.hydroservice.fr\/wp-content\/uploads\/Capture-decran-2025-01-09-152912.png\"><img loading=\"lazy\" decoding=\"async\" class=\"alignnone wp-image-2289 size-full\" src=\"http:\/\/www.hydroservice.fr\/wp-content\/uploads\/Capture-decran-2025-01-09-152912.png\" alt=\"\" width=\"127\" height=\"183\" srcset=\"http:\/\/www.hydroservice.fr\/wp-content\/uploads\/Capture-decran-2025-01-09-152912.png 127w, http:\/\/www.hydroservice.fr\/wp-content\/uploads\/Capture-decran-2025-01-09-152912-100x144.png 100w\" sizes=\"(max-width: 127px) 100vw, 127px\" \/><\/a> <a href=\"http:\/\/www.hydroservice.fr\/wp-content\/uploads\/Capture-decran-2025-01-09-152919.png\"><img loading=\"lazy\" decoding=\"async\" class=\"alignnone wp-image-2290 size-full\" src=\"http:\/\/www.hydroservice.fr\/wp-content\/uploads\/Capture-decran-2025-01-09-152919.png\" alt=\"\" width=\"143\" height=\"185\" srcset=\"http:\/\/www.hydroservice.fr\/wp-content\/uploads\/Capture-decran-2025-01-09-152919.png 143w, http:\/\/www.hydroservice.fr\/wp-content\/uploads\/Capture-decran-2025-01-09-152919-100x129.png 100w\" sizes=\"(max-width: 143px) 100vw, 143px\" \/><\/a><\/td>\n<td style=\"width: 14.8104%; border-style: hidden; text-align: center;\"><a href=\"http:\/\/www.hydroservice.fr\/wp-content\/uploads\/Capture-decran-2025-01-09-152926.png\"><img loading=\"lazy\" decoding=\"async\" class=\"alignnone size-full wp-image-2291\" src=\"http:\/\/www.hydroservice.fr\/wp-content\/uploads\/Capture-decran-2025-01-09-152926.png\" alt=\"\" width=\"154\" height=\"187\" srcset=\"http:\/\/www.hydroservice.fr\/wp-content\/uploads\/Capture-decran-2025-01-09-152926.png 154w, http:\/\/www.hydroservice.fr\/wp-content\/uploads\/Capture-decran-2025-01-09-152926-100x121.png 100w\" sizes=\"(max-width: 154px) 100vw, 154px\" \/><\/a><\/td>\n<td style=\"width: 16.8729%; border-style: hidden; text-align: center;\"><a href=\"http:\/\/www.hydroservice.fr\/wp-content\/uploads\/Capture-decran-2025-01-09-152939.png\"><img loading=\"lazy\" decoding=\"async\" class=\"alignnone size-full wp-image-2293\" src=\"http:\/\/www.hydroservice.fr\/wp-content\/uploads\/Capture-decran-2025-01-09-152939.png\" alt=\"\" width=\"108\" height=\"199\" srcset=\"http:\/\/www.hydroservice.fr\/wp-content\/uploads\/Capture-decran-2025-01-09-152939.png 108w, http:\/\/www.hydroservice.fr\/wp-content\/uploads\/Capture-decran-2025-01-09-152939-100x184.png 100w\" sizes=\"(max-width: 108px) 100vw, 108px\" \/><\/a><\/td>\n<td style=\"width: 20%; border-style: hidden; text-align: center;\"><a href=\"http:\/\/www.hydroservice.fr\/wp-content\/uploads\/Capture-decran-2025-01-09-152943.png\"><img loading=\"lazy\" decoding=\"async\" class=\"alignnone size-full wp-image-2294\" src=\"http:\/\/www.hydroservice.fr\/wp-content\/uploads\/Capture-decran-2025-01-09-152943.png\" alt=\"\" width=\"118\" height=\"189\" srcset=\"http:\/\/www.hydroservice.fr\/wp-content\/uploads\/Capture-decran-2025-01-09-152943.png 118w, http:\/\/www.hydroservice.fr\/wp-content\/uploads\/Capture-decran-2025-01-09-152943-100x160.png 100w\" sizes=\"(max-width: 118px) 100vw, 118px\" \/><\/a><\/td>\n<td style=\"width: 20%; border-style: hidden; text-align: center;\"><a href=\"http:\/\/www.hydroservice.fr\/wp-content\/uploads\/Capture-decran-2025-01-09-152931.png\"><img loading=\"lazy\" decoding=\"async\" class=\"alignnone size-full wp-image-2292\" src=\"http:\/\/www.hydroservice.fr\/wp-content\/uploads\/Capture-decran-2025-01-09-152931.png\" alt=\"\" width=\"143\" height=\"186\" srcset=\"http:\/\/www.hydroservice.fr\/wp-content\/uploads\/Capture-decran-2025-01-09-152931.png 143w, http:\/\/www.hydroservice.fr\/wp-content\/uploads\/Capture-decran-2025-01-09-152931-100x130.png 100w\" sizes=\"(max-width: 143px) 100vw, 143px\" \/><\/a><\/td>\n<\/tr>\n<tr>\n<td style=\"width: 28.3167%; border-style: hidden; text-align: center;\">\n<p><span style=\"color: #339966;\">Usage g\u00e9n\u00e9ral<\/span><\/p>\n<p><span style=\"color: #339966;\">2\/2 voies et 3\/2 voies<\/span><\/td>\n<td style=\"width: 14.8104%; border-style: hidden; text-align: center;\"><span style=\"color: #339966;\">Haute pression<\/span><\/td>\n<td style=\"width: 16.8729%; border-style: hidden; text-align: center;\"><span style=\"color: #339966;\">Cryog\u00e9n\u00e9rique<\/span><\/td>\n<td style=\"width: 20%; border-style: hidden; text-align: center;\"><span style=\"color: #339966;\">Fluides contamin\u00e9s<\/span><\/td>\n<td style=\"width: 20%; border-style: hidden; text-align: center;\"><span style=\"color: #339966;\">Vapeur et fluide \u00e0 haute temp\u00e9rature\u00a0<\/span><\/td>\n<\/tr>\n<\/tbody>\n<\/table>\n<ul>\n<li><span style=\"text-decoration: underline;\"><strong>Vanne de Process :<\/strong><\/span><br \/>\nL&rsquo;entreprise fournit des capteurs pour mesurer la pression, la temp\u00e9rature et le d\u00e9bit, ainsi que des analyseurs pour contr\u00f4ler la qualit\u00e9 des fluides.<\/li>\n<\/ul>\n<table style=\"border-collapse: collapse; width: 100%;\" border=\"1\">\n<tbody>\n<tr>\n<td style=\"width: 33.3333%; border-style: hidden; text-align: center;\"><a href=\"http:\/\/www.hydroservice.fr\/wp-content\/uploads\/Capture-decran-2025-01-09-153533.png\"><img loading=\"lazy\" decoding=\"async\" class=\"alignnone size-full wp-image-2295\" src=\"http:\/\/www.hydroservice.fr\/wp-content\/uploads\/Capture-decran-2025-01-09-153533.png\" alt=\"\" width=\"70\" height=\"185\" \/><\/a><\/td>\n<td style=\"width: 33.3333%; border-style: hidden; text-align: center;\"><a href=\"http:\/\/www.hydroservice.fr\/wp-content\/uploads\/Capture-decran-2025-01-09-153556.png\"><img loading=\"lazy\" decoding=\"async\" class=\"alignnone size-full wp-image-2296\" src=\"http:\/\/www.hydroservice.fr\/wp-content\/uploads\/Capture-decran-2025-01-09-153556.png\" alt=\"\" width=\"83\" height=\"166\" \/><\/a><\/td>\n<td style=\"width: 33.3333%; border-style: hidden; text-align: center;\"><a href=\"http:\/\/www.hydroservice.fr\/wp-content\/uploads\/Capture-decran-2025-01-09-153629.png\"><img loading=\"lazy\" decoding=\"async\" class=\"alignnone size-full wp-image-2297\" src=\"http:\/\/www.hydroservice.fr\/wp-content\/uploads\/Capture-decran-2025-01-09-153629.png\" alt=\"\" width=\"170\" height=\"206\" srcset=\"http:\/\/www.hydroservice.fr\/wp-content\/uploads\/Capture-decran-2025-01-09-153629.png 170w, http:\/\/www.hydroservice.fr\/wp-content\/uploads\/Capture-decran-2025-01-09-153629-100x121.png 100w\" sizes=\"(max-width: 170px) 100vw, 170px\" \/><\/a><\/td>\n<\/tr>\n<tr>\n<td style=\"width: 33.3333%; border-style: hidden; text-align: center;\"><span style=\"color: #339966;\">Vanne de process avec si\u00e8ge inclin\u00e9<\/span><\/td>\n<td style=\"width: 33.3333%; border-style: hidden; text-align: center;\"><span style=\"color: #339966;\">Vanne de process \u00e0 membrane\u00a0<\/span><\/td>\n<td style=\"width: 33.3333%; border-style: hidden; text-align: center;\"><span style=\"color: #339966;\">Vanne de process rotative\u00a0<\/span><\/td>\n<\/tr>\n<\/tbody>\n<\/table>\n<ul>\n<li><span style=\"text-decoration: underline;\"><strong>Bo\u00eetier de Commande et \u00celot de Distribution :<\/strong><\/span><br \/>\nDes actionneurs pneumatiques et \u00e9lectriques permettent de contr\u00f4ler et d\u2019automatiser les vannes et autres \u00e9quipements de r\u00e9gulation, offrant ainsi des solutions flexibles pour l&rsquo;automatisation des processus.<\/li>\n<\/ul>\n<table style=\"border-collapse: collapse; width: 100%;\" border=\"1\">\n<tbody>\n<tr>\n<td style=\"width: 18.7358%; text-align: center; border-style: hidden;\"><a href=\"http:\/\/www.hydroservice.fr\/wp-content\/uploads\/Capture-decran-2025-01-09-154739.png\"><img loading=\"lazy\" decoding=\"async\" class=\"alignnone size-full wp-image-2305\" src=\"http:\/\/www.hydroservice.fr\/wp-content\/uploads\/Capture-decran-2025-01-09-154739.png\" alt=\"\" width=\"179\" height=\"227\" srcset=\"http:\/\/www.hydroservice.fr\/wp-content\/uploads\/Capture-decran-2025-01-09-154739.png 179w, http:\/\/www.hydroservice.fr\/wp-content\/uploads\/Capture-decran-2025-01-09-154739-100x127.png 100w\" sizes=\"(max-width: 179px) 100vw, 179px\" \/><\/a><\/td>\n<td style=\"width: 24.724%; text-align: center; border-style: hidden;\">\u00a0<a href=\"http:\/\/www.hydroservice.fr\/wp-content\/uploads\/Capture-decran-2025-01-09-154308.png\"><img loading=\"lazy\" decoding=\"async\" class=\"alignnone wp-image-2302 size-full\" src=\"http:\/\/www.hydroservice.fr\/wp-content\/uploads\/Capture-decran-2025-01-09-154308.png\" alt=\"\" width=\"131\" height=\"187\" srcset=\"http:\/\/www.hydroservice.fr\/wp-content\/uploads\/Capture-decran-2025-01-09-154308.png 131w, http:\/\/www.hydroservice.fr\/wp-content\/uploads\/Capture-decran-2025-01-09-154308-100x143.png 100w\" sizes=\"(max-width: 131px) 100vw, 131px\" \/><\/a><\/td>\n<td style=\"width: 14.8103%; text-align: center; border-style: hidden;\"><a href=\"http:\/\/www.hydroservice.fr\/wp-content\/uploads\/Capture-decran-2025-01-09-154203.png\"><img loading=\"lazy\" decoding=\"async\" class=\"alignnone wp-image-2301 size-full\" src=\"http:\/\/www.hydroservice.fr\/wp-content\/uploads\/Capture-decran-2025-01-09-154203.png\" alt=\"\" width=\"238\" height=\"247\" srcset=\"http:\/\/www.hydroservice.fr\/wp-content\/uploads\/Capture-decran-2025-01-09-154203.png 238w, http:\/\/www.hydroservice.fr\/wp-content\/uploads\/Capture-decran-2025-01-09-154203-100x104.png 100w\" sizes=\"(max-width: 238px) 100vw, 238px\" \/><\/a><\/td>\n<td style=\"width: 25.4558%; text-align: center; border-style: hidden;\">\u00a0<a href=\"http:\/\/www.hydroservice.fr\/wp-content\/uploads\/Capture-decran-2025-01-09-154104.png\"><img loading=\"lazy\" decoding=\"async\" class=\"alignnone wp-image-2298 size-full\" src=\"http:\/\/www.hydroservice.fr\/wp-content\/uploads\/Capture-decran-2025-01-09-154104.png\" alt=\"\" width=\"181\" height=\"170\" srcset=\"http:\/\/www.hydroservice.fr\/wp-content\/uploads\/Capture-decran-2025-01-09-154104.png 181w, http:\/\/www.hydroservice.fr\/wp-content\/uploads\/Capture-decran-2025-01-09-154104-100x94.png 100w\" sizes=\"(max-width: 181px) 100vw, 181px\" \/><\/a><\/td>\n<td style=\"width: 16.2741%; text-align: center; border-style: hidden;\"><a href=\"http:\/\/www.hydroservice.fr\/wp-content\/uploads\/Capture-decran-2025-01-09-154111.png\"><img loading=\"lazy\" decoding=\"async\" class=\"alignnone wp-image-2299 size-full\" src=\"http:\/\/www.hydroservice.fr\/wp-content\/uploads\/Capture-decran-2025-01-09-154111.png\" alt=\"\" width=\"181\" height=\"132\" srcset=\"http:\/\/www.hydroservice.fr\/wp-content\/uploads\/Capture-decran-2025-01-09-154111.png 181w, http:\/\/www.hydroservice.fr\/wp-content\/uploads\/Capture-decran-2025-01-09-154111-100x73.png 100w\" sizes=\"(max-width: 181px) 100vw, 181px\" \/><\/a><\/td>\n<\/tr>\n<tr>\n<td style=\"width: 18.7358%; text-align: center; border-style: hidden;\"><span style=\"color: #339966;\">Electrovanne de pilotage<\/span><\/td>\n<td style=\"width: 24.724%; text-align: center; border-style: hidden;\"><span style=\"color: #339966;\">D\u00e9centralisation et contr\u00f4le de process<\/span><\/td>\n<td style=\"width: 14.8103%; text-align: center; border-style: hidden;\"><span style=\"color: #339966;\">Ilots de vannes et embases<\/span><\/td>\n<td style=\"width: 25.4558%; text-align: center; border-style: hidden;\"><span style=\"color: #339966;\">Unit\u00e9 d&rsquo;automatisation du bus de terrain\u00a0<\/span><\/td>\n<td style=\"width: 16.2741%; text-align: center; border-style: hidden;\"><span style=\"color: #339966;\">Armoire et syst\u00e8me de commande\u00a0<\/span><\/td>\n<\/tr>\n<\/tbody>\n<\/table>\n<ul>\n<li><span style=\"text-decoration: underline;\"><strong>Vanne de R\u00e9gulation :<\/strong><\/span><br \/>\nB\u00fcrkert propose des solutions compl\u00e8tes de contr\u00f4le de processus et des modules de contr\u00f4le d\u00e9centralis\u00e9s pour l\u2019automatisation et la gestion des syst\u00e8mes industriels.<\/li>\n<\/ul>\n<table style=\"border-collapse: collapse; width: 100%;\" border=\"1\">\n<tbody>\n<tr>\n<td style=\"width: 20%; text-align: center; border-style: hidden;\"><a href=\"http:\/\/www.hydroservice.fr\/wp-content\/uploads\/Capture-decran-2025-01-09-155454.png\"><img loading=\"lazy\" decoding=\"async\" class=\"alignnone size-full wp-image-2306\" src=\"http:\/\/www.hydroservice.fr\/wp-content\/uploads\/Capture-decran-2025-01-09-155454.png\" alt=\"\" width=\"99\" height=\"217\" \/><\/a><\/td>\n<td style=\"width: 20%; text-align: center; border-style: hidden;\"><a href=\"http:\/\/www.hydroservice.fr\/wp-content\/uploads\/Capture-decran-2025-01-09-155458.png\"><img loading=\"lazy\" decoding=\"async\" class=\"alignnone size-full wp-image-2307\" src=\"http:\/\/www.hydroservice.fr\/wp-content\/uploads\/Capture-decran-2025-01-09-155458.png\" alt=\"\" width=\"95\" height=\"179\" \/><\/a><\/td>\n<td style=\"width: 20%; text-align: center; border-style: hidden;\"><a href=\"http:\/\/www.hydroservice.fr\/wp-content\/uploads\/Capture-decran-2025-01-09-155510.png\"><img loading=\"lazy\" decoding=\"async\" class=\"alignnone size-full wp-image-2308\" src=\"http:\/\/www.hydroservice.fr\/wp-content\/uploads\/Capture-decran-2025-01-09-155510.png\" alt=\"\" width=\"128\" height=\"185\" srcset=\"http:\/\/www.hydroservice.fr\/wp-content\/uploads\/Capture-decran-2025-01-09-155510.png 128w, http:\/\/www.hydroservice.fr\/wp-content\/uploads\/Capture-decran-2025-01-09-155510-100x145.png 100w\" sizes=\"(max-width: 128px) 100vw, 128px\" \/><\/a><\/td>\n<td style=\"width: 20%; text-align: center; border-style: hidden;\"><a href=\"http:\/\/www.hydroservice.fr\/wp-content\/uploads\/Capture-decran-2025-01-09-155715.png\"><img loading=\"lazy\" decoding=\"async\" class=\"alignnone size-full wp-image-2309\" src=\"http:\/\/www.hydroservice.fr\/wp-content\/uploads\/Capture-decran-2025-01-09-155715.png\" alt=\"\" width=\"195\" height=\"259\" srcset=\"http:\/\/www.hydroservice.fr\/wp-content\/uploads\/Capture-decran-2025-01-09-155715.png 195w, http:\/\/www.hydroservice.fr\/wp-content\/uploads\/Capture-decran-2025-01-09-155715-100x133.png 100w\" sizes=\"(max-width: 195px) 100vw, 195px\" \/><\/a><\/td>\n<td style=\"width: 20%; text-align: center; border-style: hidden;\"><a href=\"http:\/\/www.hydroservice.fr\/wp-content\/uploads\/Capture-decran-2025-01-09-155719.png\"><img loading=\"lazy\" decoding=\"async\" class=\"alignnone size-full wp-image-2310\" src=\"http:\/\/www.hydroservice.fr\/wp-content\/uploads\/Capture-decran-2025-01-09-155719.png\" alt=\"\" width=\"245\" height=\"240\" srcset=\"http:\/\/www.hydroservice.fr\/wp-content\/uploads\/Capture-decran-2025-01-09-155719.png 245w, http:\/\/www.hydroservice.fr\/wp-content\/uploads\/Capture-decran-2025-01-09-155719-100x98.png 100w\" sizes=\"(max-width: 245px) 100vw, 245px\" \/><\/a><\/td>\n<\/tr>\n<tr>\n<td style=\"width: 20%; text-align: center; border-style: hidden;\"><span style=\"color: #339966;\">Vanne de r\u00e9gulation \u00e9lectrique\u00a0<\/span><\/td>\n<td style=\"width: 20%; text-align: center; border-style: hidden;\"><span style=\"color: #339966;\">Vanne de r\u00e9gulation pneumatique<\/span><\/td>\n<td style=\"width: 20%; text-align: center; border-style: hidden;\"><span style=\"color: #339966;\">Vanne de r\u00e9gulation manuelle\u00a0<\/span><\/td>\n<td style=\"width: 20%; text-align: center; border-style: hidden;\"><span style=\"color: #339966;\">Positionneur compact<\/span><\/td>\n<td style=\"width: 20%; text-align: center; border-style: hidden;\"><span style=\"color: #339966;\">Positionneur d\u00e9port\u00e9<\/span><\/td>\n<\/tr>\n<\/tbody>\n<\/table>\n<ul>\n<li><span style=\"text-decoration: underline;\"><strong>Solutions pour industries sp\u00e9cifiques :<\/strong><\/span><br \/>\nL&rsquo;entreprise fournit des solutions adapt\u00e9es \u00e0 des secteurs comme la pharmacie, l\u2019agroalimentaire, et le traitement de l\u2019eau, avec des produits r\u00e9pondant aux normes strictes de ces industries.<\/li>\n<\/ul>\n<p>&nbsp;<\/p>\n<p>B\u00fcrkert se distingue par sa capacit\u00e9 \u00e0 offrir des solutions sur mesure, en int\u00e9grant des technologies avanc\u00e9es pour am\u00e9liorer les performances des syst\u00e8mes de r\u00e9gulation et d&rsquo;automatisation des fluides.<\/p>\n<p>&nbsp;<\/p>\n<p><span style=\"text-decoration: underline;\"><span style=\"color: #008000; text-decoration: underline;\">Information additionnelles :<\/span><\/span><\/p>\n<ul>\n<li>Site WEB :\u00a0<a href=\"https:\/\/www.burkert.fr\/fr\">https:\/\/www.burkert.fr\/fr<\/a><\/li>\n<li>Documentation HSC \/ B\u00dcRKERT : <a href=\"http:\/\/www.hydroservice.fr\/wp-content\/uploads\/HSC-Gamme-BURKERT-1.pdf\">HSC Gamme BURKERT<\/a><\/li>\n<li>Documentation B\u00dcRKERT : <a href=\"http:\/\/www.hydroservice.fr\/wp-content\/uploads\/BURKERT_Gamme-de-produits-v072024-v2.pdf\">BURKERT<\/a><\/li>\n<\/ul>\n","protected":false},"excerpt":{"rendered":"<p>&nbsp; B\u00fcrkert : Pr\u00e9sentation d\u00e9taill\u00e9e de l&rsquo;entreprise B\u00fcrkert est une entreprise allemande fond\u00e9e en 1946, sp\u00e9cialis\u00e9e dans la r\u00e9gulation et l&rsquo;automatisation des fluides dans divers secteurs industriels. L&rsquo;entreprise est reconnue pour ses solutions innovantes qui r\u00e9pondent aux besoins de contr\u00f4le [&hellip;]<\/p>\n","protected":false},"author":3,"featured_media":0,"parent":1529,"menu_order":0,"comment_status":"closed","ping_status":"closed","template":"page-templates\/page_fullwidth.php","meta":{"footnotes":""},"_links":{"self":[{"href":"http:\/\/www.hydroservice.fr\/index.php?rest_route=\/wp\/v2\/pages\/2279"}],"collection":[{"href":"http:\/\/www.hydroservice.fr\/index.php?rest_route=\/wp\/v2\/pages"}],"about":[{"href":"http:\/\/www.hydroservice.fr\/index.php?rest_route=\/wp\/v2\/types\/page"}],"author":[{"embeddable":true,"href":"http:\/\/www.hydroservice.fr\/index.php?rest_route=\/wp\/v2\/users\/3"}],"replies":[{"embeddable":true,"href":"http:\/\/www.hydroservice.fr\/index.php?rest_route=%2Fwp%2Fv2%2Fcomments&post=2279"}],"version-history":[{"count":0,"href":"http:\/\/www.hydroservice.fr\/index.php?rest_route=\/wp\/v2\/pages\/2279\/revisions"}],"up":[{"embeddable":true,"href":"http:\/\/www.hydroservice.fr\/index.php?rest_route=\/wp\/v2\/pages\/1529"}],"wp:attachment":[{"href":"http:\/\/www.hydroservice.fr\/index.php?rest_route=%2Fwp%2Fv2%2Fmedia&parent=2279"}],"curies":[{"name":"wp","href":"https:\/\/api.w.org\/{rel}","templated":true}]}}