{"id":2182,"date":"2025-01-09T10:04:43","date_gmt":"2025-01-09T09:04:43","guid":{"rendered":"http:\/\/www.hydroservice.fr\/?page_id=2182"},"modified":"2025-01-09T15:09:15","modified_gmt":"2025-01-09T14:09:15","slug":"parker-innovation-performance","status":"publish","type":"page","link":"http:\/\/www.hydroservice.fr\/?page_id=2182","title":{"rendered":"PARKER &#8211; Innovation &#038; Performance"},"content":{"rendered":"\r\n<figure><\/figure>\r\n<figure class=\"wp-block-image aligncenter size-full is-resized\"><a href=\"http:\/\/www.hydroservice.fr\/wp-content\/uploads\/logo-parker.png\"><img loading=\"lazy\" decoding=\"async\" width=\"512\" height=\"202\" class=\"wp-image-2183\" style=\"width: 456px; height: auto;\" src=\"http:\/\/www.hydroservice.fr\/wp-content\/uploads\/logo-parker.png\" alt=\"\" srcset=\"http:\/\/www.hydroservice.fr\/wp-content\/uploads\/logo-parker.png 512w, http:\/\/www.hydroservice.fr\/wp-content\/uploads\/logo-parker-300x118.png 300w, http:\/\/www.hydroservice.fr\/wp-content\/uploads\/logo-parker-360x142.png 360w, http:\/\/www.hydroservice.fr\/wp-content\/uploads\/logo-parker-250x99.png 250w, http:\/\/www.hydroservice.fr\/wp-content\/uploads\/logo-parker-100x39.png 100w\" sizes=\"(max-width: 512px) 100vw, 512px\" \/><\/a><\/figure>\r\n\r\n\r\n\r\n<p>&nbsp;<\/p>\r\n<h3><span style=\"color: #008000;\"><strong>Pr\u00e9sentation de Parker<\/strong><\/span><\/h3>\r\n\r\n\r\n\r\n<p>Parker Hannifin est un <strong>leader mondial<\/strong> dans la conception et la fabrication de solutions technologiques avanc\u00e9es. Fond\u00e9e en 1917, l&rsquo;entreprise est <strong>sp\u00e9cialis\u00e9e<\/strong> dans l&rsquo;<strong>automatisation<\/strong>, l&rsquo;<strong>hydraulique<\/strong>, le <strong>pneumatique<\/strong>, et les<strong> syst\u00e8mes de filtration<\/strong>. Parker propose des produits pour des <strong>secteurs vari\u00e9s<\/strong> comme l\u2019<strong>a\u00e9rospatial<\/strong>, l\u2019<strong>automobile<\/strong>, l\u2019<strong>\u00e9nergie et l\u2019industrie<\/strong>.<\/p>\r\n\r\n\r\n\r\n<h3><span style=\"color: #008000;\"><strong>Implantations mondiales<\/strong><\/span><\/h3>\r\n\r\n\r\n\r\n<p>Avec plus de <strong>50 000 employ\u00e9s<\/strong> dans plus de <strong>50 pays<\/strong>, Parker poss\u00e8de un large r\u00e9seau de sites de production et de centres de recherche, permettant de<strong> r\u00e9pondre aux besoins<\/strong> locaux tout en maintenant <strong>des standards de qualit\u00e9<\/strong> globaux.<\/p>\r\n\r\n\r\n\r\n<h3><span style=\"color: #008000;\"><strong>Innovation et durabilit\u00e9<\/strong><\/span><\/h3>\r\n\r\n\r\n\r\n<p>Parker place l\u2019innovation au c\u0153ur de<strong> son d\u00e9veloppement<\/strong>, investissant dans la recherche pour <strong>offrir des solutions performantes et durables<\/strong>, tout en r\u00e9duisant l&rsquo;<strong>impact environnemental<\/strong> de ses produits et processus.<\/p>\r\n\r\n\r\n\r\n<h3><span style=\"color: #008000;\"><strong>Produits phares de Parker<\/strong><\/span><\/h3>\r\n\r\n\r\n\r\n<ul>\r\n<li><strong>Connectique<\/strong> : Parker propose une gamme compl\u00e8te de connectique, incluant des <strong>flexibles<\/strong>, <strong>embouts \u00e0 sertir<\/strong>, <strong>raccords<\/strong> et <strong>coupleurs<\/strong>. Ces produits assurent des connexions fiables et durables dans des syst\u00e8mes hydrauliques et pneumatiques, permettant un transfert efficace des fluides et une r\u00e9sistance optimale aux environnements difficiles.<\/li>\r\n<\/ul>\r\n<table style=\"height: 48px; width: 100%; border-collapse: collapse; border-style: hidden;\" border=\"0\">\r\n<tbody>\r\n<tr style=\"height: 24px; border-style: hidden;\">\r\n<td style=\"width: 25%; height: 24px; text-align: center;\">\r\n<p><a href=\"http:\/\/www.hydroservice.fr\/wp-content\/uploads\/Capture-decran-2025-01-09-091222.png\"><img loading=\"lazy\" decoding=\"async\" class=\"alignnone size-full wp-image-2225\" src=\"http:\/\/www.hydroservice.fr\/wp-content\/uploads\/Capture-decran-2025-01-09-091222.png\" alt=\"\" width=\"146\" height=\"129\" srcset=\"http:\/\/www.hydroservice.fr\/wp-content\/uploads\/Capture-decran-2025-01-09-091222.png 146w, http:\/\/www.hydroservice.fr\/wp-content\/uploads\/Capture-decran-2025-01-09-091222-100x88.png 100w\" sizes=\"(max-width: 146px) 100vw, 146px\" \/><\/a><\/p>\r\n<\/td>\r\n<td style=\"width: 25%; height: 24px; border-style: hidden; text-align: center;\">\r\n<p><a href=\"http:\/\/www.hydroservice.fr\/wp-content\/uploads\/Capture-decran-2025-01-08-165232.png\"><img loading=\"lazy\" decoding=\"async\" class=\"size-full wp-image-2187\" src=\"http:\/\/www.hydroservice.fr\/wp-content\/uploads\/Capture-decran-2025-01-08-165232.png\" alt=\"\" width=\"176\" height=\"146\" srcset=\"http:\/\/www.hydroservice.fr\/wp-content\/uploads\/Capture-decran-2025-01-08-165232.png 176w, http:\/\/www.hydroservice.fr\/wp-content\/uploads\/Capture-decran-2025-01-08-165232-100x83.png 100w\" sizes=\"(max-width: 176px) 100vw, 176px\" \/><\/a><\/p>\r\n<\/td>\r\n<td style=\"width: 25%; height: 24px; text-align: center;\"><a href=\"http:\/\/www.hydroservice.fr\/wp-content\/uploads\/Capture-decran-2025-01-08-165257.png\"><img loading=\"lazy\" decoding=\"async\" class=\"alignnone size-full wp-image-2188\" src=\"http:\/\/www.hydroservice.fr\/wp-content\/uploads\/Capture-decran-2025-01-08-165257.png\" alt=\"\" width=\"155\" height=\"156\" srcset=\"http:\/\/www.hydroservice.fr\/wp-content\/uploads\/Capture-decran-2025-01-08-165257.png 155w, http:\/\/www.hydroservice.fr\/wp-content\/uploads\/Capture-decran-2025-01-08-165257-150x150.png 150w, http:\/\/www.hydroservice.fr\/wp-content\/uploads\/Capture-decran-2025-01-08-165257-100x101.png 100w\" sizes=\"(max-width: 155px) 100vw, 155px\" \/><\/a><\/td>\r\n<td style=\"width: 25%; height: 24px; border-style: hidden; text-align: center;\"><a href=\"http:\/\/www.hydroservice.fr\/wp-content\/uploads\/Capture-decran-2025-01-08-165306.png\"><img loading=\"lazy\" decoding=\"async\" class=\"alignnone size-full wp-image-2189\" src=\"http:\/\/www.hydroservice.fr\/wp-content\/uploads\/Capture-decran-2025-01-08-165306.png\" alt=\"\" width=\"143\" height=\"144\" srcset=\"http:\/\/www.hydroservice.fr\/wp-content\/uploads\/Capture-decran-2025-01-08-165306.png 143w, http:\/\/www.hydroservice.fr\/wp-content\/uploads\/Capture-decran-2025-01-08-165306-100x101.png 100w\" sizes=\"(max-width: 143px) 100vw, 143px\" \/><\/a><\/td>\r\n<\/tr>\r\n<tr style=\"height: 24px;\">\r\n<td style=\"width: 25%; height: 24px; border-style: hidden; text-align: center;\">\r\n<p><span style=\"color: #339966;\">Flexibles<\/span><\/p>\r\n<\/td>\r\n<td style=\"width: 25%; height: 24px; text-align: center;\"><span style=\"color: #339966;\">Embouts \u00e0 sertir\u00a0<\/span><\/td>\r\n<td style=\"width: 25%; height: 24px; border-style: hidden; text-align: center;\"><span style=\"color: #339966;\">Raccords<\/span><\/td>\r\n<td style=\"width: 25%; height: 24px; text-align: center;\"><span style=\"color: #339966;\">Coupleurs<\/span><\/td>\r\n<\/tr>\r\n<\/tbody>\r\n<\/table>\r\n<ul>\r\n\r\n\r\n<li><strong>V\u00e9rins<\/strong> : Les <strong>v\u00e9rins hydrauliques<\/strong> Parker sont utilis\u00e9s pour fournir un mouvement lin\u00e9aire pr\u00e9cis et puissant. Ils sont disponibles dans diverses configurations pour des applications industrielles, a\u00e9rospatiales et mobiles, et sont con\u00e7us pour r\u00e9sister \u00e0 des pressions \u00e9lev\u00e9es et des conditions de fonctionnement extr\u00eames.<\/li>\r\n<\/ul>\r\n<table style=\"border-collapse: collapse; width: 100%;\" border=\"1\">\r\n<tbody>\r\n<tr style=\"height: 24px;\">\r\n<td style=\"width: 33.3333%; text-align: center; height: 24px; border-style: hidden;\"><a href=\"http:\/\/www.hydroservice.fr\/wp-content\/uploads\/Capture-decran-2025-01-09-091819.png\"><img loading=\"lazy\" decoding=\"async\" class=\"alignnone size-full wp-image-2230\" src=\"http:\/\/www.hydroservice.fr\/wp-content\/uploads\/Capture-decran-2025-01-09-091819.png\" alt=\"\" width=\"98\" height=\"81\" \/><\/a>\u00a0 \u00a0 <a href=\"http:\/\/www.hydroservice.fr\/wp-content\/uploads\/Capture-decran-2025-01-09-091829.png\"><img loading=\"lazy\" decoding=\"async\" class=\"alignnone size-full wp-image-2231\" src=\"http:\/\/www.hydroservice.fr\/wp-content\/uploads\/Capture-decran-2025-01-09-091829.png\" alt=\"\" width=\"77\" height=\"68\" \/><\/a>\u00a0<\/td>\r\n<td style=\"width: 33.3333%; text-align: center; height: 24px; border-style: hidden;\"><a href=\"http:\/\/www.hydroservice.fr\/wp-content\/uploads\/Capture-decran-2025-01-08-165336.png\"><img loading=\"lazy\" decoding=\"async\" class=\"alignnone size-full wp-image-2192\" src=\"http:\/\/www.hydroservice.fr\/wp-content\/uploads\/Capture-decran-2025-01-08-165336.png\" alt=\"\" width=\"201\" height=\"97\" srcset=\"http:\/\/www.hydroservice.fr\/wp-content\/uploads\/Capture-decran-2025-01-08-165336.png 201w, http:\/\/www.hydroservice.fr\/wp-content\/uploads\/Capture-decran-2025-01-08-165336-100x48.png 100w\" sizes=\"(max-width: 201px) 100vw, 201px\" \/><\/a><\/td>\r\n<td style=\"width: 33.3333%; text-align: center; height: 24px; border-style: hidden;\"><a href=\"http:\/\/www.hydroservice.fr\/wp-content\/uploads\/Capture-decran-2025-01-08-165342.png\"><img loading=\"lazy\" decoding=\"async\" class=\"alignnone size-full wp-image-2193\" src=\"http:\/\/www.hydroservice.fr\/wp-content\/uploads\/Capture-decran-2025-01-08-165342.png\" alt=\"\" width=\"169\" height=\"104\" srcset=\"http:\/\/www.hydroservice.fr\/wp-content\/uploads\/Capture-decran-2025-01-08-165342.png 169w, http:\/\/www.hydroservice.fr\/wp-content\/uploads\/Capture-decran-2025-01-08-165342-100x62.png 100w\" sizes=\"(max-width: 169px) 100vw, 169px\" \/><\/a><\/td>\r\n<\/tr>\r\n<tr style=\"height: 24px;\">\r\n<td style=\"width: 33.3333%; text-align: center; height: 24px; border-style: hidden;\"><span style=\"color: #339966;\">V\u00e9rin \u00e0 tirant<\/span><\/td>\r\n<td style=\"width: 33.3333%; text-align: center; height: 24px; border-style: hidden;\"><span style=\"color: #339966;\">V\u00e9rin \u00e0 bride<\/span><\/td>\r\n<td style=\"width: 33.3333%; text-align: center; height: 24px; border-style: hidden;\"><span style=\"color: #339966;\">V\u00e9rin personnalis\u00e9<\/span><\/td>\r\n<\/tr>\r\n<\/tbody>\r\n<\/table>\r\n<ul>\r\n\r\n\r\n<li><strong>Valves hydrauliques<\/strong> : Parker propose une large gamme de valves hydrauliques, comprenant des <strong>distributeurs<\/strong>, des <strong>valves sandwich<\/strong> et des <strong>valves proportionnelles<\/strong>. Ces composants permettent de r\u00e9guler avec pr\u00e9cision le d\u00e9bit, la pression et la direction des fluides dans les syst\u00e8mes, assurant ainsi un contr\u00f4le optimal des performances du syst\u00e8me hydraulique.<\/li>\r\n<\/ul>\r\n<table style=\"border-collapse: collapse; width: 100%;\" border=\"1\">\r\n<tbody>\r\n<tr style=\"height: 24px;\">\r\n<td style=\"width: 33.3333%; border-style: hidden; text-align: center; height: 24px;\"><a href=\"http:\/\/www.hydroservice.fr\/wp-content\/uploads\/Capture-decran-2025-01-08-165350.png\"><img loading=\"lazy\" decoding=\"async\" class=\"alignnone size-full wp-image-2194\" src=\"http:\/\/www.hydroservice.fr\/wp-content\/uploads\/Capture-decran-2025-01-08-165350.png\" alt=\"\" width=\"217\" height=\"153\" srcset=\"http:\/\/www.hydroservice.fr\/wp-content\/uploads\/Capture-decran-2025-01-08-165350.png 217w, http:\/\/www.hydroservice.fr\/wp-content\/uploads\/Capture-decran-2025-01-08-165350-100x71.png 100w\" sizes=\"(max-width: 217px) 100vw, 217px\" \/><\/a><\/td>\r\n<td style=\"width: 33.3333%; border-style: hidden; text-align: center; height: 24px;\"><a href=\"http:\/\/www.hydroservice.fr\/wp-content\/uploads\/Capture-decran-2025-01-08-165401.png\"><img loading=\"lazy\" decoding=\"async\" class=\"alignnone size-full wp-image-2195\" src=\"http:\/\/www.hydroservice.fr\/wp-content\/uploads\/Capture-decran-2025-01-08-165401.png\" alt=\"\" width=\"272\" height=\"165\" srcset=\"http:\/\/www.hydroservice.fr\/wp-content\/uploads\/Capture-decran-2025-01-08-165401.png 272w, http:\/\/www.hydroservice.fr\/wp-content\/uploads\/Capture-decran-2025-01-08-165401-250x152.png 250w, http:\/\/www.hydroservice.fr\/wp-content\/uploads\/Capture-decran-2025-01-08-165401-100x61.png 100w\" sizes=\"(max-width: 272px) 100vw, 272px\" \/><\/a><\/td>\r\n<td style=\"width: 33.3333%; border-style: hidden; text-align: center; height: 24px;\"><a href=\"http:\/\/www.hydroservice.fr\/wp-content\/uploads\/Capture-decran-2025-01-08-165409.png\"><img loading=\"lazy\" decoding=\"async\" class=\"alignnone size-full wp-image-2196\" src=\"http:\/\/www.hydroservice.fr\/wp-content\/uploads\/Capture-decran-2025-01-08-165409.png\" alt=\"\" width=\"231\" height=\"166\" srcset=\"http:\/\/www.hydroservice.fr\/wp-content\/uploads\/Capture-decran-2025-01-08-165409.png 231w, http:\/\/www.hydroservice.fr\/wp-content\/uploads\/Capture-decran-2025-01-08-165409-100x72.png 100w\" sizes=\"(max-width: 231px) 100vw, 231px\" \/><\/a><\/td>\r\n<\/tr>\r\n<tr style=\"height: 24px;\">\r\n<td style=\"width: 33.3333%; border-style: hidden; text-align: center; height: 24px;\"><span style=\"color: #339966;\">Distributeurs<\/span><\/td>\r\n<td style=\"width: 33.3333%; border-style: hidden; text-align: center; height: 24px;\"><span style=\"color: #339966;\">Valves Sandwich<\/span><\/td>\r\n<td style=\"width: 33.3333%; border-style: hidden; text-align: center; height: 24px;\"><span style=\"color: #339966;\">Proportionnels<\/span><\/td>\r\n<\/tr>\r\n<\/tbody>\r\n<\/table>\r\n<ul>\r\n\r\n\r\n<li><strong>Moteurs et pompes<\/strong> : Parker offre une vari\u00e9t\u00e9 de pompes et de moteurs, incluant des <strong>pompes \u00e0 engrenage<\/strong>, des <strong>pompes \u00e0 palette<\/strong> et des <strong>moteurs \u00e0 piston<\/strong>. Ces produits fournissent la puissance n\u00e9cessaire dans des applications hydrauliques, offrant efficacit\u00e9, fiabilit\u00e9 et long\u00e9vit\u00e9 pour des \u00e9quipements industriels et mobiles.<\/li>\r\n<\/ul>\r\n<table style=\"border-collapse: collapse; width: 100%;\" border=\"1\">\r\n<tbody>\r\n<tr style=\"height: 24px;\">\r\n<td style=\"width: 33.3333%; text-align: center; border-style: hidden; height: 24px;\"><a href=\"http:\/\/www.hydroservice.fr\/wp-content\/uploads\/Capture-decran-2025-01-08-165425.png\"><img loading=\"lazy\" decoding=\"async\" class=\"alignnone size-full wp-image-2197\" src=\"http:\/\/www.hydroservice.fr\/wp-content\/uploads\/Capture-decran-2025-01-08-165425.png\" alt=\"\" width=\"136\" height=\"104\" srcset=\"http:\/\/www.hydroservice.fr\/wp-content\/uploads\/Capture-decran-2025-01-08-165425.png 136w, http:\/\/www.hydroservice.fr\/wp-content\/uploads\/Capture-decran-2025-01-08-165425-100x76.png 100w\" sizes=\"(max-width: 136px) 100vw, 136px\" \/><\/a><\/td>\r\n<td style=\"width: 33.3333%; text-align: center; border-style: hidden; height: 24px;\"><a href=\"http:\/\/www.hydroservice.fr\/wp-content\/uploads\/Capture-decran-2025-01-08-165436.png\"><img loading=\"lazy\" decoding=\"async\" class=\"alignnone size-full wp-image-2198\" src=\"http:\/\/www.hydroservice.fr\/wp-content\/uploads\/Capture-decran-2025-01-08-165436.png\" alt=\"\" width=\"129\" height=\"82\" srcset=\"http:\/\/www.hydroservice.fr\/wp-content\/uploads\/Capture-decran-2025-01-08-165436.png 129w, http:\/\/www.hydroservice.fr\/wp-content\/uploads\/Capture-decran-2025-01-08-165436-100x64.png 100w\" sizes=\"(max-width: 129px) 100vw, 129px\" \/><\/a><\/td>\r\n<td style=\"width: 33.3333%; text-align: center; border-style: hidden; height: 24px;\"><a href=\"http:\/\/www.hydroservice.fr\/wp-content\/uploads\/Capture-decran-2025-01-08-165444.png\"><img loading=\"lazy\" decoding=\"async\" class=\"alignnone size-full wp-image-2199\" src=\"http:\/\/www.hydroservice.fr\/wp-content\/uploads\/Capture-decran-2025-01-08-165444.png\" alt=\"\" width=\"294\" height=\"157\" srcset=\"http:\/\/www.hydroservice.fr\/wp-content\/uploads\/Capture-decran-2025-01-08-165444.png 294w, http:\/\/www.hydroservice.fr\/wp-content\/uploads\/Capture-decran-2025-01-08-165444-250x134.png 250w, http:\/\/www.hydroservice.fr\/wp-content\/uploads\/Capture-decran-2025-01-08-165444-100x53.png 100w\" sizes=\"(max-width: 294px) 100vw, 294px\" \/><\/a><\/td>\r\n<\/tr>\r\n<tr style=\"height: 96px;\">\r\n<td style=\"width: 33.3333%; text-align: center; border-style: hidden; height: 96px;\"><span style=\"color: #339966;\">Pompes \u00e0 engrenage\u00a0<\/span><\/td>\r\n<td style=\"width: 33.3333%; text-align: center; border-style: hidden; height: 96px;\">\r\n<p><span style=\"color: #339966;\">Pompes \u00e0 palettes\u00a0<\/span><\/p>\r\n<p><span style=\"color: #339966;\">Cylindr\u00e9e fixe \/ variable<\/span><\/p>\r\n<\/td>\r\n<td style=\"width: 33.3333%; text-align: center; border-style: hidden; height: 96px;\">\r\n<p><span style=\"color: #339966;\">Moteurs \u00e0 pistons<\/span><\/p>\r\n<p><span style=\"color: #339966;\">Axiaux (V) \/ Radiaux (MR)<\/span><\/p>\r\n<\/td>\r\n<\/tr>\r\n<\/tbody>\r\n<\/table>\r\n<ul>\r\n\r\n\r\n<li><strong>Accumulateurs<\/strong> : Les <strong>accumulateurs<\/strong> Parker, disponibles en versions <strong>\u00e0 piston<\/strong>, <strong>\u00e0 vessie<\/strong> et <strong>\u00e0 membrane<\/strong>, sont con\u00e7us pour stocker de l\u2019\u00e9nergie sous forme de fluide afin de maintenir une pression constante dans les syst\u00e8mes hydrauliques. Parker propose \u00e9galement des <strong>accessoires<\/strong> pour optimiser leur performance et leur int\u00e9gration dans les syst\u00e8mes, assurant une protection contre les variations de pression et augmentant la dur\u00e9e de vie des \u00e9quipements.<\/li>\r\n<\/ul>\r\n<table style=\"border-collapse: collapse; width: 100%;\" border=\"1\">\r\n<tbody>\r\n<tr style=\"height: 24px;\">\r\n<td style=\"width: 25%; text-align: center; border-style: hidden; height: 24px;\"><a href=\"http:\/\/www.hydroservice.fr\/wp-content\/uploads\/Capture-decran-2025-01-08-165451.png\"><img loading=\"lazy\" decoding=\"async\" class=\"alignnone size-full wp-image-2200\" src=\"http:\/\/www.hydroservice.fr\/wp-content\/uploads\/Capture-decran-2025-01-08-165451.png\" alt=\"\" width=\"175\" height=\"145\" srcset=\"http:\/\/www.hydroservice.fr\/wp-content\/uploads\/Capture-decran-2025-01-08-165451.png 175w, http:\/\/www.hydroservice.fr\/wp-content\/uploads\/Capture-decran-2025-01-08-165451-100x83.png 100w\" sizes=\"(max-width: 175px) 100vw, 175px\" \/><\/a><\/td>\r\n<td style=\"width: 25%; text-align: center; border-style: hidden; height: 24px;\"><a href=\"http:\/\/www.hydroservice.fr\/wp-content\/uploads\/Capture-decran-2025-01-08-165458.png\"><img loading=\"lazy\" decoding=\"async\" class=\"alignnone size-full wp-image-2201\" src=\"http:\/\/www.hydroservice.fr\/wp-content\/uploads\/Capture-decran-2025-01-08-165458.png\" alt=\"\" width=\"81\" height=\"157\" \/><\/a><\/td>\r\n<td style=\"width: 25%; text-align: center; border-style: hidden; height: 24px;\"><img loading=\"lazy\" decoding=\"async\" class=\"aligncenter \" src=\"https:\/\/www.diffusionindustrie.com\/390-large_default\/accumulateur-a-membrane.jpg\" width=\"157\" height=\"157\" \/><\/td>\r\n<td style=\"width: 25%; text-align: center; border-style: hidden; height: 24px;\"><a href=\"http:\/\/www.hydroservice.fr\/wp-content\/uploads\/Capture-decran-2025-01-08-165510.png\"><img loading=\"lazy\" decoding=\"async\" class=\"alignnone size-full wp-image-2202\" src=\"http:\/\/www.hydroservice.fr\/wp-content\/uploads\/Capture-decran-2025-01-08-165510.png\" alt=\"\" width=\"239\" height=\"163\" srcset=\"http:\/\/www.hydroservice.fr\/wp-content\/uploads\/Capture-decran-2025-01-08-165510.png 239w, http:\/\/www.hydroservice.fr\/wp-content\/uploads\/Capture-decran-2025-01-08-165510-100x68.png 100w\" sizes=\"(max-width: 239px) 100vw, 239px\" \/><\/a><\/td>\r\n<\/tr>\r\n<tr style=\"height: 96px;\">\r\n<td style=\"width: 25%; text-align: center; border-style: hidden; height: 96px;\">\r\n<p><span style=\"color: #339966;\">Accumulateur \u00e0 piston<\/span><\/p>\r\n<p><span style=\"color: #339966;\">A &#8211; AP<\/span><\/p>\r\n<\/td>\r\n<td style=\"width: 25%; text-align: center; border-style: hidden; height: 96px;\">\r\n<p><span style=\"color: #339966;\">Accumulateur \u00e0 vessie<\/span><\/p>\r\n<p><span style=\"color: #339966;\">EHV<\/span><\/p>\r\n<\/td>\r\n<td style=\"width: 25%; text-align: center; border-style: hidden; height: 96px;\">\r\n<p><span style=\"color: #339966;\">Accumulateur \u00e0 membrane<\/span><\/p>\r\n<p><span style=\"color: #339966;\">ELM<\/span><\/p>\r\n<\/td>\r\n<td style=\"width: 25%; text-align: center; border-style: hidden; height: 96px;\"><span style=\"color: #339966;\">Accessoires<\/span><\/td>\r\n<\/tr>\r\n<\/tbody>\r\n<\/table>\r\n<p><strong>\u00a0 \u00a0<\/strong><strong>\u00a0 \u00a0 \u00a0<span style=\"text-decoration: underline;\">Autres :<\/span><\/strong><\/p>\r\n<table style=\"border-collapse: collapse; width: 100%;\" border=\"1\">\r\n<tbody>\r\n<tr>\r\n<td style=\"width: 25%; text-align: center; border-style: hidden;\"><a href=\"http:\/\/www.hydroservice.fr\/wp-content\/uploads\/Capture-decran-2025-01-08-165516.png\"><img loading=\"lazy\" decoding=\"async\" class=\"alignnone size-full wp-image-2203\" src=\"http:\/\/www.hydroservice.fr\/wp-content\/uploads\/Capture-decran-2025-01-08-165516.png\" alt=\"\" width=\"139\" height=\"169\" srcset=\"http:\/\/www.hydroservice.fr\/wp-content\/uploads\/Capture-decran-2025-01-08-165516.png 139w, http:\/\/www.hydroservice.fr\/wp-content\/uploads\/Capture-decran-2025-01-08-165516-100x122.png 100w\" sizes=\"(max-width: 139px) 100vw, 139px\" \/><\/a><\/td>\r\n<td style=\"width: 25%; text-align: center; border-style: hidden;\"><a href=\"http:\/\/www.hydroservice.fr\/wp-content\/uploads\/Capture-decran-2025-01-08-165524.png\"><img loading=\"lazy\" decoding=\"async\" class=\"alignnone size-full wp-image-2204\" src=\"http:\/\/www.hydroservice.fr\/wp-content\/uploads\/Capture-decran-2025-01-08-165524.png\" alt=\"\" width=\"203\" height=\"156\" srcset=\"http:\/\/www.hydroservice.fr\/wp-content\/uploads\/Capture-decran-2025-01-08-165524.png 203w, http:\/\/www.hydroservice.fr\/wp-content\/uploads\/Capture-decran-2025-01-08-165524-100x77.png 100w\" sizes=\"(max-width: 203px) 100vw, 203px\" \/><\/a><\/td>\r\n<td style=\"width: 25%; text-align: center; border-style: hidden;\"><a href=\"http:\/\/www.hydroservice.fr\/wp-content\/uploads\/Capture-decran-2025-01-08-165530.png\"><img loading=\"lazy\" decoding=\"async\" class=\"alignnone size-full wp-image-2205\" src=\"http:\/\/www.hydroservice.fr\/wp-content\/uploads\/Capture-decran-2025-01-08-165530.png\" alt=\"\" width=\"196\" height=\"160\" srcset=\"http:\/\/www.hydroservice.fr\/wp-content\/uploads\/Capture-decran-2025-01-08-165530.png 196w, http:\/\/www.hydroservice.fr\/wp-content\/uploads\/Capture-decran-2025-01-08-165530-100x82.png 100w\" sizes=\"(max-width: 196px) 100vw, 196px\" \/><\/a><\/td>\r\n<td style=\"width: 25%; text-align: center; border-style: hidden;\"><a href=\"http:\/\/www.hydroservice.fr\/wp-content\/uploads\/Capture-decran-2025-01-08-165538.png\"><img loading=\"lazy\" decoding=\"async\" class=\"alignnone size-full wp-image-2206\" src=\"http:\/\/www.hydroservice.fr\/wp-content\/uploads\/Capture-decran-2025-01-08-165538.png\" alt=\"\" width=\"218\" height=\"168\" srcset=\"http:\/\/www.hydroservice.fr\/wp-content\/uploads\/Capture-decran-2025-01-08-165538.png 218w, http:\/\/www.hydroservice.fr\/wp-content\/uploads\/Capture-decran-2025-01-08-165538-100x77.png 100w\" sizes=\"(max-width: 218px) 100vw, 218px\" \/><\/a><\/td>\r\n<\/tr>\r\n<tr>\r\n<td style=\"width: 25%; text-align: center; border-style: hidden;\"><span style=\"color: #339966;\">Filtration<\/span><\/td>\r\n<td style=\"width: 25%; text-align: center; border-style: hidden;\"><span style=\"color: #339966;\">Echangeur<\/span><\/td>\r\n<td style=\"width: 25%; text-align: center; border-style: hidden;\"><span style=\"color: #339966;\">Moyens d&rsquo;analyse<\/span><\/td>\r\n<td style=\"width: 25%; text-align: center; border-style: hidden;\"><span style=\"color: #339966;\">Valves en cartouche \u00e0 visser\u00a0<\/span><\/td>\r\n<\/tr>\r\n<\/tbody>\r\n<\/table>\r\n<p>&nbsp;<\/p>\r\n<p><span style=\"text-decoration: underline; color: #008000;\">Informations additionnelles :<\/span>\u00a0<\/p>\r\n<ul>\r\n<li>Site WEB :\u00a0<a href=\"https:\/\/www.parker.com\/fr\/fr\/home.html\">https:\/\/www.parker.com\/fr\/fr\/home.html<\/a><\/li>\r\n<li>Documentation HSC \/ PARKER : <a href=\"http:\/\/www.hydroservice.fr\/wp-content\/uploads\/HSC-Gamme-PARKER.pdf\">HSC Gamme PARKER<\/a><\/li>\r\n<\/ul>\r\n\r\n\r\n\r\n\r\n\r\n\r\n\r\n\r\n","protected":false},"excerpt":{"rendered":"<p>&nbsp; Pr\u00e9sentation de Parker Parker Hannifin est un leader mondial dans la conception et la fabrication de solutions technologiques avanc\u00e9es. Fond\u00e9e en 1917, l&rsquo;entreprise est sp\u00e9cialis\u00e9e dans l&rsquo;automatisation, l&rsquo;hydraulique, le pneumatique, et les syst\u00e8mes de filtration. Parker propose des produits [&hellip;]<\/p>\n","protected":false},"author":3,"featured_media":0,"parent":1529,"menu_order":0,"comment_status":"closed","ping_status":"closed","template":"page-templates\/page_fullwidth.php","meta":{"footnotes":""},"_links":{"self":[{"href":"http:\/\/www.hydroservice.fr\/index.php?rest_route=\/wp\/v2\/pages\/2182"}],"collection":[{"href":"http:\/\/www.hydroservice.fr\/index.php?rest_route=\/wp\/v2\/pages"}],"about":[{"href":"http:\/\/www.hydroservice.fr\/index.php?rest_route=\/wp\/v2\/types\/page"}],"author":[{"embeddable":true,"href":"http:\/\/www.hydroservice.fr\/index.php?rest_route=\/wp\/v2\/users\/3"}],"replies":[{"embeddable":true,"href":"http:\/\/www.hydroservice.fr\/index.php?rest_route=%2Fwp%2Fv2%2Fcomments&post=2182"}],"version-history":[{"count":0,"href":"http:\/\/www.hydroservice.fr\/index.php?rest_route=\/wp\/v2\/pages\/2182\/revisions"}],"up":[{"embeddable":true,"href":"http:\/\/www.hydroservice.fr\/index.php?rest_route=\/wp\/v2\/pages\/1529"}],"wp:attachment":[{"href":"http:\/\/www.hydroservice.fr\/index.php?rest_route=%2Fwp%2Fv2%2Fmedia&parent=2182"}],"curies":[{"name":"wp","href":"https:\/\/api.w.org\/{rel}","templated":true}]}}