{"id":19,"date":"2017-02-15T16:14:01","date_gmt":"2017-02-15T15:14:01","guid":{"rendered":"http:\/\/hhconsultingtest.free.fr\/?page_id=19"},"modified":"2017-05-04T09:42:48","modified_gmt":"2017-05-04T08:42:48","slug":"implantation-geographique","status":"publish","type":"page","link":"http:\/\/www.hydroservice.fr\/?page_id=19","title":{"rendered":"Implantation G\u00e9ographique"},"content":{"rendered":"<p>Nous op\u00e9rons sur la totalit\u00e9 du territoire fran\u00e7ais via notre si\u00e8ge\u00a0de <strong>Limoges (87 &#8211; Haute Vienne)<\/strong>\u00a0et notre agence de\u00a0<strong>Chatellerault (86 &#8211; Vienne)<\/strong> qui traitent:<\/p>\n<ul>\n<li>en direct les clients des r\u00e9gions Limousin &#8211; Poitou Charentes\u00a0avec le support de notre \u00e9quipe <strong>commerciale s\u00e9dentaire et itin\u00e9rante<\/strong> et les points de <strong>vente directe<\/strong>\u00a0(comptoirs).<\/li>\n<li>toutes les demandes adress\u00e9es aux <strong>\u00e9quipes<\/strong> <strong>s\u00e9dentaires<\/strong>.<\/li>\n<\/ul>\n<p><img loading=\"lazy\" decoding=\"async\" class=\"aligncenter wp-image-284\" src=\"http:\/\/www.hydroservice.fr\/wp-content\/uploads\/HSC-Implantation-1-300x242.png\" width=\"410\" height=\"331\" \/><\/p>\n<p>Visitez la page Contact:\u00a0<a href=\"http:\/\/www.hydroservice.fr\/?page_id=52\">Contact<\/a><\/p>\n","protected":false},"excerpt":{"rendered":"<p>Nous op\u00e9rons sur la totalit\u00e9 du territoire fran\u00e7ais via notre si\u00e8ge\u00a0de Limoges (87 &#8211; Haute Vienne)\u00a0et notre agence de\u00a0Chatellerault (86 &#8211; Vienne) qui traitent: en direct les clients des r\u00e9gions Limousin &#8211; Poitou Charentes\u00a0avec le support de notre \u00e9quipe commerciale [&hellip;]<\/p>\n","protected":false},"author":1,"featured_media":0,"parent":542,"menu_order":0,"comment_status":"closed","ping_status":"closed","template":"","meta":{"footnotes":""},"_links":{"self":[{"href":"http:\/\/www.hydroservice.fr\/index.php?rest_route=\/wp\/v2\/pages\/19"}],"collection":[{"href":"http:\/\/www.hydroservice.fr\/index.php?rest_route=\/wp\/v2\/pages"}],"about":[{"href":"http:\/\/www.hydroservice.fr\/index.php?rest_route=\/wp\/v2\/types\/page"}],"author":[{"embeddable":true,"href":"http:\/\/www.hydroservice.fr\/index.php?rest_route=\/wp\/v2\/users\/1"}],"replies":[{"embeddable":true,"href":"http:\/\/www.hydroservice.fr\/index.php?rest_route=%2Fwp%2Fv2%2Fcomments&post=19"}],"version-history":[{"count":0,"href":"http:\/\/www.hydroservice.fr\/index.php?rest_route=\/wp\/v2\/pages\/19\/revisions"}],"up":[{"embeddable":true,"href":"http:\/\/www.hydroservice.fr\/index.php?rest_route=\/wp\/v2\/pages\/542"}],"wp:attachment":[{"href":"http:\/\/www.hydroservice.fr\/index.php?rest_route=%2Fwp%2Fv2%2Fmedia&parent=19"}],"curies":[{"name":"wp","href":"https:\/\/api.w.org\/{rel}","templated":true}]}}