{"id":1788,"date":"2020-09-14T14:38:27","date_gmt":"2020-09-14T13:38:27","guid":{"rendered":"http:\/\/www.hydroservice.fr\/?page_id=1788"},"modified":"2020-09-14T15:01:03","modified_gmt":"2020-09-14T14:01:03","slug":"rexroth-hydraulique-industrielle-2","status":"publish","type":"page","link":"http:\/\/www.hydroservice.fr\/?page_id=1788","title":{"rendered":"HAWE &#8211; Hydraulique Industrielle"},"content":{"rendered":"<p><img loading=\"lazy\" decoding=\"async\" class=\"aligncenter size-full wp-image-309\" src=\"http:\/\/www.hydroservice.fr\/wp-content\/uploads\/te\u0301le\u0301chargement-1-e1582578745917.png\" alt=\"\" width=\"200\" height=\"65\" \/><\/p>\n<p style=\"text-align: center;\"><span style=\"color: #000000;\"><strong>HAWE Hydraulik &#8211; Solutions for a World under Pressure.<\/strong><\/span><\/p>\n<p><strong>HAWE Hydraulik<\/strong> est une entreprise <strong>familiale<\/strong> de taille moyenne active au niveau international dont le si\u00e8ge est \u00e0 Munich (Allemagne). Dix-neuf filiales en Europe, en Am\u00e9rique du Nord et en Asie offrent un <strong>r\u00e9seau mondial de vente<\/strong>, de <strong>service<\/strong> et <strong>d&rsquo;ing\u00e9nierie<\/strong>. Les <strong>usines de production en Allemagne<\/strong> approvisionnent des clients dans le monde entier.\u00a0<strong>Forte\u00a0valeur ajout\u00e9e<\/strong>, des <strong>processus efficaces<\/strong> et une attention rigoureuse \u00e0 la <strong>qualit\u00e9<\/strong> garantissent la <strong>fiabilit\u00e9<\/strong>, la <strong>robustesse<\/strong> et la longue d<strong>ur\u00e9e de vie<\/strong> des produits HAWE.<\/p>\n<p><strong>HAWE\u00a0Hydraulik<\/strong> fournit des <b>composants<\/b> et des <b>syst\u00e8mes<\/b> hydrauliques <b>compacts<\/b>, \u00e0 <b>\u00e9conomies d&rsquo;\u00e9nergie <\/b>et de <b>grande <\/b><b>long\u00e9vit\u00e9<\/b>, caract\u00e9ris\u00e9s par\u00a0:<\/p>\n<ul>\n<li>une <b>construction m\u00e9tallique cons\u00e9quente <\/b>(aucune pi\u00e8ce en aluminium ou moul\u00e9e sous pression)<\/li>\n<li>un <b>dimensionnement<\/b> des composants \u00e0 <b>hautes <\/b><b>pressions<\/b><\/li>\n<li>une conception <b>compacte<\/b> (encombrement minime)<\/li>\n<li>une <b>\u00e9tanch\u00e9it\u00e9<\/b> aux fuites ou une fuite minime contr\u00f4l\u00e9e<\/li>\n<li>des autorisations pour des <b>conditions d\u2019utilisation sp\u00e9ciales<\/b> (par ex. ATEX).<\/li>\n<\/ul>\n<p>Quelques exemples de produits:<\/p>\n<ul>\n<li>Pompe R: <strong>Pompe<\/strong> \u00e0 pistons\u00a0radiaux<\/li>\n<li>Pompe V60N: <strong>Pompe<\/strong> \u00e0 pistons axiaux, \u00e0 <strong>cylindr\u00e9e variable<\/strong><\/li>\n<li>Pompe K60N: <strong>Pompe<\/strong> \u00e0 pistons axiaux, \u00e0 <strong>d\u00e9bit constant<\/strong><\/li>\n<\/ul>\n<p>Informations additionnelles:<\/p>\n<ul>\n<li>Site web:\u00a0<a href=\"https:\/\/www.hawe.com\/fr-fr\/\">https:\/\/www.hawe.com\/fr-fr\/<\/a><\/li>\n<\/ul>\n<p>Documentation:<\/p>\n","protected":false},"excerpt":{"rendered":"<p>HAWE Hydraulik &#8211; Solutions for a World under Pressure. HAWE Hydraulik est une entreprise familiale de taille moyenne active au niveau international dont le si\u00e8ge est \u00e0 Munich (Allemagne). Dix-neuf filiales en Europe, en Am\u00e9rique du Nord et en Asie [&hellip;]<\/p>\n","protected":false},"author":1,"featured_media":0,"parent":1529,"menu_order":0,"comment_status":"closed","ping_status":"closed","template":"page-templates\/page_fullwidth.php","meta":{"footnotes":""},"_links":{"self":[{"href":"http:\/\/www.hydroservice.fr\/index.php?rest_route=\/wp\/v2\/pages\/1788"}],"collection":[{"href":"http:\/\/www.hydroservice.fr\/index.php?rest_route=\/wp\/v2\/pages"}],"about":[{"href":"http:\/\/www.hydroservice.fr\/index.php?rest_route=\/wp\/v2\/types\/page"}],"author":[{"embeddable":true,"href":"http:\/\/www.hydroservice.fr\/index.php?rest_route=\/wp\/v2\/users\/1"}],"replies":[{"embeddable":true,"href":"http:\/\/www.hydroservice.fr\/index.php?rest_route=%2Fwp%2Fv2%2Fcomments&post=1788"}],"version-history":[{"count":0,"href":"http:\/\/www.hydroservice.fr\/index.php?rest_route=\/wp\/v2\/pages\/1788\/revisions"}],"up":[{"embeddable":true,"href":"http:\/\/www.hydroservice.fr\/index.php?rest_route=\/wp\/v2\/pages\/1529"}],"wp:attachment":[{"href":"http:\/\/www.hydroservice.fr\/index.php?rest_route=%2Fwp%2Fv2%2Fmedia&parent=1788"}],"curies":[{"name":"wp","href":"https:\/\/api.w.org\/{rel}","templated":true}]}}