{"id":1522,"date":"2020-02-24T22:24:49","date_gmt":"2020-02-24T21:24:49","guid":{"rendered":"http:\/\/www.hydroservice.fr\/?page_id=1522"},"modified":"2020-02-27T18:16:14","modified_gmt":"2020-02-27T17:16:14","slug":"pall-filtration-hydraulique","status":"publish","type":"page","link":"http:\/\/www.hydroservice.fr\/?page_id=1522","title":{"rendered":"PALL &#8211; Filtration Hydraulique"},"content":{"rendered":"<p><img loading=\"lazy\" decoding=\"async\" class=\"aligncenter wp-image-410 size-medium\" src=\"http:\/\/www.hydroservice.fr\/wp-content\/uploads\/cropped-Pall_Corporation_logo-300x145.png\" width=\"300\" height=\"145\" \/><\/p>\n<p><b>Pall<\/b>\u00a0\u00e9labore des solutions de\u00a0<b>filtration<\/b>, s\u00e9paration,\u00a0<b>purification<\/b>\u00a0et\u00a0<b>contr\u00f4le<\/b>\u00a0des contaminations pour ses clients dans le monde entier. HSC et PALL sont partenaires depuis plus de 35 ans.<\/p>\n<p><b>70<\/b><b>% des probl\u00e8mes\u00a0<\/b>des syst\u00e8mes hydrauliques sont\u00a0<b>caus\u00e9s<\/b>\u00a0par la\u00a0<b>pollution de l&rsquo;huile.<\/b><\/p>\n<p>La pollution provient de plusieurs sources:<\/p>\n<ul>\n<li>Usure des composants, des syst\u00e8mes d\u2019\u00e9tanch\u00e9it\u00e9 -&gt;\u00a0<b>Particules m\u00e9talliques<\/b><\/li>\n<li>Ext\u00e9rieures (maintenance, tiges de v\u00e9rins) -&gt;\u00a0<b>Particules diverses<\/b><\/li>\n<li>Condensation r\u00e9servoir \u2013&gt;\u00a0<b>Eau<\/b><\/li>\n<\/ul>\n<p>Pour lutter contre\u00a0la pollution de l&rsquo;huile,\u00a0il faut <strong>prot\u00e9ger les composants<\/strong> avec des <strong>syst\u00e8mes de filtration<\/strong> qui retiennent\u00a0cette pollution.<\/p>\n<p>La <b>finesse<\/b>\u00a0de filtration s\u2019exprime en <b>\u03bc<\/b>. (Le diam\u00e8tre du cheveu est de\u00a0 50 &amp; 100 \u03bc).<\/p>\n<p><b>L\u2019efficacit\u00e9<\/b> de la filtration s\u2019exprime en <b>rapport <\/b><b>\u00df<\/b> <b>(beta)<\/b>. Les nouvelles g\u00e9n\u00e9rations <b>ATHALON<\/b> ont un rapport \u00df de 2000. (1 particule sur 2000 passe \u00e0 travers le filtre).<\/p>\n<p>PALL propose une large gamme de filtration:<\/p>\n<ul>\n<li><b>Finesse<\/b> de 3\u03bc \u00e0 20\u03bc<\/li>\n<li><b>Pression<\/b> de 0 \u00e0 420 bars<\/li>\n<li><b>D\u00e9bit<\/b> de 0 \u00e0 300 l\/min<\/li>\n<li><b>Diam\u00e8tres <\/b>de 2\u201d, 3\u201d, et 6\u201d<\/li>\n<li><b>Longueur<\/b> de 4\u2019\u2019, 8\u2019\u2019, 13\u2019\u2019, 20\u2019\u2019 \u00e0 40\u2019\u2019<\/li>\n<li><b>Multiples<\/b> viscosit\u00e9s<\/li>\n<\/ul>\n<p>Ci dessous un aper\u00e7u de la gamme PALL:<img loading=\"lazy\" decoding=\"async\" class=\"aligncenter wp-image-1520 size-full\" src=\"http:\/\/www.hydroservice.fr\/wp-content\/uploads\/Capture-d\u2019e\u0301cran-2020-02-22-a\u0300-19.02.38-e1582395420119.png\" width=\"1164\" height=\"378\" srcset=\"http:\/\/www.hydroservice.fr\/wp-content\/uploads\/Capture-d\u2019e\u0301cran-2020-02-22-a\u0300-19.02.38-e1582395420119.png 1164w, http:\/\/www.hydroservice.fr\/wp-content\/uploads\/Capture-d\u2019e\u0301cran-2020-02-22-a\u0300-19.02.38-e1582395420119-300x97.png 300w, http:\/\/www.hydroservice.fr\/wp-content\/uploads\/Capture-d\u2019e\u0301cran-2020-02-22-a\u0300-19.02.38-e1582395420119-768x249.png 768w, http:\/\/www.hydroservice.fr\/wp-content\/uploads\/Capture-d\u2019e\u0301cran-2020-02-22-a\u0300-19.02.38-e1582395420119-1024x333.png 1024w, http:\/\/www.hydroservice.fr\/wp-content\/uploads\/Capture-d\u2019e\u0301cran-2020-02-22-a\u0300-19.02.38-e1582395420119-700x227.png 700w, http:\/\/www.hydroservice.fr\/wp-content\/uploads\/Capture-d\u2019e\u0301cran-2020-02-22-a\u0300-19.02.38-e1582395420119-520x169.png 520w, http:\/\/www.hydroservice.fr\/wp-content\/uploads\/Capture-d\u2019e\u0301cran-2020-02-22-a\u0300-19.02.38-e1582395420119-360x117.png 360w, http:\/\/www.hydroservice.fr\/wp-content\/uploads\/Capture-d\u2019e\u0301cran-2020-02-22-a\u0300-19.02.38-e1582395420119-250x81.png 250w, http:\/\/www.hydroservice.fr\/wp-content\/uploads\/Capture-d\u2019e\u0301cran-2020-02-22-a\u0300-19.02.38-e1582395420119-100x32.png 100w\" sizes=\"(max-width: 1164px) 100vw, 1164px\" \/><img loading=\"lazy\" decoding=\"async\" class=\"aligncenter size-full wp-image-1523\" src=\"http:\/\/www.hydroservice.fr\/wp-content\/uploads\/Capture-d\u2019e\u0301cran-2020-02-22-a\u0300-19.18.53-e1582395595135.png\" alt=\"\" width=\"1168\" height=\"1320\" srcset=\"http:\/\/www.hydroservice.fr\/wp-content\/uploads\/Capture-d\u2019e\u0301cran-2020-02-22-a\u0300-19.18.53-e1582395595135.png 1168w, http:\/\/www.hydroservice.fr\/wp-content\/uploads\/Capture-d\u2019e\u0301cran-2020-02-22-a\u0300-19.18.53-e1582395595135-265x300.png 265w, http:\/\/www.hydroservice.fr\/wp-content\/uploads\/Capture-d\u2019e\u0301cran-2020-02-22-a\u0300-19.18.53-e1582395595135-768x868.png 768w, http:\/\/www.hydroservice.fr\/wp-content\/uploads\/Capture-d\u2019e\u0301cran-2020-02-22-a\u0300-19.18.53-e1582395595135-906x1024.png 906w, http:\/\/www.hydroservice.fr\/wp-content\/uploads\/Capture-d\u2019e\u0301cran-2020-02-22-a\u0300-19.18.53-e1582395595135-700x791.png 700w, http:\/\/www.hydroservice.fr\/wp-content\/uploads\/Capture-d\u2019e\u0301cran-2020-02-22-a\u0300-19.18.53-e1582395595135-520x588.png 520w, http:\/\/www.hydroservice.fr\/wp-content\/uploads\/Capture-d\u2019e\u0301cran-2020-02-22-a\u0300-19.18.53-e1582395595135-360x407.png 360w, http:\/\/www.hydroservice.fr\/wp-content\/uploads\/Capture-d\u2019e\u0301cran-2020-02-22-a\u0300-19.18.53-e1582395595135-250x283.png 250w, http:\/\/www.hydroservice.fr\/wp-content\/uploads\/Capture-d\u2019e\u0301cran-2020-02-22-a\u0300-19.18.53-e1582395595135-100x113.png 100w\" sizes=\"(max-width: 1168px) 100vw, 1168px\" \/><\/p>\n<p>Informations additionnelles:<\/p>\n<ul>\n<li>Site web:\u00a0<a href=\"http:\/\/www.pall.com\">http:\/\/www.pall.com<\/a><\/li>\n<li>Flyer\u00a0HSC-PALL<\/li>\n<\/ul>\n<p>Documentations:<\/p>\n<ul>\n<li><a href=\"http:\/\/www.hydroservice.fr\/wp-content\/uploads\/MEPOCKETFRf.pdf\">Booklet PALL \u2013 Essentiel de la filtration<\/a><\/li>\n<li><a href=\"http:\/\/www.hydroservice.fr\/wp-content\/uploads\/MEATHALONFRa.pdf\">Brochure ATHALON<\/a><\/li>\n<li><a href=\"http:\/\/www.hydroservice.fr\/wp-content\/uploads\/MEVRF2FR.pdf\">Supradisc\u00a0: Groupe de d\u00e9pollution pour vernis et particules fines<\/a><\/li>\n<li><a href=\"http:\/\/www.hydroservice.fr\/wp-content\/uploads\/IMHNP022FR_HNP022.pdf\">HNP : Purificateur de fluide<\/a>\u00a0(Eau, Gaz et particules)<\/li>\n<li><a href=\"http:\/\/www.hydroservice.fr\/wp-content\/uploads\/MEREDCOMPFR.pdf\">Red1000: Equivalence HYDAC\u00a0<\/a><\/li>\n<li><a href=\"http:\/\/www.hydroservice.fr\/wp-content\/uploads\/MEWS19FR.pdf\">WS19: Water Sensor portable<\/a><\/li>\n<li><a href=\"http:\/\/www.hydroservice.fr\/wp-content\/uploads\/T_Product_Guide_H_L_TRTPGHLEN_.pdf\">Versalon: Gamme pour \u00e9quipements mobiles<\/a><\/li>\n<\/ul>\n<p>&nbsp;<\/p>\n","protected":false},"excerpt":{"rendered":"<p>Pall\u00a0\u00e9labore des solutions de\u00a0filtration, s\u00e9paration,\u00a0purification\u00a0et\u00a0contr\u00f4le\u00a0des contaminations pour ses clients dans le monde entier. HSC et PALL sont partenaires depuis plus de 35 ans. 70% des probl\u00e8mes\u00a0des syst\u00e8mes hydrauliques sont\u00a0caus\u00e9s\u00a0par la\u00a0pollution de l&rsquo;huile. La pollution provient de plusieurs sources: Usure des [&hellip;]<\/p>\n","protected":false},"author":1,"featured_media":0,"parent":1529,"menu_order":0,"comment_status":"closed","ping_status":"closed","template":"page-templates\/page_fullwidth.php","meta":{"footnotes":""},"_links":{"self":[{"href":"http:\/\/www.hydroservice.fr\/index.php?rest_route=\/wp\/v2\/pages\/1522"}],"collection":[{"href":"http:\/\/www.hydroservice.fr\/index.php?rest_route=\/wp\/v2\/pages"}],"about":[{"href":"http:\/\/www.hydroservice.fr\/index.php?rest_route=\/wp\/v2\/types\/page"}],"author":[{"embeddable":true,"href":"http:\/\/www.hydroservice.fr\/index.php?rest_route=\/wp\/v2\/users\/1"}],"replies":[{"embeddable":true,"href":"http:\/\/www.hydroservice.fr\/index.php?rest_route=%2Fwp%2Fv2%2Fcomments&post=1522"}],"version-history":[{"count":0,"href":"http:\/\/www.hydroservice.fr\/index.php?rest_route=\/wp\/v2\/pages\/1522\/revisions"}],"up":[{"embeddable":true,"href":"http:\/\/www.hydroservice.fr\/index.php?rest_route=\/wp\/v2\/pages\/1529"}],"wp:attachment":[{"href":"http:\/\/www.hydroservice.fr\/index.php?rest_route=%2Fwp%2Fv2%2Fmedia&parent=1522"}],"curies":[{"name":"wp","href":"https:\/\/api.w.org\/{rel}","templated":true}]}}