{"id":1425,"date":"2020-02-24T22:35:04","date_gmt":"2020-02-24T21:35:04","guid":{"rendered":"http:\/\/www.hydroservice.fr\/?page_id=1425"},"modified":"2020-04-12T14:04:48","modified_gmt":"2020-04-12T13:04:48","slug":"aventics-composants-pneumatiques","status":"publish","type":"page","link":"http:\/\/www.hydroservice.fr\/?page_id=1425","title":{"rendered":"AVENTICS &#8211; Composants Pneumatiques"},"content":{"rendered":"<p style=\"text-align: center;\"><img loading=\"lazy\" decoding=\"async\" class=\"aligncenter wp-image-1693 size-medium\" src=\"http:\/\/www.hydroservice.fr\/wp-content\/uploads\/Logo-Aventics-Emerson-300x188.png\" width=\"300\" height=\"188\" \/><span style=\"color: #000000;\"><strong>EXPERTISE FOR YOU<\/strong><\/span><\/p>\n<p><strong>AVENTICS<\/strong> compte parmi les fabricants <strong>leader en composants et syst\u00e8mes pneumatiques<\/strong> ainsi qu\u2019en applications sp\u00e9cifiques au client. Le sp\u00e9cialiste de la pneumatique propose des produits et prestations pour l\u2019automation industrielle et se focalise sur les branches : V\u00e9hicules commerciaux, Food &amp; beverage, Ferroviaire, Life sciences, Energie et Marine. Gr\u00e2ce \u00e0 l\u2019int\u00e9gration de l\u2019\u00e9lectronique, \u00e0 l\u2019utilisation de mat\u00e9riaux de pointe et \u00e0 l\u2019int\u00e9r\u00eat port\u00e9 aux th\u00e8mes tels que la s\u00e9curit\u00e9 des machines et l\u2019industrie 4.0, AVENTICS fait figure de pr\u00e9curseur en mati\u00e8re de solutions environnementales et conviviales.<\/p>\n<p>Forte de plus de 150 ans d\u2019exp\u00e9rience en pneumatique, la soci\u00e9t\u00e9 AVENTICS emploie 2000 employ\u00e9s \u00e0 travers le monde. Outre ses sites de production en Allemagne (Laatzen), <strong>France (Bonneville)<\/strong>, Hongrie(Eger), aux USA (Lexington) et en Chine (Changzhou), AVENTICS est pr\u00e9sente dans plus de 90 pays gr\u00e2ce \u00e0 sa vente directe et \u00e0 ses <strong>distributeurs<\/strong>. Le groupe AVENTICS a re\u00e7u de multiples certifications, dont ISO 9001 et ISO\/TS 16949 pour sa qualit\u00e9, ISO 50001 pour la gestion de son \u00e9nergie et ISO 14001 pour sa gestion environnementale. Depuis 2019, AVENTICS fait parti du groupe <strong>EMERSON<\/strong>.<\/p>\n<p><strong>MISSION<\/strong><\/p>\n<p>Gr\u00e2ce \u00e0 notre savoir-faire et une motivation \u00e0 toute \u00e9preuve, nous sommes pr\u00eats \u00e0 relever les <strong>d\u00e9fis pos\u00e9s par nos clients<\/strong>.<\/p>\n<p><strong>VISION<\/strong><\/p>\n<p>Experts en applications sp\u00e9cifiques, nous sommes les <strong>architectes de la pneumatique de demain<\/strong>.<\/p>\n<p><strong>VALEURS<\/strong><\/p>\n<p>Passion, orientation objectifs et agilit\u00e9 : nos valeurs d\u2019entreprise incarnent l\u2019essence m\u00eame de la marque et s\u2019expriment dans notre fa\u00e7on de travailler, mais aussi d\u2019agir avec nos clients, nos partenaires et nos collaborateurs.<\/p>\n<p>&nbsp;<\/p>\n<p><strong>HSC<\/strong> distribue toute la gamme AVENTICS.<\/p>\n<p>Informations additionnelles:<\/p>\n<ul>\n<li>Site web:\u00a0<a href=\"https:\/\/www.aventics.com\/fr\/fr\/\">https:\/\/www.aventics.com\/fr\/fr\/<\/a><\/li>\n<\/ul>\n<p>Documentations:<\/p>\n<ul>\n<li><a href=\"http:\/\/www.hydroservice.fr\/wp-content\/uploads\/R422003691.pdf\">Gamme Compl\u00e8te\u00a0<\/a><\/li>\n<li><a href=\"http:\/\/www.hydroservice.fr\/wp-content\/uploads\/CAT_FR.pdf\">CAT: R\u00e9glage Amortissement Optimal<\/a><\/li>\n<li><a href=\"http:\/\/www.hydroservice.fr\/wp-content\/uploads\/RTC_FR.pdf\">RTC: V\u00e9rins sans tige<\/a><\/li>\n<li><a href=\"http:\/\/www.hydroservice.fr\/wp-content\/uploads\/Safety_FR.pdf\">S\u00e9curit\u00e9 des machines<\/a><\/li>\n<li><a href=\"http:\/\/www.hydroservice.fr\/wp-content\/uploads\/CSL-RD_FR.pdf\">CSL-RD: Mini V\u00e9rin tout INOX ISO 6432<\/a><\/li>\n<li><a href=\"http:\/\/www.hydroservice.fr\/wp-content\/uploads\/CCL-IC_FR.pdf\">CCL-IC<\/a>\u00a0\/\u00a0<a href=\"http:\/\/www.hydroservice.fr\/wp-content\/uploads\/CCL-IS_FR.pdf\">CCL-IS<\/a>\u00a0: V\u00e9rins au design Hygi\u00e9nique<\/li>\n<li><a href=\"http:\/\/www.hydroservice.fr\/wp-content\/uploads\/CL03_FR.pdf\">CL03: Ilot de distribution \u00e0 la classe de protection la plus \u00e9lev\u00e9e<\/a><\/li>\n<\/ul>\n","protected":false},"excerpt":{"rendered":"<p>EXPERTISE FOR YOU AVENTICS compte parmi les fabricants leader en composants et syst\u00e8mes pneumatiques ainsi qu\u2019en applications sp\u00e9cifiques au client. Le sp\u00e9cialiste de la pneumatique propose des produits et prestations pour l\u2019automation industrielle et se focalise sur les branches : [&hellip;]<\/p>\n","protected":false},"author":1,"featured_media":0,"parent":1529,"menu_order":0,"comment_status":"closed","ping_status":"closed","template":"page-templates\/page_fullwidth.php","meta":{"footnotes":""},"_links":{"self":[{"href":"http:\/\/www.hydroservice.fr\/index.php?rest_route=\/wp\/v2\/pages\/1425"}],"collection":[{"href":"http:\/\/www.hydroservice.fr\/index.php?rest_route=\/wp\/v2\/pages"}],"about":[{"href":"http:\/\/www.hydroservice.fr\/index.php?rest_route=\/wp\/v2\/types\/page"}],"author":[{"embeddable":true,"href":"http:\/\/www.hydroservice.fr\/index.php?rest_route=\/wp\/v2\/users\/1"}],"replies":[{"embeddable":true,"href":"http:\/\/www.hydroservice.fr\/index.php?rest_route=%2Fwp%2Fv2%2Fcomments&post=1425"}],"version-history":[{"count":0,"href":"http:\/\/www.hydroservice.fr\/index.php?rest_route=\/wp\/v2\/pages\/1425\/revisions"}],"up":[{"embeddable":true,"href":"http:\/\/www.hydroservice.fr\/index.php?rest_route=\/wp\/v2\/pages\/1529"}],"wp:attachment":[{"href":"http:\/\/www.hydroservice.fr\/index.php?rest_route=%2Fwp%2Fv2%2Fmedia&parent=1425"}],"curies":[{"name":"wp","href":"https:\/\/api.w.org\/{rel}","templated":true}]}}