{"id":1393,"date":"2020-02-24T22:27:21","date_gmt":"2020-02-24T21:27:21","guid":{"rendered":"http:\/\/www.hydroservice.fr\/?page_id=1393"},"modified":"2020-02-27T18:25:10","modified_gmt":"2020-02-27T17:25:10","slug":"rexroth-hydraulique-industrielle","status":"publish","type":"page","link":"http:\/\/www.hydroservice.fr\/?page_id=1393","title":{"rendered":"REXROTH &#8211; Hydraulique Industrielle"},"content":{"rendered":"<p><img loading=\"lazy\" decoding=\"async\" class=\"aligncenter wp-image-1394 size-medium\" src=\"http:\/\/www.hydroservice.fr\/wp-content\/uploads\/Logo-Rexroth-300x120.png\" width=\"300\" height=\"120\" \/><\/p>\n<p style=\"text-align: center;\"><span style=\"color: #000000;\"><b>REXRO<\/b><strong>TH, WE MOVE YOU WIN.<\/strong><\/span><\/p>\n<p style=\"text-align: left;\">Bosch Rexroth est un fabricant industriel de composants et de syst\u00e8mes pour les techniques \u00e9lectriques, <strong>hydrauliques industrielles, hydrauliques mobiles<\/strong>, m\u00e9caniques, filiale de la multinationale allemande Robert Bosch. L&rsquo;entreprise d\u00e9veloppe, produit et commercialise des <strong>composants et syst\u00e8mes dans plus de 80 pays<\/strong>.<\/p>\n<p><img loading=\"lazy\" decoding=\"async\" class=\"aligncenter size-large wp-image-1395\" src=\"http:\/\/www.hydroservice.fr\/wp-content\/uploads\/Capture-d\u2019e\u0301cran-2019-04-19-a\u0300-15.42.54-1024x437.png\" alt=\"\" width=\"640\" height=\"273\" srcset=\"http:\/\/www.hydroservice.fr\/wp-content\/uploads\/Capture-d\u2019e\u0301cran-2019-04-19-a\u0300-15.42.54-1024x437.png 1024w, http:\/\/www.hydroservice.fr\/wp-content\/uploads\/Capture-d\u2019e\u0301cran-2019-04-19-a\u0300-15.42.54-300x128.png 300w, http:\/\/www.hydroservice.fr\/wp-content\/uploads\/Capture-d\u2019e\u0301cran-2019-04-19-a\u0300-15.42.54-768x328.png 768w, http:\/\/www.hydroservice.fr\/wp-content\/uploads\/Capture-d\u2019e\u0301cran-2019-04-19-a\u0300-15.42.54-700x299.png 700w, http:\/\/www.hydroservice.fr\/wp-content\/uploads\/Capture-d\u2019e\u0301cran-2019-04-19-a\u0300-15.42.54-520x222.png 520w, http:\/\/www.hydroservice.fr\/wp-content\/uploads\/Capture-d\u2019e\u0301cran-2019-04-19-a\u0300-15.42.54-360x154.png 360w, http:\/\/www.hydroservice.fr\/wp-content\/uploads\/Capture-d\u2019e\u0301cran-2019-04-19-a\u0300-15.42.54-250x107.png 250w, http:\/\/www.hydroservice.fr\/wp-content\/uploads\/Capture-d\u2019e\u0301cran-2019-04-19-a\u0300-15.42.54-100x43.png 100w, http:\/\/www.hydroservice.fr\/wp-content\/uploads\/Capture-d\u2019e\u0301cran-2019-04-19-a\u0300-15.42.54.png 1092w\" sizes=\"(max-width: 640px) 100vw, 640px\" \/><\/p>\n<p>Rexroth propose une gamme compl\u00e8te pour les besoins particuliers de chaque industrie:<\/p>\n<p><img loading=\"lazy\" decoding=\"async\" class=\"aligncenter wp-image-1396 size-full\" src=\"http:\/\/www.hydroservice.fr\/wp-content\/uploads\/Capture-d\u2019e\u0301cran-2019-04-19-a\u0300-15.44.49.png\" width=\"1338\" height=\"521\" srcset=\"http:\/\/www.hydroservice.fr\/wp-content\/uploads\/Capture-d\u2019e\u0301cran-2019-04-19-a\u0300-15.44.49.png 1338w, http:\/\/www.hydroservice.fr\/wp-content\/uploads\/Capture-d\u2019e\u0301cran-2019-04-19-a\u0300-15.44.49-300x117.png 300w, http:\/\/www.hydroservice.fr\/wp-content\/uploads\/Capture-d\u2019e\u0301cran-2019-04-19-a\u0300-15.44.49-768x299.png 768w, http:\/\/www.hydroservice.fr\/wp-content\/uploads\/Capture-d\u2019e\u0301cran-2019-04-19-a\u0300-15.44.49-1024x399.png 1024w, http:\/\/www.hydroservice.fr\/wp-content\/uploads\/Capture-d\u2019e\u0301cran-2019-04-19-a\u0300-15.44.49-700x273.png 700w, http:\/\/www.hydroservice.fr\/wp-content\/uploads\/Capture-d\u2019e\u0301cran-2019-04-19-a\u0300-15.44.49-520x202.png 520w, http:\/\/www.hydroservice.fr\/wp-content\/uploads\/Capture-d\u2019e\u0301cran-2019-04-19-a\u0300-15.44.49-360x140.png 360w, http:\/\/www.hydroservice.fr\/wp-content\/uploads\/Capture-d\u2019e\u0301cran-2019-04-19-a\u0300-15.44.49-250x97.png 250w, http:\/\/www.hydroservice.fr\/wp-content\/uploads\/Capture-d\u2019e\u0301cran-2019-04-19-a\u0300-15.44.49-100x39.png 100w\" sizes=\"(max-width: 1338px) 100vw, 1338px\" \/><\/p>\n<p><strong>HSC<\/strong> distribue principalement la gamme li\u00e9e\u00a0\u00e0 l&rsquo;<strong>hydraulique industrielle<\/strong> avec\u00a0diff\u00e9rents type de <strong>pompes, moteurs,\u00a0v\u00e9rins, distributeurs, servodistributeurs, accumulateurs, \u00e9l\u00e9ments filtrants.\u00a0<\/strong><\/p>\n<p>Quelques exemples de produits:<\/p>\n<ul>\n<li>A10VSO: <strong>Pompe<\/strong> \u00e0 pistons axiaux \u00e0 cylindr\u00e9e variable<\/li>\n<li><strong>V\u00e9rins<\/strong> cylindriques<\/li>\n<li>WE6: <strong>Distributeurs<\/strong> \u00e0 tiroir, \u00e0 commande directe par \u00e9lectroaimant<\/li>\n<li>DBD: <strong>Limiteur<\/strong> de pression \u00e0 commande direct<\/li>\n<li>4WRPEH: <strong>Servodistributeurs<\/strong> \u00e0 4\/4 voies, \u00e0 commande directe, avec r\u00e9troaction \u00e9lectrique et \u00e9lectronique int\u00e9gr\u00e9e<\/li>\n<li>HAB: <strong>Accumulateurs<\/strong> \u00e0 vessie.<\/li>\n<li><strong>Filtres et \u00e9l\u00e9ments filtrants.<\/strong><\/li>\n<\/ul>\n<div id='gallery-1' class='gallery galleryid-1393 gallery-columns-3 gallery-size-full'><figure class='gallery-item'>\n\t\t\t<div class='gallery-icon landscape'>\n\t\t\t\t<img loading=\"lazy\" decoding=\"async\" width=\"110\" height=\"86\" src=\"http:\/\/www.hydroservice.fr\/wp-content\/uploads\/Capture-d\u2019e\u0301cran-2019-04-19-a\u0300-15.53.46-e1560430165442.png\" class=\"attachment-full size-full\" alt=\"\" \/>\n\t\t\t<\/div><\/figure><figure class='gallery-item'>\n\t\t\t<div class='gallery-icon portrait'>\n\t\t\t\t<img loading=\"lazy\" decoding=\"async\" width=\"100\" height=\"203\" src=\"http:\/\/www.hydroservice.fr\/wp-content\/uploads\/Capture-d\u2019e\u0301cran-2019-04-19-a\u0300-16.09.35.png\" class=\"attachment-full size-full\" alt=\"\" \/>\n\t\t\t<\/div><\/figure><figure class='gallery-item'>\n\t\t\t<div class='gallery-icon landscape'>\n\t\t\t\t<img loading=\"lazy\" decoding=\"async\" width=\"163\" height=\"139\" src=\"http:\/\/www.hydroservice.fr\/wp-content\/uploads\/Capture-d\u2019e\u0301cran-2019-04-19-a\u0300-16.08.15.png\" class=\"attachment-full size-full\" alt=\"\" srcset=\"http:\/\/www.hydroservice.fr\/wp-content\/uploads\/Capture-d\u2019e\u0301cran-2019-04-19-a\u0300-16.08.15.png 163w, http:\/\/www.hydroservice.fr\/wp-content\/uploads\/Capture-d\u2019e\u0301cran-2019-04-19-a\u0300-16.08.15-100x85.png 100w\" sizes=\"(max-width: 163px) 100vw, 163px\" \/>\n\t\t\t<\/div><\/figure><figure class='gallery-item'>\n\t\t\t<div class='gallery-icon landscape'>\n\t\t\t\t<img loading=\"lazy\" decoding=\"async\" width=\"163\" height=\"127\" src=\"http:\/\/www.hydroservice.fr\/wp-content\/uploads\/Capture-d\u2019e\u0301cran-2019-04-19-a\u0300-16.06.48.png\" class=\"attachment-full size-full\" alt=\"\" srcset=\"http:\/\/www.hydroservice.fr\/wp-content\/uploads\/Capture-d\u2019e\u0301cran-2019-04-19-a\u0300-16.06.48.png 163w, http:\/\/www.hydroservice.fr\/wp-content\/uploads\/Capture-d\u2019e\u0301cran-2019-04-19-a\u0300-16.06.48-100x78.png 100w\" sizes=\"(max-width: 163px) 100vw, 163px\" \/>\n\t\t\t<\/div><\/figure><figure class='gallery-item'>\n\t\t\t<div class='gallery-icon landscape'>\n\t\t\t\t<img loading=\"lazy\" decoding=\"async\" width=\"166\" height=\"151\" src=\"http:\/\/www.hydroservice.fr\/wp-content\/uploads\/Capture-d\u2019e\u0301cran-2019-04-19-a\u0300-16.05.34.png\" class=\"attachment-full size-full\" alt=\"\" srcset=\"http:\/\/www.hydroservice.fr\/wp-content\/uploads\/Capture-d\u2019e\u0301cran-2019-04-19-a\u0300-16.05.34.png 166w, http:\/\/www.hydroservice.fr\/wp-content\/uploads\/Capture-d\u2019e\u0301cran-2019-04-19-a\u0300-16.05.34-100x91.png 100w\" sizes=\"(max-width: 166px) 100vw, 166px\" \/>\n\t\t\t<\/div><\/figure><figure class='gallery-item'>\n\t\t\t<div class='gallery-icon landscape'>\n\t\t\t\t<img loading=\"lazy\" decoding=\"async\" width=\"163\" height=\"163\" src=\"http:\/\/www.hydroservice.fr\/wp-content\/uploads\/Rexroth-A10VSO-e1560430239862.jpeg\" class=\"attachment-full size-full\" alt=\"\" \/>\n\t\t\t<\/div><\/figure>\n\t\t<\/div>\n\n<p>Informations additionnelles:<\/p>\n<ul>\n<li>Site web:\u00a0<a href=\"https:\/\/www.boschrexroth.com\/fr\/fr\">https:\/\/www.boschrexroth.com<\/a><\/li>\n<\/ul>\n<p>Documentation:<\/p>\n<ul>\n<li><a href=\"http:\/\/www.hydroservice.fr\/wp-content\/uploads\/2017-10-FlyerCytroPac_6.pdf\">Cytropac: Centrale plug and play<\/a><\/li>\n<li><a href=\"http:\/\/www.hydroservice.fr\/wp-content\/uploads\/rf08059_2016-10.pdf\">Pompes industrielles<\/a><\/li>\n<li><a href=\"http:\/\/www.hydroservice.fr\/wp-content\/uploads\/2016-07-FlyerVerins_6.pdf\">V\u00e9rins<\/a><\/li>\n<li><a href=\"http:\/\/www.hydroservice.fr\/wp-content\/uploads\/rf08050_2017-11.pdf\">Valves tout ou rien<\/a><\/li>\n<\/ul>\n","protected":false},"excerpt":{"rendered":"<p>REXROTH, WE MOVE YOU WIN. Bosch Rexroth est un fabricant industriel de composants et de syst\u00e8mes pour les techniques \u00e9lectriques, hydrauliques industrielles, hydrauliques mobiles, m\u00e9caniques, filiale de la multinationale allemande Robert Bosch. L&rsquo;entreprise d\u00e9veloppe, produit et commercialise des composants et [&hellip;]<\/p>\n","protected":false},"author":1,"featured_media":0,"parent":1529,"menu_order":0,"comment_status":"closed","ping_status":"closed","template":"page-templates\/page_fullwidth.php","meta":{"footnotes":""},"_links":{"self":[{"href":"http:\/\/www.hydroservice.fr\/index.php?rest_route=\/wp\/v2\/pages\/1393"}],"collection":[{"href":"http:\/\/www.hydroservice.fr\/index.php?rest_route=\/wp\/v2\/pages"}],"about":[{"href":"http:\/\/www.hydroservice.fr\/index.php?rest_route=\/wp\/v2\/types\/page"}],"author":[{"embeddable":true,"href":"http:\/\/www.hydroservice.fr\/index.php?rest_route=\/wp\/v2\/users\/1"}],"replies":[{"embeddable":true,"href":"http:\/\/www.hydroservice.fr\/index.php?rest_route=%2Fwp%2Fv2%2Fcomments&post=1393"}],"version-history":[{"count":0,"href":"http:\/\/www.hydroservice.fr\/index.php?rest_route=\/wp\/v2\/pages\/1393\/revisions"}],"up":[{"embeddable":true,"href":"http:\/\/www.hydroservice.fr\/index.php?rest_route=\/wp\/v2\/pages\/1529"}],"wp:attachment":[{"href":"http:\/\/www.hydroservice.fr\/index.php?rest_route=%2Fwp%2Fv2%2Fmedia&parent=1393"}],"curies":[{"name":"wp","href":"https:\/\/api.w.org\/{rel}","templated":true}]}}