{"id":1364,"date":"2020-02-24T22:30:24","date_gmt":"2020-02-24T21:30:24","guid":{"rendered":"http:\/\/www.hydroservice.fr\/?page_id=1364"},"modified":"2020-02-27T18:23:22","modified_gmt":"2020-02-27T17:23:22","slug":"schmalz-prehension-par-le-vide","status":"publish","type":"page","link":"http:\/\/www.hydroservice.fr\/?page_id=1364","title":{"rendered":"SCHMALZ &#8211; Pr\u00e9hension par le vide"},"content":{"rendered":"<p><img loading=\"lazy\" decoding=\"async\" class=\"aligncenter wp-image-552 size-medium\" src=\"http:\/\/www.hydroservice.fr\/wp-content\/uploads\/Schmalz-300x129.png\" width=\"300\" height=\"129\" \/><\/p>\n<p style=\"text-align: center;\"><strong>SCHMALZ<\/strong>, Leader mondial de la <strong>technologie du vide.<\/strong><\/p>\n<p>SCHMALZ en quelques chiffres c&rsquo;est :<\/p>\n<ul>\n<li><strong>450<\/strong> brevets d\u00e9pos\u00e9s<\/li>\n<li><strong>19 filiales<\/strong> \u00e0 travers le monde<\/li>\n<li>Plus de <strong>6.000<\/strong> composants au catalogue<\/li>\n<li><strong>8,5 %<\/strong> du chiffre d\u2019affaires consacr\u00e9 \u00e0 la <strong>R&amp;D<\/strong> chaque ann\u00e9e<\/li>\n<\/ul>\n<p>Une vision orient\u00e9e client, des innovations avant-gardistes, une qualit\u00e9 de fabrication exceptionnelle ainsi qu\u2019un service apr\u00e8s-vente efficace font de <strong>Schmalz le leader mondial sur le march\u00e9 de l&rsquo;automatisation par le vide<\/strong>.<\/p>\n<p>La diversit\u00e9 d&rsquo;application des produits et services Schmalz exige un savoir-faire pointu et une grande flexibilit\u00e9 : voil\u00e0 deux atouts majeurs de Schmalz.<\/p>\n<p>Schmalz offre \u00e0 ses clients des solutions extr\u00eamement efficientes r\u00e9pondant aux sp\u00e9cificit\u00e9s de leurs besoins. Le sp\u00e9cialiste du vide est reconnu partout dans le monde pour son expertise et ses conseils \u00e0 l&rsquo;\u00e9coute des exigences de ses clients.<\/p>\n<p><strong>HSC<\/strong> distribue principalement la gamme li\u00e9e \u00e0 la pr\u00e9hension avec diff\u00e9rents type de <strong>ventouses<\/strong>, <strong>d&rsquo;\u00e9jecteurs<\/strong> et de <strong>venturi<\/strong>.<\/p>\n<p>Quelques exemples de produits:<\/p>\n<ul>\n<li>FG: <strong>Ventouse \u00e0 soufflets<\/strong> (ronde) pour les pi\u00e8ces particuli\u00e8rement in\u00e9gales.<\/li>\n<li>SGP: <strong>Ventouse plate<\/strong> (ronde) sp\u00e9ciale pour une pr\u00e9hension d\u00e9licate de papier, de feuilles.<\/li>\n<li>FSTE-HD: <strong>Tige \u00e9lastique<\/strong> avec amortissement et compensation de hauteur, Heavy-Duty<\/li>\n<li>SNG-V: <strong>Pr\u00e9henseurs \u00e0 aiguilles<\/strong><\/li>\n<li>SLP: <strong>Ejecteurs<\/strong> en ligne<\/li>\n<\/ul>\n<div id='gallery-1' class='gallery galleryid-1364 gallery-columns-5 gallery-size-medium'><figure class='gallery-item'>\n\t\t\t<div class='gallery-icon landscape'>\n\t\t\t\t<img loading=\"lazy\" decoding=\"async\" width=\"300\" height=\"193\" src=\"http:\/\/www.hydroservice.fr\/wp-content\/uploads\/SCHMALZ-FG-300x193.png\" class=\"attachment-medium size-medium\" alt=\"\" aria-describedby=\"gallery-1-1387\" srcset=\"http:\/\/www.hydroservice.fr\/wp-content\/uploads\/SCHMALZ-FG-300x193.png 300w, http:\/\/www.hydroservice.fr\/wp-content\/uploads\/SCHMALZ-FG-520x335.png 520w, http:\/\/www.hydroservice.fr\/wp-content\/uploads\/SCHMALZ-FG-360x232.png 360w, http:\/\/www.hydroservice.fr\/wp-content\/uploads\/SCHMALZ-FG-250x161.png 250w, http:\/\/www.hydroservice.fr\/wp-content\/uploads\/SCHMALZ-FG-100x64.png 100w, http:\/\/www.hydroservice.fr\/wp-content\/uploads\/SCHMALZ-FG.png 582w\" sizes=\"(max-width: 300px) 100vw, 300px\" \/>\n\t\t\t<\/div>\n\t\t\t\t<figcaption class='wp-caption-text gallery-caption' id='gallery-1-1387'>\n\t\t\t\tVentouse \u00e0 soufflets\n\t\t\t\t<\/figcaption><\/figure><figure class='gallery-item'>\n\t\t\t<div class='gallery-icon landscape'>\n\t\t\t\t<img loading=\"lazy\" decoding=\"async\" width=\"300\" height=\"175\" src=\"http:\/\/www.hydroservice.fr\/wp-content\/uploads\/SCHMALZ-SGP-300x175.png\" class=\"attachment-medium size-medium\" alt=\"\" aria-describedby=\"gallery-1-1388\" srcset=\"http:\/\/www.hydroservice.fr\/wp-content\/uploads\/SCHMALZ-SGP-300x175.png 300w, http:\/\/www.hydroservice.fr\/wp-content\/uploads\/SCHMALZ-SGP-520x304.png 520w, http:\/\/www.hydroservice.fr\/wp-content\/uploads\/SCHMALZ-SGP-360x210.png 360w, http:\/\/www.hydroservice.fr\/wp-content\/uploads\/SCHMALZ-SGP-250x146.png 250w, http:\/\/www.hydroservice.fr\/wp-content\/uploads\/SCHMALZ-SGP-100x58.png 100w, http:\/\/www.hydroservice.fr\/wp-content\/uploads\/SCHMALZ-SGP.png 568w\" sizes=\"(max-width: 300px) 100vw, 300px\" \/>\n\t\t\t<\/div>\n\t\t\t\t<figcaption class='wp-caption-text gallery-caption' id='gallery-1-1388'>\n\t\t\t\tVentouse plate\n\t\t\t\t<\/figcaption><\/figure><figure class='gallery-item'>\n\t\t\t<div class='gallery-icon landscape'>\n\t\t\t\t<img loading=\"lazy\" decoding=\"async\" width=\"300\" height=\"214\" src=\"http:\/\/www.hydroservice.fr\/wp-content\/uploads\/SCHMALZ-FSTE-HD-300x214.png\" class=\"attachment-medium size-medium\" alt=\"\" aria-describedby=\"gallery-1-1389\" srcset=\"http:\/\/www.hydroservice.fr\/wp-content\/uploads\/SCHMALZ-FSTE-HD-300x214.png 300w, http:\/\/www.hydroservice.fr\/wp-content\/uploads\/SCHMALZ-FSTE-HD-360x257.png 360w, http:\/\/www.hydroservice.fr\/wp-content\/uploads\/SCHMALZ-FSTE-HD-250x178.png 250w, http:\/\/www.hydroservice.fr\/wp-content\/uploads\/SCHMALZ-FSTE-HD-100x71.png 100w, http:\/\/www.hydroservice.fr\/wp-content\/uploads\/SCHMALZ-FSTE-HD.png 510w\" sizes=\"(max-width: 300px) 100vw, 300px\" \/>\n\t\t\t<\/div>\n\t\t\t\t<figcaption class='wp-caption-text gallery-caption' id='gallery-1-1389'>\n\t\t\t\tTige \u00e9lastique avec amortissement &#8211; FTSE-HD\n\t\t\t\t<\/figcaption><\/figure><figure class='gallery-item'>\n\t\t\t<div class='gallery-icon landscape'>\n\t\t\t\t<img loading=\"lazy\" decoding=\"async\" width=\"300\" height=\"185\" src=\"http:\/\/www.hydroservice.fr\/wp-content\/uploads\/SCHMALZ-SNG-V-300x185.png\" class=\"attachment-medium size-medium\" alt=\"\" aria-describedby=\"gallery-1-1390\" srcset=\"http:\/\/www.hydroservice.fr\/wp-content\/uploads\/SCHMALZ-SNG-V-300x185.png 300w, http:\/\/www.hydroservice.fr\/wp-content\/uploads\/SCHMALZ-SNG-V-520x320.png 520w, http:\/\/www.hydroservice.fr\/wp-content\/uploads\/SCHMALZ-SNG-V-360x222.png 360w, http:\/\/www.hydroservice.fr\/wp-content\/uploads\/SCHMALZ-SNG-V-500x310.png 500w, http:\/\/www.hydroservice.fr\/wp-content\/uploads\/SCHMALZ-SNG-V-250x154.png 250w, http:\/\/www.hydroservice.fr\/wp-content\/uploads\/SCHMALZ-SNG-V-100x62.png 100w, http:\/\/www.hydroservice.fr\/wp-content\/uploads\/SCHMALZ-SNG-V.png 521w\" sizes=\"(max-width: 300px) 100vw, 300px\" \/>\n\t\t\t<\/div>\n\t\t\t\t<figcaption class='wp-caption-text gallery-caption' id='gallery-1-1390'>\n\t\t\t\tPr\u00e9henseur \u00e0 Aiguilles &#8211; SNG-V\n\t\t\t\t<\/figcaption><\/figure><figure class='gallery-item'>\n\t\t\t<div class='gallery-icon landscape'>\n\t\t\t\t<img loading=\"lazy\" decoding=\"async\" width=\"300\" height=\"244\" src=\"http:\/\/www.hydroservice.fr\/wp-content\/uploads\/SCHMALZ-SLP-300x244.png\" class=\"attachment-medium size-medium\" alt=\"\" aria-describedby=\"gallery-1-1391\" srcset=\"http:\/\/www.hydroservice.fr\/wp-content\/uploads\/SCHMALZ-SLP-300x244.png 300w, http:\/\/www.hydroservice.fr\/wp-content\/uploads\/SCHMALZ-SLP-360x293.png 360w, http:\/\/www.hydroservice.fr\/wp-content\/uploads\/SCHMALZ-SLP-250x204.png 250w, http:\/\/www.hydroservice.fr\/wp-content\/uploads\/SCHMALZ-SLP-100x81.png 100w, http:\/\/www.hydroservice.fr\/wp-content\/uploads\/SCHMALZ-SLP.png 453w\" sizes=\"(max-width: 300px) 100vw, 300px\" \/>\n\t\t\t<\/div>\n\t\t\t\t<figcaption class='wp-caption-text gallery-caption' id='gallery-1-1391'>\n\t\t\t\tEjecteur en ligne &#8211; SLP\n\t\t\t\t<\/figcaption><\/figure>\n\t\t<\/div>\n\n<p>Informations additionnelles:<\/p>\n<ul>\n<li>Site web:\u00a0<a href=\"https:\/\/www.schmalz.com\/fr\">https:\/\/www.schmalz.com\/fr<\/a><\/li>\n<li><a href=\"https:\/\/www.schmalz.com\/fr\/services\/documentations\/catalogues-et-brochures\/\">Documentation SCHMALZ\u00a0<\/a><\/li>\n<\/ul>\n<p>Documentations:<\/p>\n<ul>\n<li><a href=\"http:\/\/www.hydroservice.fr\/wp-content\/uploads\/VA-CO-Aperc%CC%A7u-de-la-gamme.pdf\">Aper\u00e7u de la gamme<\/a><\/li>\n<li><a href=\"http:\/\/www.hydroservice.fr\/wp-content\/uploads\/Flyer-VEE-Pr%C3%A9henseur-modulaire.pdf\">VEE: Pr\u00e9henseur modulaire<\/a><\/li>\n<li><a href=\"http:\/\/www.hydroservice.fr\/wp-content\/uploads\/Flyer-SCPSi-Ejecteur-Compact.pdf\">SCPSi: Ejecteur compact<\/a><\/li>\n<li><a href=\"http:\/\/www.hydroservice.fr\/wp-content\/uploads\/Documentation-SEP.pdf\">SEP: Ejecteur<\/a><\/li>\n<li>Ventouses pour le conditionnement:\u00a0<a href=\"http:\/\/www.hydroservice.fr\/wp-content\/uploads\/Documentation-SPB1-Packaging.pdf\">SPB1 (1,5 soufflets)<\/a>\u00a0\u2013\u00a0<a href=\"http:\/\/www.hydroservice.fr\/wp-content\/uploads\/Documentation-SPB4-Packaging.pdf\">SPB4 (4,5 soufflets)<\/a><\/li>\n<\/ul>\n","protected":false},"excerpt":{"rendered":"<p>SCHMALZ, Leader mondial de la technologie du vide. SCHMALZ en quelques chiffres c&rsquo;est : 450 brevets d\u00e9pos\u00e9s 19 filiales \u00e0 travers le monde Plus de 6.000 composants au catalogue 8,5 % du chiffre d\u2019affaires consacr\u00e9 \u00e0 la R&amp;D chaque ann\u00e9e [&hellip;]<\/p>\n","protected":false},"author":1,"featured_media":0,"parent":1529,"menu_order":0,"comment_status":"closed","ping_status":"closed","template":"page-templates\/page_fullwidth.php","meta":{"footnotes":""},"_links":{"self":[{"href":"http:\/\/www.hydroservice.fr\/index.php?rest_route=\/wp\/v2\/pages\/1364"}],"collection":[{"href":"http:\/\/www.hydroservice.fr\/index.php?rest_route=\/wp\/v2\/pages"}],"about":[{"href":"http:\/\/www.hydroservice.fr\/index.php?rest_route=\/wp\/v2\/types\/page"}],"author":[{"embeddable":true,"href":"http:\/\/www.hydroservice.fr\/index.php?rest_route=\/wp\/v2\/users\/1"}],"replies":[{"embeddable":true,"href":"http:\/\/www.hydroservice.fr\/index.php?rest_route=%2Fwp%2Fv2%2Fcomments&post=1364"}],"version-history":[{"count":0,"href":"http:\/\/www.hydroservice.fr\/index.php?rest_route=\/wp\/v2\/pages\/1364\/revisions"}],"up":[{"embeddable":true,"href":"http:\/\/www.hydroservice.fr\/index.php?rest_route=\/wp\/v2\/pages\/1529"}],"wp:attachment":[{"href":"http:\/\/www.hydroservice.fr\/index.php?rest_route=%2Fwp%2Fv2%2Fmedia&parent=1364"}],"curies":[{"name":"wp","href":"https:\/\/api.w.org\/{rel}","templated":true}]}}